{"id":147,"date":"2019-07-31T17:48:13","date_gmt":"2019-07-31T21:48:13","guid":{"rendered":"http:\/\/unifa.edu.ht\/index\/?page_id=147"},"modified":"2023-06-19T11:19:37","modified_gmt":"2023-06-19T15:19:37","slug":"admission","status":"publish","type":"page","link":"https:\/\/unifa-edu.info\/contenu\/unifa\/admission\/","title":{"rendered":"Admission \u00e0 l\u2019UNIFA"},"content":{"rendered":"<div style=\"text-align: justify;\"><img fetchpriority=\"high\" decoding=\"async\" class=\"size-medium wp-image-19259 alignleft\" src=\"https:\/\/unifa-edu.info\/contenu\/wp-content\/uploads\/2023\/06\/unifa-admission-300x200.jpg\" alt=\"\" width=\"300\" height=\"200\" srcset=\"https:\/\/unifa-edu.info\/contenu\/wp-content\/uploads\/2023\/06\/unifa-admission-300x200.jpg 300w, https:\/\/unifa-edu.info\/contenu\/wp-content\/uploads\/2023\/06\/unifa-admission-75x50.jpg 75w, https:\/\/unifa-edu.info\/contenu\/wp-content\/uploads\/2023\/06\/unifa-admission.jpg 600w\" sizes=\"(max-width: 300px) 100vw, 300px\" \/>L\u2019admission en premi\u00e8re ann\u00e9e \u00e0 l\u2019UNIFA se fait sur concours durant lequel le candidat ou la candidate devra d\u00e9montrer les aptitudes requises pour suivre les cours et \u00e9ventuellement r\u00e9ussir. Ce concours se tient chaque ann\u00e9e durant l\u2019\u00e9t\u00e9 et est ouvert \u00e0 ceux et celles qui d\u00e9tiennent un dipl\u00f4me de fin d\u2019\u00e9tudes secondaires, 2\u00e8me partie. Au cas o\u00f9 les r\u00e9sultats officiels n\u2019auraient pas \u00e9t\u00e9 rendus publics au moment des inscriptions, ces derniers peuvent s\u2019inscrire sur r\u00e9serve et sur simple pr\u00e9sentation de leur fiche d\u2019examens (Bac 2\u00e8me partie).<!--more--><\/div>\n<h3>Inscriptions:<\/h3>\n<div style=\"text-align: justify;\">Les candidats, \u00e2g\u00e9s de 25 ans ou moins, peuvent s\u2019inscrire \u00e0 la facult\u00e9, ou \u00e9cole de son choix durant la p\u00e9riode d\u00e9di\u00e9e \u00e0 cet effet et sur\u00a0pr\u00e9sentation des pi\u00e8ces suivantes :<\/div>\n<ol>\n<li>Quatre ((4) photos d\u2019identit\u00e9 r\u00e9centes et identiques,<\/li>\n<li>Les relev\u00e9s de notes Bac I, Bac II (copie et original pour certification),*<\/li>\n<li>Photocopie de l\u2019acte de naissance et un extrait des archives,<\/li>\n<li>Une pi\u00e8ce d\u2019identit\u00e9 ou \u00e0 d\u00e9faut, une photocopie.<\/li>\n<\/ol>\n<div style=\"text-align: justify;\">Les candidats dont le dossier a \u00e9t\u00e9 accept\u00e9 et qui auront pay\u00e9 \u00a0les frais d\u2019inscriptions (non remboursables)\u00a0seront invit\u00e9s \u00e0 passer les examens d\u2019admission.<\/div>\n<h3>Examens d\u2019admission:<\/h3>\n<div style=\"text-align: justify;\">\n<p>Les candidats doivent \u00eatre pr\u00e9sents dans la salle d\u2019examen avant le d\u00e9but des \u00e9preuves, et tout retardataire sera exclus. Une fois d\u00e9but\u00e9es ces \u00e9preuves, toute sortie est interdite sauf pour raisons m\u00e9dicales ou de cas de force majeure. \u00c9galement interdit, l\u2019usage des t\u00e9l\u00e9phones portables qui doivent d\u2019ailleurs \u00eatre \u00e9teints pendant toute la dur\u00e9e des examens.<\/p>\n<p>Les candidats doivent \u00eatre uniquement munis des documents requis et du mat\u00e9riel ou outil n\u00e9cessaire pour subir les \u00e9preuves. L\u201dusage de tout autre document est interdit. Toute\u00a0fraude ou tentative de fraude constat\u00e9e par un surveillant entra\u00eene l\u2019exclusion imm\u00e9diate et d\u00e9finitive du candidat.<\/p>\n<\/div>\n<h3>Les R\u00e9sultats:<\/h3>\n<div style=\"text-align: justify;\">\u00c0 l\u2019issue de ces \u00e9preuves, sur la base uniquement des r\u00e9sultats aux examens, l\u2019administration de l\u2019UNIFA dressera la liste des candidats et candidates admis en 1\u00e8re ann\u00e9e. Cette liste sera publi\u00e9e \u00e0 une date pr\u00e9alablement annonc\u00e9e.<\/div>\n","protected":false},"excerpt":{"rendered":"<p>L\u2019admission en premi\u00e8re ann\u00e9e \u00e0 l\u2019UNIFA se fait sur concours durant lequel le candidat ou la candidate devra d\u00e9montrer les aptitudes requises pour suivre les cours et \u00e9ventuellement r\u00e9ussir. Ce concours se tient chaque ann\u00e9e durant l\u2019\u00e9t\u00e9 et est ouvert \u00e0 ceux et celles qui d\u00e9tiennent un dipl\u00f4me de fin d\u2019\u00e9tudes secondaires, 2\u00e8me partie. Au lire &hellip; <a href=\"https:\/\/unifa-edu.info\/contenu\/unifa\/admission\/\">Continue reading <span class=\"meta-nav\">&rarr;<\/span><\/a><\/p>\n","protected":false},"author":3831,"featured_media":0,"parent":2,"menu_order":4,"comment_status":"closed","ping_status":"closed","template":"","meta":{"footnotes":""},"class_list":["post-147","page","type-page","status-publish","hentry"],"yoast_head":"<!-- This site is optimized with the Yoast SEO plugin v27.5 - https:\/\/yoast.com\/product\/yoast-seo-wordpress\/ -->\n<title>Admission \u00e0 l\u2019UNIFA - Universit\u00e9 de la Fondation Dr Aristide<\/title>\n<meta name=\"robots\" content=\"index, follow, max-snippet:-1, max-image-preview:large, max-video-preview:-1\" \/>\n<link rel=\"canonical\" href=\"https:\/\/unifa-edu.info\/contenu\/unifa\/admission\/\" \/>\n<meta property=\"og:locale\" content=\"fr_FR\" \/>\n<meta property=\"og:type\" content=\"article\" \/>\n<meta property=\"og:title\" content=\"Admission \u00e0 l\u2019UNIFA - Universit\u00e9 de la Fondation Dr Aristide\" \/>\n<meta property=\"og:description\" content=\"L\u2019admission en premi\u00e8re ann\u00e9e \u00e0 l\u2019UNIFA se fait sur concours durant lequel le candidat ou la candidate devra d\u00e9montrer les aptitudes requises pour suivre les cours et \u00e9ventuellement r\u00e9ussir. Ce concours se tient chaque ann\u00e9e durant l\u2019\u00e9t\u00e9 et est ouvert \u00e0 ceux et celles qui d\u00e9tiennent un dipl\u00f4me de fin d\u2019\u00e9tudes secondaires, 2\u00e8me partie. Au lire &hellip; Continue reading &rarr;\" \/>\n<meta property=\"og:url\" content=\"https:\/\/unifa-edu.info\/contenu\/unifa\/admission\/\" \/>\n<meta property=\"og:site_name\" content=\"Universit\u00e9 de la Fondation Dr Aristide\" \/>\n<meta property=\"article:modified_time\" content=\"2023-06-19T15:19:37+00:00\" \/>\n<meta property=\"og:image\" content=\"https:\/\/unifa-edu.info\/contenu\/wp-content\/uploads\/2023\/06\/unifa-admission-300x200.jpg\" \/>\n<meta name=\"twitter:card\" content=\"summary_large_image\" \/>\n<meta name=\"twitter:label1\" content=\"Dur\u00e9e de lecture estim\u00e9e\" \/>\n\t<meta name=\"twitter:data1\" content=\"2 minutes\" \/>\n<script type=\"application\/ld+json\" class=\"yoast-schema-graph\">{\"@context\":\"https:\\\/\\\/schema.org\",\"@graph\":[{\"@type\":\"WebPage\",\"@id\":\"https:\\\/\\\/unifa-edu.info\\\/contenu\\\/unifa\\\/admission\\\/\",\"url\":\"https:\\\/\\\/unifa-edu.info\\\/contenu\\\/unifa\\\/admission\\\/\",\"name\":\"Admission \u00e0 l\u2019UNIFA - Universit\u00e9 de la Fondation Dr Aristide\",\"isPartOf\":{\"@id\":\"https:\\\/\\\/unifa-edu.info\\\/contenu\\\/#website\"},\"primaryImageOfPage\":{\"@id\":\"https:\\\/\\\/unifa-edu.info\\\/contenu\\\/unifa\\\/admission\\\/#primaryimage\"},\"image\":{\"@id\":\"https:\\\/\\\/unifa-edu.info\\\/contenu\\\/unifa\\\/admission\\\/#primaryimage\"},\"thumbnailUrl\":\"https:\\\/\\\/unifa-edu.info\\\/contenu\\\/wp-content\\\/uploads\\\/2023\\\/06\\\/unifa-admission-300x200.jpg\",\"datePublished\":\"2019-07-31T21:48:13+00:00\",\"dateModified\":\"2023-06-19T15:19:37+00:00\",\"breadcrumb\":{\"@id\":\"https:\\\/\\\/unifa-edu.info\\\/contenu\\\/unifa\\\/admission\\\/#breadcrumb\"},\"inLanguage\":\"fr-FR\",\"potentialAction\":[{\"@type\":\"ReadAction\",\"target\":[\"https:\\\/\\\/unifa-edu.info\\\/contenu\\\/unifa\\\/admission\\\/\"]}]},{\"@type\":\"ImageObject\",\"inLanguage\":\"fr-FR\",\"@id\":\"https:\\\/\\\/unifa-edu.info\\\/contenu\\\/unifa\\\/admission\\\/#primaryimage\",\"url\":\"https:\\\/\\\/unifa-edu.info\\\/contenu\\\/wp-content\\\/uploads\\\/2023\\\/06\\\/unifa-admission.jpg\",\"contentUrl\":\"https:\\\/\\\/unifa-edu.info\\\/contenu\\\/wp-content\\\/uploads\\\/2023\\\/06\\\/unifa-admission.jpg\",\"width\":600,\"height\":400},{\"@type\":\"BreadcrumbList\",\"@id\":\"https:\\\/\\\/unifa-edu.info\\\/contenu\\\/unifa\\\/admission\\\/#breadcrumb\",\"itemListElement\":[{\"@type\":\"ListItem\",\"position\":1,\"name\":\"Accueil\",\"item\":\"https:\\\/\\\/unifa-edu.info\\\/contenu\\\/\"},{\"@type\":\"ListItem\",\"position\":2,\"name\":\"L&rsquo;UNIFA\",\"item\":\"https:\\\/\\\/unifa-edu.info\\\/contenu\\\/unifa\\\/\"},{\"@type\":\"ListItem\",\"position\":3,\"name\":\"Admission \u00e0 l\u2019UNIFA\"}]},{\"@type\":\"WebSite\",\"@id\":\"https:\\\/\\\/unifa-edu.info\\\/contenu\\\/#website\",\"url\":\"https:\\\/\\\/unifa-edu.info\\\/contenu\\\/\",\"name\":\"Universit\u00e9 de la Fondation Dr Aristide\",\"description\":\"\",\"potentialAction\":[{\"@type\":\"SearchAction\",\"target\":{\"@type\":\"EntryPoint\",\"urlTemplate\":\"https:\\\/\\\/unifa-edu.info\\\/contenu\\\/?s={search_term_string}\"},\"query-input\":{\"@type\":\"PropertyValueSpecification\",\"valueRequired\":true,\"valueName\":\"search_term_string\"}}],\"inLanguage\":\"fr-FR\"}]}<\/script>\n<!-- \/ Yoast SEO plugin. -->","yoast_head_json":{"title":"Admission \u00e0 l\u2019UNIFA - Universit\u00e9 de la Fondation Dr Aristide","robots":{"index":"index","follow":"follow","max-snippet":"max-snippet:-1","max-image-preview":"max-image-preview:large","max-video-preview":"max-video-preview:-1"},"canonical":"https:\/\/unifa-edu.info\/contenu\/unifa\/admission\/","og_locale":"fr_FR","og_type":"article","og_title":"Admission \u00e0 l\u2019UNIFA - Universit\u00e9 de la Fondation Dr Aristide","og_description":"L\u2019admission en premi\u00e8re ann\u00e9e \u00e0 l\u2019UNIFA se fait sur concours durant lequel le candidat ou la candidate devra d\u00e9montrer les aptitudes requises pour suivre les cours et \u00e9ventuellement r\u00e9ussir. Ce concours se tient chaque ann\u00e9e durant l\u2019\u00e9t\u00e9 et est ouvert \u00e0 ceux et celles qui d\u00e9tiennent un dipl\u00f4me de fin d\u2019\u00e9tudes secondaires, 2\u00e8me partie. Au lire &hellip; Continue reading &rarr;","og_url":"https:\/\/unifa-edu.info\/contenu\/unifa\/admission\/","og_site_name":"Universit\u00e9 de la Fondation Dr Aristide","article_modified_time":"2023-06-19T15:19:37+00:00","og_image":[{"url":"https:\/\/unifa-edu.info\/contenu\/wp-content\/uploads\/2023\/06\/unifa-admission-300x200.jpg","type":"","width":"","height":""}],"twitter_card":"summary_large_image","twitter_misc":{"Dur\u00e9e de lecture estim\u00e9e":"2 minutes"},"schema":{"@context":"https:\/\/schema.org","@graph":[{"@type":"WebPage","@id":"https:\/\/unifa-edu.info\/contenu\/unifa\/admission\/","url":"https:\/\/unifa-edu.info\/contenu\/unifa\/admission\/","name":"Admission \u00e0 l\u2019UNIFA - Universit\u00e9 de la Fondation Dr Aristide","isPartOf":{"@id":"https:\/\/unifa-edu.info\/contenu\/#website"},"primaryImageOfPage":{"@id":"https:\/\/unifa-edu.info\/contenu\/unifa\/admission\/#primaryimage"},"image":{"@id":"https:\/\/unifa-edu.info\/contenu\/unifa\/admission\/#primaryimage"},"thumbnailUrl":"https:\/\/unifa-edu.info\/contenu\/wp-content\/uploads\/2023\/06\/unifa-admission-300x200.jpg","datePublished":"2019-07-31T21:48:13+00:00","dateModified":"2023-06-19T15:19:37+00:00","breadcrumb":{"@id":"https:\/\/unifa-edu.info\/contenu\/unifa\/admission\/#breadcrumb"},"inLanguage":"fr-FR","potentialAction":[{"@type":"ReadAction","target":["https:\/\/unifa-edu.info\/contenu\/unifa\/admission\/"]}]},{"@type":"ImageObject","inLanguage":"fr-FR","@id":"https:\/\/unifa-edu.info\/contenu\/unifa\/admission\/#primaryimage","url":"https:\/\/unifa-edu.info\/contenu\/wp-content\/uploads\/2023\/06\/unifa-admission.jpg","contentUrl":"https:\/\/unifa-edu.info\/contenu\/wp-content\/uploads\/2023\/06\/unifa-admission.jpg","width":600,"height":400},{"@type":"BreadcrumbList","@id":"https:\/\/unifa-edu.info\/contenu\/unifa\/admission\/#breadcrumb","itemListElement":[{"@type":"ListItem","position":1,"name":"Accueil","item":"https:\/\/unifa-edu.info\/contenu\/"},{"@type":"ListItem","position":2,"name":"L&rsquo;UNIFA","item":"https:\/\/unifa-edu.info\/contenu\/unifa\/"},{"@type":"ListItem","position":3,"name":"Admission \u00e0 l\u2019UNIFA"}]},{"@type":"WebSite","@id":"https:\/\/unifa-edu.info\/contenu\/#website","url":"https:\/\/unifa-edu.info\/contenu\/","name":"Universit\u00e9 de la Fondation Dr Aristide","description":"","potentialAction":[{"@type":"SearchAction","target":{"@type":"EntryPoint","urlTemplate":"https:\/\/unifa-edu.info\/contenu\/?s={search_term_string}"},"query-input":{"@type":"PropertyValueSpecification","valueRequired":true,"valueName":"search_term_string"}}],"inLanguage":"fr-FR"}]}},"_links":{"self":[{"href":"https:\/\/unifa-edu.info\/contenu\/wp-json\/wp\/v2\/pages\/147","targetHints":{"allow":["GET"]}}],"collection":[{"href":"https:\/\/unifa-edu.info\/contenu\/wp-json\/wp\/v2\/pages"}],"about":[{"href":"https:\/\/unifa-edu.info\/contenu\/wp-json\/wp\/v2\/types\/page"}],"author":[{"embeddable":true,"href":"https:\/\/unifa-edu.info\/contenu\/wp-json\/wp\/v2\/users\/3831"}],"replies":[{"embeddable":true,"href":"https:\/\/unifa-edu.info\/contenu\/wp-json\/wp\/v2\/comments?post=147"}],"version-history":[{"count":12,"href":"https:\/\/unifa-edu.info\/contenu\/wp-json\/wp\/v2\/pages\/147\/revisions"}],"predecessor-version":[{"id":19258,"href":"https:\/\/unifa-edu.info\/contenu\/wp-json\/wp\/v2\/pages\/147\/revisions\/19258"}],"up":[{"embeddable":true,"href":"https:\/\/unifa-edu.info\/contenu\/wp-json\/wp\/v2\/pages\/2"}],"wp:attachment":[{"href":"https:\/\/unifa-edu.info\/contenu\/wp-json\/wp\/v2\/media?parent=147"}],"curies":[{"name":"wp","href":"https:\/\/api.w.org\/{rel}","templated":true}]}}