{"id":15528,"date":"2020-07-09T13:15:14","date_gmt":"2020-07-09T17:15:14","guid":{"rendered":"https:\/\/unifa-edu.info\/contenu\/?page_id=15528"},"modified":"2025-01-28T13:42:42","modified_gmt":"2025-01-28T18:42:42","slug":"formulaire-de-demande-dattestation-et-de-releve-de-notes","status":"publish","type":"page","link":"https:\/\/unifa-edu.info\/contenu\/mon-unifa\/portail-etudiant\/formulaire-de-demande-dattestation-et-de-releve-de-notes\/","title":{"rendered":"Formulaire de demande d&#8217;attestation et de relev\u00e9 de notes"},"content":{"rendered":"<p><img decoding=\"async\" class=\"wp-image-4313 aligncenter\" src=\"https:\/\/unifa-edu.info\/contenu\/wp-content\/uploads\/2020\/01\/unifa_logo-300x300.jpg\" alt=\"\" width=\"156\" height=\"156\" srcset=\"https:\/\/unifa-edu.info\/contenu\/wp-content\/uploads\/2020\/01\/unifa_logo-300x300.jpg 300w, https:\/\/unifa-edu.info\/contenu\/wp-content\/uploads\/2020\/01\/unifa_logo-150x150.jpg 150w, https:\/\/unifa-edu.info\/contenu\/wp-content\/uploads\/2020\/01\/unifa_logo.jpg 617w\" sizes=\"(max-width: 156px) 100vw, 156px\" \/><\/p>\n<h3 style=\"text-align: justify;\"><strong>Les demandes d\u2019attestion ou de relev\u00e9 de notes soumises via le portail Web de l\u2019UNIFA suivront les processus habituels.<\/strong><br \/>\n<strong>Veuillez remplir le formulaire ci-dessous et attendre d\u2019\u00eatre contact\u00e9 par votre D\u00e9canat.<\/strong><\/h3>\n<p>&nbsp;<\/p>\n<h3><strong>Informations obligatoires\u00a0<span style=\"color: #ff0000;\">*<\/span><\/strong><\/h3>\n","protected":false},"excerpt":{"rendered":"<p>Les demandes d\u2019attestion ou de relev\u00e9 de notes soumises via le portail Web de l\u2019UNIFA suivront les processus habituels. Veuillez remplir le formulaire ci-dessous et attendre d\u2019\u00eatre contact\u00e9 par votre D\u00e9canat. &nbsp; Informations obligatoires\u00a0*<\/p>\n","protected":false},"author":3831,"featured_media":0,"parent":815,"menu_order":0,"comment_status":"closed","ping_status":"closed","template":"","meta":{"footnotes":""},"class_list":["post-15528","page","type-page","status-publish","hentry"],"yoast_head":"<!-- This site is optimized with the Yoast SEO plugin v27.3 - https:\/\/yoast.com\/product\/yoast-seo-wordpress\/ -->\n<title>Formulaire de demande d&#039;attestation et de relev\u00e9 de notes - Universit\u00e9 de la Fondation Dr Aristide<\/title>\n<meta name=\"robots\" content=\"index, follow, max-snippet:-1, max-image-preview:large, max-video-preview:-1\" \/>\n<link rel=\"canonical\" href=\"https:\/\/unifa-edu.info\/contenu\/mon-unifa\/portail-etudiant\/formulaire-de-demande-dattestation-et-de-releve-de-notes\/\" \/>\n<meta property=\"og:locale\" content=\"fr_FR\" \/>\n<meta property=\"og:type\" content=\"article\" \/>\n<meta property=\"og:title\" content=\"Formulaire de demande d&#039;attestation et de relev\u00e9 de notes - Universit\u00e9 de la Fondation Dr Aristide\" \/>\n<meta property=\"og:description\" content=\"Les demandes d\u2019attestion ou de relev\u00e9 de notes soumises via le portail Web de l\u2019UNIFA suivront les processus habituels. Veuillez remplir le formulaire ci-dessous et attendre d\u2019\u00eatre contact\u00e9 par votre D\u00e9canat. &nbsp; Informations obligatoires\u00a0*\" \/>\n<meta property=\"og:url\" content=\"https:\/\/unifa-edu.info\/contenu\/mon-unifa\/portail-etudiant\/formulaire-de-demande-dattestation-et-de-releve-de-notes\/\" \/>\n<meta property=\"og:site_name\" content=\"Universit\u00e9 de la Fondation Dr Aristide\" \/>\n<meta property=\"article:modified_time\" content=\"2025-01-28T18:42:42+00:00\" \/>\n<meta property=\"og:image\" content=\"https:\/\/unifa-edu.info\/contenu\/wp-content\/uploads\/2020\/01\/unifa_logo.jpg\" \/>\n\t<meta property=\"og:image:width\" content=\"617\" \/>\n\t<meta property=\"og:image:height\" content=\"617\" \/>\n\t<meta property=\"og:image:type\" content=\"image\/jpeg\" \/>\n<meta name=\"twitter:card\" content=\"summary_large_image\" \/>\n<meta name=\"twitter:label1\" content=\"Dur\u00e9e de lecture estim\u00e9e\" \/>\n\t<meta name=\"twitter:data1\" content=\"1 minute\" \/>\n<script type=\"application\/ld+json\" class=\"yoast-schema-graph\">{\"@context\":\"https:\\\/\\\/schema.org\",\"@graph\":[{\"@type\":\"WebPage\",\"@id\":\"https:\\\/\\\/unifa-edu.info\\\/contenu\\\/mon-unifa\\\/portail-etudiant\\\/formulaire-de-demande-dattestation-et-de-releve-de-notes\\\/\",\"url\":\"https:\\\/\\\/unifa-edu.info\\\/contenu\\\/mon-unifa\\\/portail-etudiant\\\/formulaire-de-demande-dattestation-et-de-releve-de-notes\\\/\",\"name\":\"Formulaire de demande d'attestation et de relev\u00e9 de notes - Universit\u00e9 de la Fondation Dr Aristide\",\"isPartOf\":{\"@id\":\"https:\\\/\\\/unifa-edu.info\\\/contenu\\\/#website\"},\"primaryImageOfPage\":{\"@id\":\"https:\\\/\\\/unifa-edu.info\\\/contenu\\\/mon-unifa\\\/portail-etudiant\\\/formulaire-de-demande-dattestation-et-de-releve-de-notes\\\/#primaryimage\"},\"image\":{\"@id\":\"https:\\\/\\\/unifa-edu.info\\\/contenu\\\/mon-unifa\\\/portail-etudiant\\\/formulaire-de-demande-dattestation-et-de-releve-de-notes\\\/#primaryimage\"},\"thumbnailUrl\":\"https:\\\/\\\/unifa-edu.info\\\/contenu\\\/wp-content\\\/uploads\\\/2020\\\/01\\\/unifa_logo-300x300.jpg\",\"datePublished\":\"2020-07-09T17:15:14+00:00\",\"dateModified\":\"2025-01-28T18:42:42+00:00\",\"breadcrumb\":{\"@id\":\"https:\\\/\\\/unifa-edu.info\\\/contenu\\\/mon-unifa\\\/portail-etudiant\\\/formulaire-de-demande-dattestation-et-de-releve-de-notes\\\/#breadcrumb\"},\"inLanguage\":\"fr-FR\",\"potentialAction\":[{\"@type\":\"ReadAction\",\"target\":[\"https:\\\/\\\/unifa-edu.info\\\/contenu\\\/mon-unifa\\\/portail-etudiant\\\/formulaire-de-demande-dattestation-et-de-releve-de-notes\\\/\"]}]},{\"@type\":\"ImageObject\",\"inLanguage\":\"fr-FR\",\"@id\":\"https:\\\/\\\/unifa-edu.info\\\/contenu\\\/mon-unifa\\\/portail-etudiant\\\/formulaire-de-demande-dattestation-et-de-releve-de-notes\\\/#primaryimage\",\"url\":\"https:\\\/\\\/unifa-edu.info\\\/contenu\\\/wp-content\\\/uploads\\\/2020\\\/01\\\/unifa_logo.jpg\",\"contentUrl\":\"https:\\\/\\\/unifa-edu.info\\\/contenu\\\/wp-content\\\/uploads\\\/2020\\\/01\\\/unifa_logo.jpg\",\"width\":617,\"height\":617},{\"@type\":\"BreadcrumbList\",\"@id\":\"https:\\\/\\\/unifa-edu.info\\\/contenu\\\/mon-unifa\\\/portail-etudiant\\\/formulaire-de-demande-dattestation-et-de-releve-de-notes\\\/#breadcrumb\",\"itemListElement\":[{\"@type\":\"ListItem\",\"position\":1,\"name\":\"Accueil\",\"item\":\"https:\\\/\\\/unifa-edu.info\\\/contenu\\\/\"},{\"@type\":\"ListItem\",\"position\":2,\"name\":\"Mon UNIFA\",\"item\":\"https:\\\/\\\/unifa-edu.info\\\/contenu\\\/mon-unifa\\\/\"},{\"@type\":\"ListItem\",\"position\":3,\"name\":\"Portail \u00c9tudiant\",\"item\":\"https:\\\/\\\/unifa-edu.info\\\/contenu\\\/mon-unifa\\\/portail-etudiant\\\/\"},{\"@type\":\"ListItem\",\"position\":4,\"name\":\"Formulaire de demande d&#8217;attestation et de relev\u00e9 de notes\"}]},{\"@type\":\"WebSite\",\"@id\":\"https:\\\/\\\/unifa-edu.info\\\/contenu\\\/#website\",\"url\":\"https:\\\/\\\/unifa-edu.info\\\/contenu\\\/\",\"name\":\"Universit\u00e9 de la Fondation Dr Aristide\",\"description\":\"\",\"potentialAction\":[{\"@type\":\"SearchAction\",\"target\":{\"@type\":\"EntryPoint\",\"urlTemplate\":\"https:\\\/\\\/unifa-edu.info\\\/contenu\\\/?s={search_term_string}\"},\"query-input\":{\"@type\":\"PropertyValueSpecification\",\"valueRequired\":true,\"valueName\":\"search_term_string\"}}],\"inLanguage\":\"fr-FR\"}]}<\/script>\n<!-- \/ Yoast SEO plugin. -->","yoast_head_json":{"title":"Formulaire de demande d'attestation et de relev\u00e9 de notes - Universit\u00e9 de la Fondation Dr Aristide","robots":{"index":"index","follow":"follow","max-snippet":"max-snippet:-1","max-image-preview":"max-image-preview:large","max-video-preview":"max-video-preview:-1"},"canonical":"https:\/\/unifa-edu.info\/contenu\/mon-unifa\/portail-etudiant\/formulaire-de-demande-dattestation-et-de-releve-de-notes\/","og_locale":"fr_FR","og_type":"article","og_title":"Formulaire de demande d'attestation et de relev\u00e9 de notes - Universit\u00e9 de la Fondation Dr Aristide","og_description":"Les demandes d\u2019attestion ou de relev\u00e9 de notes soumises via le portail Web de l\u2019UNIFA suivront les processus habituels. Veuillez remplir le formulaire ci-dessous et attendre d\u2019\u00eatre contact\u00e9 par votre D\u00e9canat. &nbsp; Informations obligatoires\u00a0*","og_url":"https:\/\/unifa-edu.info\/contenu\/mon-unifa\/portail-etudiant\/formulaire-de-demande-dattestation-et-de-releve-de-notes\/","og_site_name":"Universit\u00e9 de la Fondation Dr Aristide","article_modified_time":"2025-01-28T18:42:42+00:00","og_image":[{"width":617,"height":617,"url":"https:\/\/unifa-edu.info\/contenu\/wp-content\/uploads\/2020\/01\/unifa_logo.jpg","type":"image\/jpeg"}],"twitter_card":"summary_large_image","twitter_misc":{"Dur\u00e9e de lecture estim\u00e9e":"1 minute"},"schema":{"@context":"https:\/\/schema.org","@graph":[{"@type":"WebPage","@id":"https:\/\/unifa-edu.info\/contenu\/mon-unifa\/portail-etudiant\/formulaire-de-demande-dattestation-et-de-releve-de-notes\/","url":"https:\/\/unifa-edu.info\/contenu\/mon-unifa\/portail-etudiant\/formulaire-de-demande-dattestation-et-de-releve-de-notes\/","name":"Formulaire de demande d'attestation et de relev\u00e9 de notes - Universit\u00e9 de la Fondation Dr Aristide","isPartOf":{"@id":"https:\/\/unifa-edu.info\/contenu\/#website"},"primaryImageOfPage":{"@id":"https:\/\/unifa-edu.info\/contenu\/mon-unifa\/portail-etudiant\/formulaire-de-demande-dattestation-et-de-releve-de-notes\/#primaryimage"},"image":{"@id":"https:\/\/unifa-edu.info\/contenu\/mon-unifa\/portail-etudiant\/formulaire-de-demande-dattestation-et-de-releve-de-notes\/#primaryimage"},"thumbnailUrl":"https:\/\/unifa-edu.info\/contenu\/wp-content\/uploads\/2020\/01\/unifa_logo-300x300.jpg","datePublished":"2020-07-09T17:15:14+00:00","dateModified":"2025-01-28T18:42:42+00:00","breadcrumb":{"@id":"https:\/\/unifa-edu.info\/contenu\/mon-unifa\/portail-etudiant\/formulaire-de-demande-dattestation-et-de-releve-de-notes\/#breadcrumb"},"inLanguage":"fr-FR","potentialAction":[{"@type":"ReadAction","target":["https:\/\/unifa-edu.info\/contenu\/mon-unifa\/portail-etudiant\/formulaire-de-demande-dattestation-et-de-releve-de-notes\/"]}]},{"@type":"ImageObject","inLanguage":"fr-FR","@id":"https:\/\/unifa-edu.info\/contenu\/mon-unifa\/portail-etudiant\/formulaire-de-demande-dattestation-et-de-releve-de-notes\/#primaryimage","url":"https:\/\/unifa-edu.info\/contenu\/wp-content\/uploads\/2020\/01\/unifa_logo.jpg","contentUrl":"https:\/\/unifa-edu.info\/contenu\/wp-content\/uploads\/2020\/01\/unifa_logo.jpg","width":617,"height":617},{"@type":"BreadcrumbList","@id":"https:\/\/unifa-edu.info\/contenu\/mon-unifa\/portail-etudiant\/formulaire-de-demande-dattestation-et-de-releve-de-notes\/#breadcrumb","itemListElement":[{"@type":"ListItem","position":1,"name":"Accueil","item":"https:\/\/unifa-edu.info\/contenu\/"},{"@type":"ListItem","position":2,"name":"Mon UNIFA","item":"https:\/\/unifa-edu.info\/contenu\/mon-unifa\/"},{"@type":"ListItem","position":3,"name":"Portail \u00c9tudiant","item":"https:\/\/unifa-edu.info\/contenu\/mon-unifa\/portail-etudiant\/"},{"@type":"ListItem","position":4,"name":"Formulaire de demande d&#8217;attestation et de relev\u00e9 de notes"}]},{"@type":"WebSite","@id":"https:\/\/unifa-edu.info\/contenu\/#website","url":"https:\/\/unifa-edu.info\/contenu\/","name":"Universit\u00e9 de la Fondation Dr Aristide","description":"","potentialAction":[{"@type":"SearchAction","target":{"@type":"EntryPoint","urlTemplate":"https:\/\/unifa-edu.info\/contenu\/?s={search_term_string}"},"query-input":{"@type":"PropertyValueSpecification","valueRequired":true,"valueName":"search_term_string"}}],"inLanguage":"fr-FR"}]}},"_links":{"self":[{"href":"https:\/\/unifa-edu.info\/contenu\/wp-json\/wp\/v2\/pages\/15528","targetHints":{"allow":["GET"]}}],"collection":[{"href":"https:\/\/unifa-edu.info\/contenu\/wp-json\/wp\/v2\/pages"}],"about":[{"href":"https:\/\/unifa-edu.info\/contenu\/wp-json\/wp\/v2\/types\/page"}],"author":[{"embeddable":true,"href":"https:\/\/unifa-edu.info\/contenu\/wp-json\/wp\/v2\/users\/3831"}],"replies":[{"embeddable":true,"href":"https:\/\/unifa-edu.info\/contenu\/wp-json\/wp\/v2\/comments?post=15528"}],"version-history":[{"count":6,"href":"https:\/\/unifa-edu.info\/contenu\/wp-json\/wp\/v2\/pages\/15528\/revisions"}],"predecessor-version":[{"id":22097,"href":"https:\/\/unifa-edu.info\/contenu\/wp-json\/wp\/v2\/pages\/15528\/revisions\/22097"}],"up":[{"embeddable":true,"href":"https:\/\/unifa-edu.info\/contenu\/wp-json\/wp\/v2\/pages\/815"}],"wp:attachment":[{"href":"https:\/\/unifa-edu.info\/contenu\/wp-json\/wp\/v2\/media?parent=15528"}],"curies":[{"name":"wp","href":"https:\/\/api.w.org\/{rel}","templated":true}]}}