{"id":15544,"date":"2020-07-13T12:50:06","date_gmt":"2020-07-13T16:50:06","guid":{"rendered":"https:\/\/unifa-edu.info\/contenu\/?page_id=15544"},"modified":"2020-07-13T13:25:46","modified_gmt":"2020-07-13T17:25:46","slug":"questionnaire-a-lattention-des-etudiants","status":"publish","type":"page","link":"https:\/\/unifa-edu.info\/contenu\/questionnaire-a-lattention-des-etudiants\/","title":{"rendered":"Questionnaire \u00e0 l&#8217;attention des \u00e9tudiants"},"content":{"rendered":"<p><a href=\"https:\/\/bit.ly\/2VJNBE3\">https:\/\/bit.ly\/2VJNBE3<\/a><\/p>\n","protected":false},"excerpt":{"rendered":"<p>https:\/\/bit.ly\/2VJNBE3<\/p>\n","protected":false},"author":3831,"featured_media":0,"parent":0,"menu_order":0,"comment_status":"closed","ping_status":"closed","template":"","meta":{"footnotes":""},"class_list":["post-15544","page","type-page","status-publish","hentry"],"yoast_head":"<!-- This site is optimized with the Yoast SEO plugin v27.3 - https:\/\/yoast.com\/product\/yoast-seo-wordpress\/ -->\n<title>Questionnaire \u00e0 l&#039;attention des \u00e9tudiants - Universit\u00e9 de la Fondation Dr Aristide<\/title>\n<meta name=\"robots\" content=\"index, follow, max-snippet:-1, max-image-preview:large, max-video-preview:-1\" \/>\n<link rel=\"canonical\" href=\"https:\/\/unifa-edu.info\/contenu\/questionnaire-a-lattention-des-etudiants\/\" \/>\n<meta property=\"og:locale\" content=\"fr_FR\" \/>\n<meta property=\"og:type\" content=\"article\" \/>\n<meta property=\"og:title\" content=\"Questionnaire \u00e0 l&#039;attention des \u00e9tudiants - Universit\u00e9 de la Fondation Dr Aristide\" \/>\n<meta property=\"og:description\" content=\"https:\/\/bit.ly\/2VJNBE3\" \/>\n<meta property=\"og:url\" content=\"https:\/\/unifa-edu.info\/contenu\/questionnaire-a-lattention-des-etudiants\/\" \/>\n<meta property=\"og:site_name\" content=\"Universit\u00e9 de la Fondation Dr Aristide\" \/>\n<meta property=\"article:modified_time\" content=\"2020-07-13T17:25:46+00:00\" \/>\n<meta name=\"twitter:card\" content=\"summary_large_image\" \/>\n<script type=\"application\/ld+json\" class=\"yoast-schema-graph\">{\"@context\":\"https:\\\/\\\/schema.org\",\"@graph\":[{\"@type\":\"WebPage\",\"@id\":\"https:\\\/\\\/unifa-edu.info\\\/contenu\\\/questionnaire-a-lattention-des-etudiants\\\/\",\"url\":\"https:\\\/\\\/unifa-edu.info\\\/contenu\\\/questionnaire-a-lattention-des-etudiants\\\/\",\"name\":\"Questionnaire \u00e0 l'attention des \u00e9tudiants - Universit\u00e9 de la Fondation Dr Aristide\",\"isPartOf\":{\"@id\":\"https:\\\/\\\/unifa-edu.info\\\/contenu\\\/#website\"},\"datePublished\":\"2020-07-13T16:50:06+00:00\",\"dateModified\":\"2020-07-13T17:25:46+00:00\",\"breadcrumb\":{\"@id\":\"https:\\\/\\\/unifa-edu.info\\\/contenu\\\/questionnaire-a-lattention-des-etudiants\\\/#breadcrumb\"},\"inLanguage\":\"fr-FR\",\"potentialAction\":[{\"@type\":\"ReadAction\",\"target\":[\"https:\\\/\\\/unifa-edu.info\\\/contenu\\\/questionnaire-a-lattention-des-etudiants\\\/\"]}]},{\"@type\":\"BreadcrumbList\",\"@id\":\"https:\\\/\\\/unifa-edu.info\\\/contenu\\\/questionnaire-a-lattention-des-etudiants\\\/#breadcrumb\",\"itemListElement\":[{\"@type\":\"ListItem\",\"position\":1,\"name\":\"Accueil\",\"item\":\"https:\\\/\\\/unifa-edu.info\\\/contenu\\\/\"},{\"@type\":\"ListItem\",\"position\":2,\"name\":\"Questionnaire \u00e0 l&#8217;attention des \u00e9tudiants\"}]},{\"@type\":\"WebSite\",\"@id\":\"https:\\\/\\\/unifa-edu.info\\\/contenu\\\/#website\",\"url\":\"https:\\\/\\\/unifa-edu.info\\\/contenu\\\/\",\"name\":\"Universit\u00e9 de la Fondation Dr Aristide\",\"description\":\"\",\"potentialAction\":[{\"@type\":\"SearchAction\",\"target\":{\"@type\":\"EntryPoint\",\"urlTemplate\":\"https:\\\/\\\/unifa-edu.info\\\/contenu\\\/?s={search_term_string}\"},\"query-input\":{\"@type\":\"PropertyValueSpecification\",\"valueRequired\":true,\"valueName\":\"search_term_string\"}}],\"inLanguage\":\"fr-FR\"}]}<\/script>\n<!-- \/ Yoast SEO plugin. -->","yoast_head_json":{"title":"Questionnaire \u00e0 l'attention des \u00e9tudiants - Universit\u00e9 de la Fondation Dr Aristide","robots":{"index":"index","follow":"follow","max-snippet":"max-snippet:-1","max-image-preview":"max-image-preview:large","max-video-preview":"max-video-preview:-1"},"canonical":"https:\/\/unifa-edu.info\/contenu\/questionnaire-a-lattention-des-etudiants\/","og_locale":"fr_FR","og_type":"article","og_title":"Questionnaire \u00e0 l'attention des \u00e9tudiants - Universit\u00e9 de la Fondation Dr Aristide","og_description":"https:\/\/bit.ly\/2VJNBE3","og_url":"https:\/\/unifa-edu.info\/contenu\/questionnaire-a-lattention-des-etudiants\/","og_site_name":"Universit\u00e9 de la Fondation Dr Aristide","article_modified_time":"2020-07-13T17:25:46+00:00","twitter_card":"summary_large_image","schema":{"@context":"https:\/\/schema.org","@graph":[{"@type":"WebPage","@id":"https:\/\/unifa-edu.info\/contenu\/questionnaire-a-lattention-des-etudiants\/","url":"https:\/\/unifa-edu.info\/contenu\/questionnaire-a-lattention-des-etudiants\/","name":"Questionnaire \u00e0 l'attention des \u00e9tudiants - Universit\u00e9 de la Fondation Dr Aristide","isPartOf":{"@id":"https:\/\/unifa-edu.info\/contenu\/#website"},"datePublished":"2020-07-13T16:50:06+00:00","dateModified":"2020-07-13T17:25:46+00:00","breadcrumb":{"@id":"https:\/\/unifa-edu.info\/contenu\/questionnaire-a-lattention-des-etudiants\/#breadcrumb"},"inLanguage":"fr-FR","potentialAction":[{"@type":"ReadAction","target":["https:\/\/unifa-edu.info\/contenu\/questionnaire-a-lattention-des-etudiants\/"]}]},{"@type":"BreadcrumbList","@id":"https:\/\/unifa-edu.info\/contenu\/questionnaire-a-lattention-des-etudiants\/#breadcrumb","itemListElement":[{"@type":"ListItem","position":1,"name":"Accueil","item":"https:\/\/unifa-edu.info\/contenu\/"},{"@type":"ListItem","position":2,"name":"Questionnaire \u00e0 l&#8217;attention des \u00e9tudiants"}]},{"@type":"WebSite","@id":"https:\/\/unifa-edu.info\/contenu\/#website","url":"https:\/\/unifa-edu.info\/contenu\/","name":"Universit\u00e9 de la Fondation Dr Aristide","description":"","potentialAction":[{"@type":"SearchAction","target":{"@type":"EntryPoint","urlTemplate":"https:\/\/unifa-edu.info\/contenu\/?s={search_term_string}"},"query-input":{"@type":"PropertyValueSpecification","valueRequired":true,"valueName":"search_term_string"}}],"inLanguage":"fr-FR"}]}},"_links":{"self":[{"href":"https:\/\/unifa-edu.info\/contenu\/wp-json\/wp\/v2\/pages\/15544","targetHints":{"allow":["GET"]}}],"collection":[{"href":"https:\/\/unifa-edu.info\/contenu\/wp-json\/wp\/v2\/pages"}],"about":[{"href":"https:\/\/unifa-edu.info\/contenu\/wp-json\/wp\/v2\/types\/page"}],"author":[{"embeddable":true,"href":"https:\/\/unifa-edu.info\/contenu\/wp-json\/wp\/v2\/users\/3831"}],"replies":[{"embeddable":true,"href":"https:\/\/unifa-edu.info\/contenu\/wp-json\/wp\/v2\/comments?post=15544"}],"version-history":[{"count":5,"href":"https:\/\/unifa-edu.info\/contenu\/wp-json\/wp\/v2\/pages\/15544\/revisions"}],"predecessor-version":[{"id":15552,"href":"https:\/\/unifa-edu.info\/contenu\/wp-json\/wp\/v2\/pages\/15544\/revisions\/15552"}],"wp:attachment":[{"href":"https:\/\/unifa-edu.info\/contenu\/wp-json\/wp\/v2\/media?parent=15544"}],"curies":[{"name":"wp","href":"https:\/\/api.w.org\/{rel}","templated":true}]}}