{"id":17972,"date":"2022-01-11T09:44:24","date_gmt":"2022-01-11T14:44:24","guid":{"rendered":"https:\/\/unifa-edu.info\/contenu\/?page_id=17972"},"modified":"2025-11-07T11:18:18","modified_gmt":"2025-11-07T16:18:18","slug":"boite-a-cv","status":"publish","type":"page","link":"https:\/\/unifa-edu.info\/contenu\/boite-a-cv\/","title":{"rendered":"Bo\u00eete \u00e0 CV"},"content":{"rendered":"<div class=\"forminator-ui forminator-custom-form forminator-custom-form-17976 forminator-design--default  forminator_ajax\" data-forminator-render=\"0\" data-form=\"forminator-module-17976\" data-uid=\"69d86b632eb6f\"><br\/><\/div><form\n\t\t\t\tid=\"forminator-module-17976\"\n\t\t\t\tclass=\"forminator-ui forminator-custom-form forminator-custom-form-17976 forminator-design--default  forminator_ajax\"\n\t\t\t\tmethod=\"post\"\n\t\t\t\tdata-forminator-render=\"0\"\n\t\t\t\tdata-form-id=\"17976\"\n\t\t\t\t\n\t\t\t\tdata-design=\"default\"\n\t\t\t\t\n\t\t\t\t\n\t\t\t\t\n\t\t\t\tdata-grid=\"open\"\n\t\t\t\tenctype=\"multipart\/form-data\"\n\t\t\t\t\n\t\t\t\tstyle=\"display: none;\"\n\t\t\t\t\n\t\t\t\tdata-uid=\"69d86b632eb6f\"\n\t\t\t><div role=\"alert\" aria-live=\"polite\" class=\"forminator-response-message forminator-error\" aria-hidden=\"true\"><\/div><div class=\"forminator-row\"><div id=\"name-1\" class=\"forminator-field-name forminator-col forminator-col-12 \"><div class=\"forminator-field\"><label for=\"forminator-field-name-1_69d86b632eb6f\" id=\"forminator-field-name-1_69d86b632eb6f-label\" class=\"forminator-label\">Nom complet<\/label><input type=\"text\" name=\"name-1\" value=\"\" placeholder=\"\" id=\"forminator-field-name-1_69d86b632eb6f\" class=\"forminator-input forminator-name--field\" aria-required=\"false\" \/><\/div><\/div><\/div><div class=\"forminator-row\"><div id=\"email-1\" class=\"forminator-field-email forminator-col forminator-col-12 \"><div class=\"forminator-field\"><label for=\"forminator-field-email-1_69d86b632eb6f\" id=\"forminator-field-email-1_69d86b632eb6f-label\" class=\"forminator-label\">Adresse de messagerie<\/label><input type=\"email\" name=\"email-1\" value=\"\" placeholder=\"\" id=\"forminator-field-email-1_69d86b632eb6f\" class=\"forminator-input forminator-email--field\" data-required=\"\" aria-required=\"false\" \/><\/div><\/div><\/div><div class=\"forminator-row\"><div id=\"phone-1\" class=\"forminator-field-phone forminator-col forminator-col-12 \"><div class=\"forminator-field\"><label for=\"forminator-field-phone-1_69d86b632eb6f\" id=\"forminator-field-phone-1_69d86b632eb6f-label\" class=\"forminator-label\">T\u00e9l\u00e9phone<\/label><input type=\"text\" name=\"phone-1\" value=\"\" placeholder=\"\" id=\"forminator-field-phone-1_69d86b632eb6f\" class=\"forminator-input forminator-field--phone\" data-required=\"\" aria-required=\"false\" autocomplete=\"off\" \/><\/div><\/div><\/div><div class=\"forminator-row\"><div id=\"upload-1\" class=\"forminator-field-upload forminator-col forminator-col-12 \"><div class=\"forminator-field\"><label for=\"forminator-field-upload-1_69d86b632eb6f\" id=\"forminator-field-upload-1_69d86b632eb6f-label\" class=\"forminator-label\">T\u00e9l\u00e9verser le CV<\/label><div class=\"forminator-file-upload \" data-element=\"upload-1_69d86b632eb6f\" aria-describedby=\"forminator-field-upload-1_69d86b632eb6f-description\"><input type=\"file\" name=\"upload-1\" id=\"forminator-field-upload-1_69d86b632eb6f\" class=\"forminator-input-file\" accept=\".jpg,.jpeg,.jpe,.gif,.png,.bmp,.tiff,.tif,.ico,.asf,.asx,.wmv,.wmx,.wm,.avi,.divx,.flv,.mov,.qt,.mpeg,.mpg,.mpe,.mp4,.m4v,.ogv,.webm,.mkv,.3gp,.3gpp,.3g2,.3gp2,.txt,.asc,.c,.cc,.h,.srt,.csv,.tsv,.ics,.rtx,.css,.htm,.html,.vtt,.dfxp,.mp3,.m4a,.m4b,.aac,.ra,.ram,.wav,.ogg,.oga,.flac,.mid,.midi,.wma,.wax,.mka,.rtf,.js,.pdf,.class,.tar,.zip,.gz,.gzip,.rar,.7z,.psd,.xcf,.doc,.pot,.pps,.ppt,.wri,.xla,.xls,.xlt,.xlw,.mdb,.mpp,.docx,.docm,.dotx,.dotm,.xlsx,.xlsm,.xlsb,.xltx,.xltm,.xlam,.pptx,.pptm,.ppsx,.ppsm,.potx,.potm,.ppam,.sldx,.sldm,.onetoc,.onetoc2,.onetmp,.onepkg,.oxps,.xps,.odt,.odp,.ods,.odg,.odc,.odb,.odf,.wp,.wpd,.key,.numbers,.pages\"><button id=\"forminator-field-upload-1_69d86b632eb6f_button\" class=\"forminator-button forminator-button-upload\" data-id=\"forminator-field-upload-1_69d86b632eb6f\">Choisissez un fichier<\/button><span data-empty-text=\"Aucun fichier s\u00e9lectionn\u00e9\">Aucun fichier s\u00e9lectionn\u00e9<\/span><button class=\"forminator-button-delete\" style=\"display: none;\"><i class=\"forminator-icon-close\" aria-hidden=\"true\"><\/i><span class=\"forminator-screen-reader-only\">Supprimer le fichier t\u00e9l\u00e9vers\u00e9<\/span><\/button><\/div><\/div><\/div><\/div><input type=\"hidden\" name=\"referer_url\" value=\"\" \/><div class=\"forminator-row forminator-row-last\"><div class=\"forminator-col\"><div class=\"forminator-field\"><button class=\"forminator-button forminator-button-submit\">Envoyer le CV<\/button><\/div><\/div><\/div><input type=\"hidden\" id=\"forminator_nonce\" name=\"forminator_nonce\" value=\"011e510fbf\" \/><input type=\"hidden\" name=\"_wp_http_referer\" value=\"\/contenu\/wp-json\/wp\/v2\/pages\/17972\" \/><input type=\"hidden\" name=\"form_id\" value=\"17976\"><input type=\"hidden\" name=\"page_id\" value=\"17972\"><input type=\"hidden\" name=\"form_type\" value=\"default\"><input type=\"hidden\" name=\"current_url\" value=\"https:\/\/unifa-edu.info\/contenu\/boite-a-cv\/\"><input type=\"hidden\" name=\"render_id\" value=\"0\"><input type=\"hidden\" name=\"action\" value=\"forminator_submit_form_custom-forms\"><\/form>\n","protected":false},"excerpt":{"rendered":"","protected":false},"author":3831,"featured_media":0,"parent":0,"menu_order":0,"comment_status":"closed","ping_status":"closed","template":"","meta":{"footnotes":""},"class_list":["post-17972","page","type-page","status-publish","hentry"],"yoast_head":"<!-- This site is optimized with the Yoast SEO plugin v27.3 - https:\/\/yoast.com\/product\/yoast-seo-wordpress\/ -->\n<title>Bo\u00eete \u00e0 CV - Universit\u00e9 de la Fondation Dr Aristide<\/title>\n<meta name=\"robots\" content=\"index, follow, max-snippet:-1, max-image-preview:large, max-video-preview:-1\" \/>\n<link rel=\"canonical\" href=\"https:\/\/unifa-edu.info\/contenu\/boite-a-cv\/\" \/>\n<meta property=\"og:locale\" content=\"fr_FR\" \/>\n<meta property=\"og:type\" content=\"article\" \/>\n<meta property=\"og:title\" content=\"Bo\u00eete \u00e0 CV - Universit\u00e9 de la Fondation Dr Aristide\" \/>\n<meta property=\"og:url\" content=\"https:\/\/unifa-edu.info\/contenu\/boite-a-cv\/\" \/>\n<meta property=\"og:site_name\" content=\"Universit\u00e9 de la Fondation Dr Aristide\" \/>\n<meta property=\"article:modified_time\" content=\"2025-11-07T16:18:18+00:00\" \/>\n<meta name=\"twitter:card\" content=\"summary_large_image\" \/>\n<meta name=\"twitter:label1\" content=\"Dur\u00e9e de lecture estim\u00e9e\" \/>\n\t<meta name=\"twitter:data1\" content=\"1 minute\" \/>\n<script type=\"application\/ld+json\" class=\"yoast-schema-graph\">{\"@context\":\"https:\\\/\\\/schema.org\",\"@graph\":[{\"@type\":\"WebPage\",\"@id\":\"https:\\\/\\\/unifa-edu.info\\\/contenu\\\/boite-a-cv\\\/\",\"url\":\"https:\\\/\\\/unifa-edu.info\\\/contenu\\\/boite-a-cv\\\/\",\"name\":\"Bo\u00eete \u00e0 CV - Universit\u00e9 de la Fondation Dr Aristide\",\"isPartOf\":{\"@id\":\"https:\\\/\\\/unifa-edu.info\\\/contenu\\\/#website\"},\"datePublished\":\"2022-01-11T14:44:24+00:00\",\"dateModified\":\"2025-11-07T16:18:18+00:00\",\"breadcrumb\":{\"@id\":\"https:\\\/\\\/unifa-edu.info\\\/contenu\\\/boite-a-cv\\\/#breadcrumb\"},\"inLanguage\":\"fr-FR\",\"potentialAction\":[{\"@type\":\"ReadAction\",\"target\":[\"https:\\\/\\\/unifa-edu.info\\\/contenu\\\/boite-a-cv\\\/\"]}]},{\"@type\":\"BreadcrumbList\",\"@id\":\"https:\\\/\\\/unifa-edu.info\\\/contenu\\\/boite-a-cv\\\/#breadcrumb\",\"itemListElement\":[{\"@type\":\"ListItem\",\"position\":1,\"name\":\"Accueil\",\"item\":\"https:\\\/\\\/unifa-edu.info\\\/contenu\\\/\"},{\"@type\":\"ListItem\",\"position\":2,\"name\":\"Bo\u00eete \u00e0 CV\"}]},{\"@type\":\"WebSite\",\"@id\":\"https:\\\/\\\/unifa-edu.info\\\/contenu\\\/#website\",\"url\":\"https:\\\/\\\/unifa-edu.info\\\/contenu\\\/\",\"name\":\"Universit\u00e9 de la Fondation Dr Aristide\",\"description\":\"\",\"potentialAction\":[{\"@type\":\"SearchAction\",\"target\":{\"@type\":\"EntryPoint\",\"urlTemplate\":\"https:\\\/\\\/unifa-edu.info\\\/contenu\\\/?s={search_term_string}\"},\"query-input\":{\"@type\":\"PropertyValueSpecification\",\"valueRequired\":true,\"valueName\":\"search_term_string\"}}],\"inLanguage\":\"fr-FR\"}]}<\/script>\n<!-- \/ Yoast SEO plugin. -->","yoast_head_json":{"title":"Bo\u00eete \u00e0 CV - Universit\u00e9 de la Fondation Dr Aristide","robots":{"index":"index","follow":"follow","max-snippet":"max-snippet:-1","max-image-preview":"max-image-preview:large","max-video-preview":"max-video-preview:-1"},"canonical":"https:\/\/unifa-edu.info\/contenu\/boite-a-cv\/","og_locale":"fr_FR","og_type":"article","og_title":"Bo\u00eete \u00e0 CV - Universit\u00e9 de la Fondation Dr Aristide","og_url":"https:\/\/unifa-edu.info\/contenu\/boite-a-cv\/","og_site_name":"Universit\u00e9 de la Fondation Dr Aristide","article_modified_time":"2025-11-07T16:18:18+00:00","twitter_card":"summary_large_image","twitter_misc":{"Dur\u00e9e de lecture estim\u00e9e":"1 minute"},"schema":{"@context":"https:\/\/schema.org","@graph":[{"@type":"WebPage","@id":"https:\/\/unifa-edu.info\/contenu\/boite-a-cv\/","url":"https:\/\/unifa-edu.info\/contenu\/boite-a-cv\/","name":"Bo\u00eete \u00e0 CV - Universit\u00e9 de la Fondation Dr Aristide","isPartOf":{"@id":"https:\/\/unifa-edu.info\/contenu\/#website"},"datePublished":"2022-01-11T14:44:24+00:00","dateModified":"2025-11-07T16:18:18+00:00","breadcrumb":{"@id":"https:\/\/unifa-edu.info\/contenu\/boite-a-cv\/#breadcrumb"},"inLanguage":"fr-FR","potentialAction":[{"@type":"ReadAction","target":["https:\/\/unifa-edu.info\/contenu\/boite-a-cv\/"]}]},{"@type":"BreadcrumbList","@id":"https:\/\/unifa-edu.info\/contenu\/boite-a-cv\/#breadcrumb","itemListElement":[{"@type":"ListItem","position":1,"name":"Accueil","item":"https:\/\/unifa-edu.info\/contenu\/"},{"@type":"ListItem","position":2,"name":"Bo\u00eete \u00e0 CV"}]},{"@type":"WebSite","@id":"https:\/\/unifa-edu.info\/contenu\/#website","url":"https:\/\/unifa-edu.info\/contenu\/","name":"Universit\u00e9 de la Fondation Dr Aristide","description":"","potentialAction":[{"@type":"SearchAction","target":{"@type":"EntryPoint","urlTemplate":"https:\/\/unifa-edu.info\/contenu\/?s={search_term_string}"},"query-input":{"@type":"PropertyValueSpecification","valueRequired":true,"valueName":"search_term_string"}}],"inLanguage":"fr-FR"}]}},"_links":{"self":[{"href":"https:\/\/unifa-edu.info\/contenu\/wp-json\/wp\/v2\/pages\/17972","targetHints":{"allow":["GET"]}}],"collection":[{"href":"https:\/\/unifa-edu.info\/contenu\/wp-json\/wp\/v2\/pages"}],"about":[{"href":"https:\/\/unifa-edu.info\/contenu\/wp-json\/wp\/v2\/types\/page"}],"author":[{"embeddable":true,"href":"https:\/\/unifa-edu.info\/contenu\/wp-json\/wp\/v2\/users\/3831"}],"replies":[{"embeddable":true,"href":"https:\/\/unifa-edu.info\/contenu\/wp-json\/wp\/v2\/comments?post=17972"}],"version-history":[{"count":5,"href":"https:\/\/unifa-edu.info\/contenu\/wp-json\/wp\/v2\/pages\/17972\/revisions"}],"predecessor-version":[{"id":25434,"href":"https:\/\/unifa-edu.info\/contenu\/wp-json\/wp\/v2\/pages\/17972\/revisions\/25434"}],"wp:attachment":[{"href":"https:\/\/unifa-edu.info\/contenu\/wp-json\/wp\/v2\/media?parent=17972"}],"curies":[{"name":"wp","href":"https:\/\/api.w.org\/{rel}","templated":true}]}}