{"id":18517,"date":"2022-03-26T08:25:19","date_gmt":"2022-03-26T12:25:19","guid":{"rendered":"https:\/\/unifa-edu.info\/contenu\/?page_id=18517"},"modified":"2026-03-20T20:05:35","modified_gmt":"2026-03-21T00:05:35","slug":"bulletin","status":"publish","type":"page","link":"https:\/\/unifa-edu.info\/contenu\/bulletin\/","title":{"rendered":"R\u00e9sultats des \u00e9valuations de connaissances"},"content":{"rendered":"<style><span data-mce-type=\"bookmark\" style=\"display: inline-block; width: 0px; overflow: hidden; line-height: 0;\" class=\"mce_SELRES_start\">\ufeff<\/span><br \/>ol {<br \/>  counter-reset: li;<br \/>  list-style: none;<br \/>  padding: 0;<br \/>  text-shadow: 0 1px 0 rgba(255,255,255,.5);<br \/>}<\/p>\n<p>ol a {<br \/>  position: relative;<br \/>  display: block;<br \/>  padding: .4em .4em .4em 2em;<br \/>  margin: .5em 0;<br \/>  background: #DAD2CA;<br \/>  color: #444;<br \/>  text-decoration: none;<br \/>  border-radius: .3em;<br \/>  transition: .3s ease-out;<br \/>}<\/p>\n<p>ol a:hover { background: #E9E4E0; }<br \/>ol a:hover:before { transform: rotate(360deg); }<br \/>ol a:before {<br \/>  content: counter(li);<br \/>  counter-increment: li;<br \/>  position: absolute;<br \/>  left: -1.3em;<br \/>  top: 50%;<br \/>  margin-top: -1.3em;<br \/>  background: #f9dd94;<br \/>  height: 2em;<br \/>  width: 2em;<br \/>  line-height: 2em;<br \/>  border: .3em solid #fff;<br \/>  text-align: center;<br \/>  font-weight: bold;<br \/>  border-radius: 2em;<br \/>  transition: all .3s ease-out;<br \/>}<\/p>\n<\/style>\n<p>&nbsp;<\/p>\n<div dir=\"auto\">Marche \u00e0 suivre (rappel):<\/div>\n<div dir=\"auto\">1- l\u2019\u00e9tudiant se connecte \u00e0 son compte:\u00a0<a href=\"mailto:xxx@unifa-edu.com\" target=\"_blank\" rel=\"noopener\">xxx@unifa-edu.info<\/a><\/div>\n<div dir=\"auto\">2-l\u2019\u00e9tudiant introduit son code (le format doit \u00eatre respect\u00e9 :<\/div>\n<div dir=\"auto\">Ex: FM-12-1234<\/div>\n<div dir=\"auto\">\u00a0 \u00a0 \u00a0 \u00a0FSJP-12-1233)<\/div>\n<blockquote>\n<table border=\"1\">\n<tbody>\n<tr valign=\"top\">\n<td>\n<ul>\n<li>Facult\u00e9 de M\u00e9decine\n<ul type=\"circle\">\n<li><a href=\"https:\/\/script.google.com\/a\/macros\/unifa-edu.info\/s\/AKfycbxzjDZTVtoUsgU4HeZTVmcsMiAOBS1n2cDbOo2lA_FLx8t7ZxTobT-iaXdL1-N4WtDO\/exec\">Premi\u00e8re ann\u00e9e<\/a><\/li>\n<li><a href=\"https:\/\/script.google.com\/a\/macros\/unifa-edu.info\/s\/AKfycby-AI0lPDCIOj0ETKw4R6YsZttWhNJP20nLuh1LQQIguVNk_0NYO0Od8P5t257exF6Y\/exec\">Deuxi\u00e8me ann\u00e9e<\/a><\/li>\n<li><a href=\"https:\/\/script.google.com\/a\/macros\/unifa-edu.info\/s\/AKfycbzMxeUqC9pprXOOimUx8A9mrFWhktv1gNBOa5RxqtP6IPlUymnq1fCx4iNDlZGhSYaS\/exec\">Troisi\u00e8me ann\u00e9e<\/a><\/li>\n<li><a href=\"https:\/\/script.google.com\/a\/macros\/unifa-edu.info\/s\/AKfycbw_KcLdPG4AgVeMToBUSM4c8cIjnOLdaL53NviyplcyBt2akGpVUzi31ZYsWWOnn5mdCg\/exec\">Quatri\u00e8me ann\u00e9e<\/a><\/li>\n<li><a href=\"https:\/\/script.google.com\/a\/macros\/unifa-edu.info\/s\/AKfycbxL40K8yfcFVudWKlXCIHQ0GE_Bx1jBpuPo7hiDDTpRWM7WrSrhfeDP8vcAXuBsu7AWMA\/exec\">Cinqui\u00e8me ann\u00e9e<\/a><\/li>\n<\/ul>\n<\/li>\n<\/ul>\n<\/td>\n<td>\n<ul>\n<li>Facult\u00e9 d\u2019Odontologie\n<ul type=\"circle\">\n<li><a href=\"https:\/\/script.google.com\/a\/macros\/unifa-edu.info\/s\/AKfycbwn2ZrN7EwBbcpv4rUGAiMC_9MUkYcVX1LDDBQYvyunr3bdmbFsixt5S0HI_EeUu5wL\/exec\">Premi\u00e8re ann\u00e9e\u00a0<\/a><\/li>\n<li><a href=\"https:\/\/script.google.com\/a\/macros\/unifa-edu.info\/s\/AKfycbxfY5Ro7YwiT1dLBe0qO6_YByeeLCa_uRQmKJWeg3hm8zqe6nRz61kVOIH8pVhFoL1W\/exec\">Deuxi\u00e8me ann\u00e9e<\/a><\/li>\n<li><a href=\"https:\/\/script.google.com\/a\/macros\/unifa-edu.info\/s\/AKfycbxe2awcPLg584-ScRHpn1ZaV0OsTE6qTXADMcDuXYv4GNPiGMTr3Orz8fC4Ii_EK1Jj\/exec\">Troisi\u00e8me ann\u00e9e<\/a><\/li>\n<li><a href=\"https:\/\/script.google.com\/a\/macros\/unifa-edu.info\/s\/AKfycbxTc-bBBXAcd2cTZljPtpV595cH7xh1xupDVI2Z2_nRcya9YgMC2pfC43elzPacVBiyZQ\/exec\">Quatri\u00e8me ann\u00e9e<\/a><\/li>\n<li><a href=\"https:\/\/script.google.com\/a\/macros\/unifa-edu.info\/s\/AKfycbxZvx1opuuE1Kfirm8lP2M8FeAWmavTYlBnEmNM4W02X06Fn1KPuGtOd_88ZVt7-aFS\/exec\">Cinqui\u00e8me ann\u00e9e<\/a><\/li>\n<\/ul>\n<\/li>\n<\/ul>\n<\/td>\n<td>\n<ul>\n<li>Facult\u00e9 des Sciences Infirmi\u00e8res\n<ul type=\"circle\">\n<li><a href=\"https:\/\/script.google.com\/a\/macros\/unifa-edu.info\/s\/AKfycbwZyqefHBnxbCycXBRelzHj50rtJZS2VoE9zQX2-lXuHMu6ZYdqws4Dtl1HXk2DDDW0\/exec\">Premi\u00e8re ann\u00e9e<\/a><\/li>\n<li><a href=\"https:\/\/script.google.com\/a\/macros\/unifa-edu.info\/s\/AKfycbzeTlPCW233VLsdhl794NhUs_8bQPwtkD5bhTU8bzIwfTYuu_6akqCLPXhB-wseNniuhA\/exec\">Deuxi\u00e8me ann\u00e9e<\/a><\/li>\n<li><a href=\"https:\/\/script.google.com\/a\/macros\/unifa-edu.info\/s\/AKfycbzYweExZqBnYE50NeNIHFOrpqidRyU4toKy_hQvZXzgG-v0NmlrFCxp9VwyN61eu7QfDw\/exec\">Troisi\u00e8me ann\u00e9e<\/a><\/li>\n<li><a href=\"https:\/\/script.google.com\/a\/macros\/unifa-edu.info\/s\/AKfycbxcENkVKw_HV-yZLpv4V4SBJEag0Vpih13pvlCOqYc65PzuTnLa0qI_sn3GNj9xDTYe\/exec\">Quatri\u00e8me ann\u00e9e<\/a><\/li>\n<\/ul>\n<\/li>\n<\/ul>\n<\/td>\n<\/tr>\n<tr valign=\"top\">\n<td>\n<ul>\n<li>Facult\u00e9 des Sciences de R\u00e9habilitation\n<ul type=\"circle\">\n<li><a href=\"https:\/\/script.google.com\/a\/macros\/unifa-edu.info\/s\/AKfycbyFB0ToBLuzTaoFgEMn6Lz_dKMjLk6ZUR8tTpjibs_RVgPqPfqP4W9zw4kVKkgRCzVdTA\/exec\">Premi\u00e8re ann\u00e9e<\/a><\/li>\n<li><a href=\"https:\/\/script.google.com\/a\/macros\/unifa-edu.info\/s\/AKfycbzRuQtVP_kbRfPxJ1-LzGW2nS0YY6tG0FI-YHOlG96A4W14Rn9IQlxTgAELltYt8ZG7\/exec\">Deuxi\u00e8me ann\u00e9e<\/a><\/li>\n<li><a href=\"https:\/\/script.google.com\/a\/macros\/unifa-edu.info\/s\/AKfycbyOGSN8oj3UXHvLzIYBUKVBeKEv05TpQv4DwbHw8HtdpvhsSdBriMdghuoMtR1FvEPJ\/exec\">Troisi\u00e8me ann\u00e9e<\/a><\/li>\n<li><a href=\"https:\/\/script.google.com\/a\/macros\/unifa-edu.info\/s\/AKfycbwaIBBp1fd0Zz_D0qE_2rZq_Ljpl1Sn-ZwWuUlGVIFrQdD8lWtNqW9a9OzLfkq-qmbeng\/exec\">Quatri\u00e8me ann\u00e9e<\/a><\/li>\n<\/ul>\n<\/li>\n<\/ul>\n<\/td>\n<td>\n<ul>\n<li>Facult\u00e9 de Pharmacie et des Sciences Biom\u00e9dicales\n<ul type=\"circle\">\n<li><a href=\"https:\/\/script.google.com\/a\/macros\/unifa-edu.info\/s\/AKfycbwnOzKO5ChF1eegIwDRzQ1-y-RIilC4JjB8PNqpBN-RSQtz9ak5jsc55zkmSDENUVVqLA\/exec\">Premi\u00e8re ann\u00e9e BM<\/a><\/li>\n<li><a href=\"https:\/\/script.google.com\/a\/macros\/unifa-edu.info\/s\/AKfycbwNFi90zcUiMk0hllXaeoJfI1LaI7RChGbeqwAZO0VTxB5Pebh2tQK0XcJWvtO1A14\/exec\"> Premi\u00e8re ann\u00e9e TM<\/a><\/li>\n<li><a href=\"https:\/\/script.google.com\/a\/macros\/unifa-edu.info\/s\/AKfycbxYDCwHqY1atJlwwydgVIa7UpAGttjul-0y8yio5XnCL5iiBKN2DCLe_21ePNC50bZd3g\/exec\">Troisi\u00e8me ann\u00e9e TM<\/a><\/li>\n<\/ul>\n<\/li>\n<\/ul>\n<\/td>\n<td>\n<ul>\n<li>Facult\u00e9 des Sciences Juridiques et Politiques\n<ul type=\"circle\">\n<li><a href=\"https:\/\/script.google.com\/a\/macros\/unifa-edu.info\/s\/AKfycbya0FajBhmrV0GI8uLpNOIXbGD9NPYH51vAPWIVfbsFL5QM3WHwiQIccbMiD6mTG9w_aQ\/exec\">Premi\u00e8re ann\u00e9e<\/a><\/li>\n<li><a href=\"https:\/\/script.google.com\/a\/macros\/unifa-edu.info\/s\/AKfycbwKd2wUM0SsSyuksWbfshQ2ZT5hyJzGRSCeGK7nroWqrsXeKA9_Gainc9ck3jvyjjG9\/exec\">Deuxi\u00e8me ann\u00e9e<\/a><\/li>\n<li><a href=\"https:\/\/script.google.com\/a\/macros\/unifa-edu.info\/s\/AKfycbyFQWtrttBAIJrGF3vCUJZ2JOAi6aDdvCuPmqsK8uMPN4-yXgHxeJyDXz17URCCN6Ijeg\/exec\">Troisi\u00e8me ann\u00e9e<\/a><\/li>\n<li><a href=\"https:\/\/script.google.com\/a\/macros\/unifa-edu.info\/s\/AKfycbz8B-vz3tQ_IqOF8-E-m6Wylt_hWS62pIySoZjyDlfeFsdhDXt0Z8NvjvoAbxK7fNMY8Q\/exec\">Quatri\u00e8me ann\u00e9e<\/a><\/li>\n<\/ul>\n<\/li>\n<\/ul>\n<\/td>\n<\/tr>\n<tr valign=\"top\">\n<td>\n<ul>\n<li>Facult\u00e9 de G\u00e9nie et d&#8217;Architecture\n<ul type=\"circle\">\n<li><a href=\"https:\/\/script.google.com\/a\/macros\/unifa-edu.info\/s\/AKfycbxl6L5grxwQW7uxylPhwdDN4uCyyq5jGSzzrIRCkas9cisEM1kQQdu7fwYqRId5ibUz\/exec\">Premi\u00e8re ann\u00e9e<\/a><\/li>\n<li>Deuxi\u00e8me ann\u00e9e\n<ul>\n<li><a href=\"https:\/\/script.google.com\/a\/macros\/unifa-edu.info\/s\/AKfycbzBLmdBeDos0rLnEmifDztKxn5xdycwVEX1m7LD93nlwcjaPpyrBtyuUGw5FQEZASC_Lw\/exec\">G\u00e9nie<\/a><\/li>\n<li><a href=\"https:\/\/script.google.com\/a\/macros\/unifa-edu.info\/s\/AKfycbws4dLghREcZ1eT60zUNP12qtNo0piktzcj3R3YqgaG\/dev\">Architecture<\/a><\/li>\n<\/ul>\n<\/li>\n<li>Troisi\u00e8me ann\u00e9e\n<ul>\n<li><a href=\"https:\/\/script.google.com\/a\/macros\/unifa-edu.info\/s\/AKfycbxIYhtNGZlI3wg41yM3oHkEKv8WF2DIGIWrmVT6aL0jdSoTCTsmbdSo287FHpb7FXoR1A\/exec\">G\u00e9nie<\/a><\/li>\n<li><a href=\"https:\/\/script.google.com\/a\/macros\/unifa-edu.info\/s\/AKfycbytYhw6IsGM47JWUV-mQWCazXyYlgqL42zckfdRWOa3ZVE1OVVOfmBKQM9EknEebFaALg\/exec\">Architecture<\/a><\/li>\n<\/ul>\n<\/li>\n<li>Quatri\u00e8me ann\u00e9e\n<ul>\n<li><a href=\"https:\/\/script.google.com\/a\/macros\/unifa-edu.info\/s\/AKfycbwwaq4_qXZ6NbgMEPOwh_iuMVtmolIj_4pueNXhaHgK15XJod48tfeuSzTUeqK55CQt\/exec\">G\u00e9nie<\/a><\/li>\n<li><a href=\"https:\/\/script.google.com\/a\/macros\/unifa-edu.info\/s\/AKfycbz2V8mSMnOsOSRHwNsFUl4vvKF59RHoekGs89-adnKd6Xc9sgXgWuV_eQEIeBZ7nfSN\/exec\">Architecture<\/a><\/li>\n<\/ul>\n<\/li>\n<li><a href=\"https:\/\/script.google.com\/a\/macros\/unifa-edu.info\/s\/AKfycbx2LoZd2wAdIvsaeBpDqoQcqWb-idNixLXRYmqEC5R3sg775U3BkaNBWjLmXelrmNTmAw\/exec\">Cinqui\u00e8me ann\u00e9e<\/a><\/li>\n<\/ul>\n<\/li>\n<\/ul>\n<\/td>\n<td>\n<ul>\n<li>Facult\u00e9 des Sciences \u00c9conomiques et Administratives\n<ul type=\"circle\">\n<li style=\"list-style-type: none;\">\n<ul type=\"circle\">\n<li style=\"list-style-type: none;\">\n<ul type=\"circle\">\n<li style=\"list-style-type: none;\"><\/li>\n<\/ul>\n<\/li>\n<\/ul>\n<\/li>\n<\/ul>\n<\/li>\n<\/ul>\n<ul type=\"circle\">\n<li><a href=\"https:\/\/script.google.com\/a\/macros\/unifa-edu.info\/s\/AKfycbxX3erRRu9p-BZisV_DmjL6493UGvQsV4YeeWzqXO5AKQ7mbvJti8ZX4fGqKItErEfX\/exec\">Premi\u00e8re ann\u00e9e<\/a><\/li>\n<li>Deuxi\u00e8me ann\u00e9e\n<ul>\n<li style=\"list-style-type: none;\">\n<ul>\n<li><a href=\"https:\/\/script.google.com\/a\/macros\/unifa-edu.info\/s\/AKfycbxjIbaSNri-I-Bcb__2a08OienzW_9B7lLEU8Kww_SEQfHjoZy8GV3w-I_f7RiOITUd\/exec\">Comptabilit\u00e9<\/a><\/li>\n<li><a href=\"https:\/\/script.google.com\/a\/macros\/unifa-edu.info\/s\/AKfycbxzyBcF-A1i0xie-RD3O6UCvPywnTm5kUYMUd-M-KYHjW4lju4als5FT9yIDpgeUITc\/exec\">Economie<\/a><\/li>\n<li><a href=\"https:\/\/script.google.com\/a\/macros\/unifa-edu.info\/s\/AKfycby0WJpb0AkdHtci6wKDCZUn3sTcL9lV2yoipJRrajsdiFFQ4g0_AkI9UkTqFMqS0jwEkg\/exec\">Gestion<\/a><\/li>\n<\/ul>\n<\/li>\n<\/ul>\n<\/li>\n<li>Troisi\u00e8me ann\u00e9e\n<ul>\n<li><a href=\"https:\/\/script.google.com\/a\/macros\/unifa-edu.info\/s\/AKfycbwjJ9msT79uLxtK6xfLsio9ZF1Vc504uw0DdyBod6cZFFvu9lGPHnLPp1d-Qfr7p_x8\/exec\">Comptabilit\u00e9<\/a><\/li>\n<li><a href=\"https:\/\/script.google.com\/a\/macros\/unifa-edu.info\/s\/AKfycbw_UFljo7gwkpHh2lfzEZjmL3sg9XcaTz5ACWwYhE6uPhIFgXdEOmImQr4Mud7SJ4BRAA\/exec\">Economie<\/a><\/li>\n<li><a href=\"https:\/\/script.google.com\/a\/macros\/unifa-edu.info\/s\/AKfycbzDS3A4-Bux8kOhPuHaa_BndyacbgED-5yC2-8VzK52itZpWFfum8kvjXcoOqOktzHJ\/exec\">Gestion<\/a><\/li>\n<\/ul>\n<\/li>\n<\/ul>\n<ul type=\"circle\">\n<li>Quatri\u00e8me ann\u00e9e\n<ul>\n<li><a href=\"https:\/\/script.google.com\/a\/macros\/unifa-edu.info\/s\/AKfycbzzIJeRdCYL8Vgv7wkF1Hs-AftkN3ND7TT900eNOyS5n_uT81rT94iPatrnWofjnCMlEA\/exec\">Comptabilit\u00e9<\/a><\/li>\n<li><a href=\"https:\/\/script.google.com\/a\/macros\/unifa-edu.info\/s\/AKfycby1fGBWazw9hEFBRyR_WOvZpMHKV38YzoFn5MlsQmTnBsNWKKRTOQRPbzOXMv--e1BCnw\/exec\">Economie<\/a><\/li>\n<li><a href=\"https:\/\/script.google.com\/a\/macros\/unifa-edu.info\/s\/AKfycbzYAxcZGLGPXh8OIOxinSF4oN2FfF5ETScd0k7ta-1QPvNdC6Ii7CVN0qRBpEepcRaI\/exec\">Gestion<\/a><\/li>\n<\/ul>\n<\/li>\n<li style=\"list-style-type: none;\"><\/li>\n<\/ul>\n<\/td>\n<td>\n<ul>\n<li>Facult\u00e9 des Sciences de la Nature et de l\u2019Agriculture\n<ul type=\"circle\">\n<li><a href=\"https:\/\/script.google.com\/a\/macros\/unifa-edu.info\/s\/AKfycbyCF5dLi33cLHp-gjAdHHEP6AHK0iX09J99_KF5YkoOqjbDhIt683l3QNedPyQB7b-i\/exec\">Premi\u00e8re ann\u00e9e<\/a><\/li>\n<li><a href=\"https:\/\/script.google.com\/a\/macros\/unifa-edu.info\/s\/AKfycbyIa29VZaWcPdp79FUZMAlsl4bPIQT82VD9wreWtJaWmaSDSx4GjUjrCUZw_VgZTxFg\/exec\">Deuxi\u00e8me ann\u00e9e<\/a><\/li>\n<li><a href=\"https:\/\/script.google.com\/a\/macros\/unifa-edu.info\/s\/AKfycbwu4SYJ7auYC7fqF31XBfM7fJ-JL8xh09syd79RO99mvbGedBE5ahF1S_3qcy2-jTAzAw\/exec\">Troisi\u00e8me ann\u00e9e<\/a><\/li>\n<li><a href=\"https:\/\/script.google.com\/a\/macros\/unifa-edu.info\/s\/AKfycbwUbTHNGkF3iqs66jnBHhcO-Mlw-2YrQu7ndndXFn28vQuB6bRAJkbLESqDpjqEz_b-\/exec\">Quatri\u00e8me ann\u00e9e<\/a><\/li>\n<\/ul>\n<\/li>\n<\/ul>\n<\/td>\n<\/tr>\n<\/tbody>\n<\/table>\n<\/blockquote>\n","protected":false},"excerpt":{"rendered":"<p>&nbsp; Marche \u00e0 suivre (rappel): 1- l\u2019\u00e9tudiant se connecte \u00e0 son compte:\u00a0xxx@unifa-edu.info 2-l\u2019\u00e9tudiant introduit son code (le format doit \u00eatre respect\u00e9 : Ex: FM-12-1234 \u00a0 \u00a0 \u00a0 \u00a0FSJP-12-1233) Facult\u00e9 de M\u00e9decine Premi\u00e8re ann\u00e9e Deuxi\u00e8me ann\u00e9e Troisi\u00e8me ann\u00e9e Quatri\u00e8me ann\u00e9e Cinqui\u00e8me ann\u00e9e Facult\u00e9 d\u2019Odontologie Premi\u00e8re ann\u00e9e\u00a0 Deuxi\u00e8me ann\u00e9e Troisi\u00e8me ann\u00e9e Quatri\u00e8me ann\u00e9e Cinqui\u00e8me ann\u00e9e Facult\u00e9 des lire &hellip; <a href=\"https:\/\/unifa-edu.info\/contenu\/bulletin\/\">Continue reading <span class=\"meta-nav\">&rarr;<\/span><\/a><\/p>\n","protected":false},"author":3831,"featured_media":0,"parent":0,"menu_order":0,"comment_status":"closed","ping_status":"closed","template":"template-full-width.php","meta":{"footnotes":""},"class_list":["post-18517","page","type-page","status-publish","hentry"],"yoast_head":"<!-- This site is optimized with the Yoast SEO plugin v27.5 - https:\/\/yoast.com\/product\/yoast-seo-wordpress\/ -->\n<title>R\u00e9sultats des \u00e9valuations de connaissances - Universit\u00e9 de la Fondation Dr Aristide<\/title>\n<meta name=\"robots\" content=\"index, follow, max-snippet:-1, max-image-preview:large, max-video-preview:-1\" \/>\n<link rel=\"canonical\" href=\"https:\/\/unifa-edu.info\/contenu\/bulletin\/\" \/>\n<meta property=\"og:locale\" content=\"fr_FR\" \/>\n<meta property=\"og:type\" content=\"article\" \/>\n<meta property=\"og:title\" content=\"R\u00e9sultats des \u00e9valuations de connaissances - Universit\u00e9 de la Fondation Dr Aristide\" \/>\n<meta property=\"og:description\" content=\"&nbsp; Marche \u00e0 suivre (rappel): 1- l\u2019\u00e9tudiant se connecte \u00e0 son compte:\u00a0xxx@unifa-edu.info 2-l\u2019\u00e9tudiant introduit son code (le format doit \u00eatre respect\u00e9 : Ex: FM-12-1234 \u00a0 \u00a0 \u00a0 \u00a0FSJP-12-1233) Facult\u00e9 de M\u00e9decine Premi\u00e8re ann\u00e9e Deuxi\u00e8me ann\u00e9e Troisi\u00e8me ann\u00e9e Quatri\u00e8me ann\u00e9e Cinqui\u00e8me ann\u00e9e Facult\u00e9 d\u2019Odontologie Premi\u00e8re ann\u00e9e\u00a0 Deuxi\u00e8me ann\u00e9e Troisi\u00e8me ann\u00e9e Quatri\u00e8me ann\u00e9e Cinqui\u00e8me ann\u00e9e Facult\u00e9 des lire &hellip; Continue reading &rarr;\" \/>\n<meta property=\"og:url\" content=\"https:\/\/unifa-edu.info\/contenu\/bulletin\/\" \/>\n<meta property=\"og:site_name\" content=\"Universit\u00e9 de la Fondation Dr Aristide\" \/>\n<meta property=\"article:modified_time\" content=\"2026-03-21T00:05:35+00:00\" \/>\n<meta name=\"twitter:card\" content=\"summary_large_image\" \/>\n<meta name=\"twitter:label1\" content=\"Dur\u00e9e de lecture estim\u00e9e\" \/>\n\t<meta name=\"twitter:data1\" content=\"1 minute\" \/>\n<script type=\"application\/ld+json\" class=\"yoast-schema-graph\">{\"@context\":\"https:\\\/\\\/schema.org\",\"@graph\":[{\"@type\":\"WebPage\",\"@id\":\"https:\\\/\\\/unifa-edu.info\\\/contenu\\\/bulletin\\\/\",\"url\":\"https:\\\/\\\/unifa-edu.info\\\/contenu\\\/bulletin\\\/\",\"name\":\"R\u00e9sultats des \u00e9valuations de connaissances - Universit\u00e9 de la Fondation Dr Aristide\",\"isPartOf\":{\"@id\":\"https:\\\/\\\/unifa-edu.info\\\/contenu\\\/#website\"},\"datePublished\":\"2022-03-26T12:25:19+00:00\",\"dateModified\":\"2026-03-21T00:05:35+00:00\",\"breadcrumb\":{\"@id\":\"https:\\\/\\\/unifa-edu.info\\\/contenu\\\/bulletin\\\/#breadcrumb\"},\"inLanguage\":\"fr-FR\",\"potentialAction\":[{\"@type\":\"ReadAction\",\"target\":[\"https:\\\/\\\/unifa-edu.info\\\/contenu\\\/bulletin\\\/\"]}]},{\"@type\":\"BreadcrumbList\",\"@id\":\"https:\\\/\\\/unifa-edu.info\\\/contenu\\\/bulletin\\\/#breadcrumb\",\"itemListElement\":[{\"@type\":\"ListItem\",\"position\":1,\"name\":\"Accueil\",\"item\":\"https:\\\/\\\/unifa-edu.info\\\/contenu\\\/\"},{\"@type\":\"ListItem\",\"position\":2,\"name\":\"R\u00e9sultats des \u00e9valuations de connaissances\"}]},{\"@type\":\"WebSite\",\"@id\":\"https:\\\/\\\/unifa-edu.info\\\/contenu\\\/#website\",\"url\":\"https:\\\/\\\/unifa-edu.info\\\/contenu\\\/\",\"name\":\"Universit\u00e9 de la Fondation Dr Aristide\",\"description\":\"\",\"potentialAction\":[{\"@type\":\"SearchAction\",\"target\":{\"@type\":\"EntryPoint\",\"urlTemplate\":\"https:\\\/\\\/unifa-edu.info\\\/contenu\\\/?s={search_term_string}\"},\"query-input\":{\"@type\":\"PropertyValueSpecification\",\"valueRequired\":true,\"valueName\":\"search_term_string\"}}],\"inLanguage\":\"fr-FR\"}]}<\/script>\n<!-- \/ Yoast SEO plugin. -->","yoast_head_json":{"title":"R\u00e9sultats des \u00e9valuations de connaissances - Universit\u00e9 de la Fondation Dr Aristide","robots":{"index":"index","follow":"follow","max-snippet":"max-snippet:-1","max-image-preview":"max-image-preview:large","max-video-preview":"max-video-preview:-1"},"canonical":"https:\/\/unifa-edu.info\/contenu\/bulletin\/","og_locale":"fr_FR","og_type":"article","og_title":"R\u00e9sultats des \u00e9valuations de connaissances - Universit\u00e9 de la Fondation Dr Aristide","og_description":"&nbsp; Marche \u00e0 suivre (rappel): 1- l\u2019\u00e9tudiant se connecte \u00e0 son compte:\u00a0xxx@unifa-edu.info 2-l\u2019\u00e9tudiant introduit son code (le format doit \u00eatre respect\u00e9 : Ex: FM-12-1234 \u00a0 \u00a0 \u00a0 \u00a0FSJP-12-1233) Facult\u00e9 de M\u00e9decine Premi\u00e8re ann\u00e9e Deuxi\u00e8me ann\u00e9e Troisi\u00e8me ann\u00e9e Quatri\u00e8me ann\u00e9e Cinqui\u00e8me ann\u00e9e Facult\u00e9 d\u2019Odontologie Premi\u00e8re ann\u00e9e\u00a0 Deuxi\u00e8me ann\u00e9e Troisi\u00e8me ann\u00e9e Quatri\u00e8me ann\u00e9e Cinqui\u00e8me ann\u00e9e Facult\u00e9 des lire &hellip; Continue reading &rarr;","og_url":"https:\/\/unifa-edu.info\/contenu\/bulletin\/","og_site_name":"Universit\u00e9 de la Fondation Dr Aristide","article_modified_time":"2026-03-21T00:05:35+00:00","twitter_card":"summary_large_image","twitter_misc":{"Dur\u00e9e de lecture estim\u00e9e":"1 minute"},"schema":{"@context":"https:\/\/schema.org","@graph":[{"@type":"WebPage","@id":"https:\/\/unifa-edu.info\/contenu\/bulletin\/","url":"https:\/\/unifa-edu.info\/contenu\/bulletin\/","name":"R\u00e9sultats des \u00e9valuations de connaissances - Universit\u00e9 de la Fondation Dr Aristide","isPartOf":{"@id":"https:\/\/unifa-edu.info\/contenu\/#website"},"datePublished":"2022-03-26T12:25:19+00:00","dateModified":"2026-03-21T00:05:35+00:00","breadcrumb":{"@id":"https:\/\/unifa-edu.info\/contenu\/bulletin\/#breadcrumb"},"inLanguage":"fr-FR","potentialAction":[{"@type":"ReadAction","target":["https:\/\/unifa-edu.info\/contenu\/bulletin\/"]}]},{"@type":"BreadcrumbList","@id":"https:\/\/unifa-edu.info\/contenu\/bulletin\/#breadcrumb","itemListElement":[{"@type":"ListItem","position":1,"name":"Accueil","item":"https:\/\/unifa-edu.info\/contenu\/"},{"@type":"ListItem","position":2,"name":"R\u00e9sultats des \u00e9valuations de connaissances"}]},{"@type":"WebSite","@id":"https:\/\/unifa-edu.info\/contenu\/#website","url":"https:\/\/unifa-edu.info\/contenu\/","name":"Universit\u00e9 de la Fondation Dr Aristide","description":"","potentialAction":[{"@type":"SearchAction","target":{"@type":"EntryPoint","urlTemplate":"https:\/\/unifa-edu.info\/contenu\/?s={search_term_string}"},"query-input":{"@type":"PropertyValueSpecification","valueRequired":true,"valueName":"search_term_string"}}],"inLanguage":"fr-FR"}]}},"_links":{"self":[{"href":"https:\/\/unifa-edu.info\/contenu\/wp-json\/wp\/v2\/pages\/18517","targetHints":{"allow":["GET"]}}],"collection":[{"href":"https:\/\/unifa-edu.info\/contenu\/wp-json\/wp\/v2\/pages"}],"about":[{"href":"https:\/\/unifa-edu.info\/contenu\/wp-json\/wp\/v2\/types\/page"}],"author":[{"embeddable":true,"href":"https:\/\/unifa-edu.info\/contenu\/wp-json\/wp\/v2\/users\/3831"}],"replies":[{"embeddable":true,"href":"https:\/\/unifa-edu.info\/contenu\/wp-json\/wp\/v2\/comments?post=18517"}],"version-history":[{"count":201,"href":"https:\/\/unifa-edu.info\/contenu\/wp-json\/wp\/v2\/pages\/18517\/revisions"}],"predecessor-version":[{"id":25814,"href":"https:\/\/unifa-edu.info\/contenu\/wp-json\/wp\/v2\/pages\/18517\/revisions\/25814"}],"wp:attachment":[{"href":"https:\/\/unifa-edu.info\/contenu\/wp-json\/wp\/v2\/media?parent=18517"}],"curies":[{"name":"wp","href":"https:\/\/api.w.org\/{rel}","templated":true}]}}