{"id":18745,"date":"2022-07-28T10:10:36","date_gmt":"2022-07-28T14:10:36","guid":{"rendered":"https:\/\/unifa-edu.info\/contenu\/?page_id=18745"},"modified":"2022-07-28T10:11:47","modified_gmt":"2022-07-28T14:11:47","slug":"seminaire","status":"publish","type":"page","link":"https:\/\/unifa-edu.info\/contenu\/seminaire\/","title":{"rendered":"S\u00e9minaire de formation sur les techniques de l&#8217;informatique et les moyens de communication"},"content":{"rendered":"<p style=\"text-align: center;\"><strong>Formulaire de r\u00e9servation<\/strong><\/p>\n<div class=\"forminator-ui forminator-custom-form forminator-custom-form-18741 forminator-design--default  forminator_ajax\" data-forminator-render=\"0\" data-form=\"forminator-module-18741\" data-uid=\"69d22a6dd5306\"><br\/><\/div><form\n\t\t\t\tid=\"forminator-module-18741\"\n\t\t\t\tclass=\"forminator-ui forminator-custom-form forminator-custom-form-18741 forminator-design--default  forminator_ajax\"\n\t\t\t\tmethod=\"post\"\n\t\t\t\tdata-forminator-render=\"0\"\n\t\t\t\tdata-form-id=\"18741\"\n\t\t\t\t\n\t\t\t\tdata-design=\"default\"\n\t\t\t\t\n\t\t\t\t\n\t\t\t\t\n\t\t\t\tdata-grid=\"open\"\n\t\t\t\t\n\t\t\t\t\n\t\t\t\tstyle=\"display: none;\"\n\t\t\t\t\n\t\t\t\tdata-uid=\"69d22a6dd5306\"\n\t\t\t><div role=\"alert\" aria-live=\"polite\" class=\"forminator-response-message forminator-error\" aria-hidden=\"true\"><\/div><div class=\"forminator-row\"><div id=\"text-3\" class=\"forminator-field-text forminator-col forminator-col-6 \"><div class=\"forminator-field\"><label for=\"forminator-field-text-3_69d22a6dd5306\" id=\"forminator-field-text-3_69d22a6dd5306-label\" class=\"forminator-label\">Nom <span class=\"forminator-required\">*<\/span><\/label><input type=\"text\" name=\"text-3\" value=\"\" placeholder=\"\" id=\"forminator-field-text-3_69d22a6dd5306\" class=\"forminator-input forminator-name--field\" data-required=\"1\" \/><\/div><\/div><div id=\"text-4\" class=\"forminator-field-text forminator-col forminator-col-6 \"><div class=\"forminator-field\"><label for=\"forminator-field-text-4_69d22a6dd5306\" id=\"forminator-field-text-4_69d22a6dd5306-label\" class=\"forminator-label\">Pr\u00e9nom(s) <span class=\"forminator-required\">*<\/span><\/label><input type=\"text\" name=\"text-4\" value=\"\" placeholder=\"\" id=\"forminator-field-text-4_69d22a6dd5306\" class=\"forminator-input forminator-name--field\" data-required=\"1\" \/><\/div><\/div><\/div><div class=\"forminator-row\"><div id=\"radio-1\" class=\"forminator-field-radio forminator-col forminator-col-6 \"><div role=\"radiogroup\" class=\"forminator-field\" aria-labelledby=\"forminator-radiogroup-69d22a6dd5306-label\" aria-describedby=\"forminator-radiogroup-69d22a6dd5306-description\"><span id=\"forminator-radiogroup-69d22a6dd5306-label\" class=\"forminator-label\">Sexe <span class=\"forminator-required\">*<\/span><\/span><label id=\"forminator-field-radio-1-label-1\" for=\"forminator-field-radio-1-1-69d22a6dd5306\" class=\"forminator-radio\" title=\"Masculin\"><input type=\"radio\" name=\"radio-1\" value=\"Masculin\" id=\"forminator-field-radio-1-1-69d22a6dd5306\" aria-labelledby=\"forminator-field-radio-1-label-1\" data-calculation=\"0\"   aria-describedby=\"forminator-field-radio-1-69d22a6dd5306-description\"\/><span class=\"forminator-radio-bullet\" aria-hidden=\"true\"><\/span><span class=\"forminator-radio-label\">Masculin<\/span><\/label><label id=\"forminator-field-radio-1-label-2\" for=\"forminator-field-radio-1-2-69d22a6dd5306\" class=\"forminator-radio\" title=\"F\u00e9minin\"><input type=\"radio\" name=\"radio-1\" value=\"F\u00e9minin\" id=\"forminator-field-radio-1-2-69d22a6dd5306\" aria-labelledby=\"forminator-field-radio-1-label-2\" data-calculation=\"0\"   aria-describedby=\"forminator-field-radio-1-69d22a6dd5306-description\"\/><span class=\"forminator-radio-bullet\" aria-hidden=\"true\"><\/span><span class=\"forminator-radio-label\">F\u00e9minin<\/span><\/label><\/div><\/div><div id=\"date-1\" class=\"forminator-field-date forminator-col forminator-col-6 \"><div class=\"forminator-field\"><label for=\"forminator-field-date-1-picker_69d22a6dd5306\" id=\"forminator-field-date-1-picker_69d22a6dd5306-label\" class=\"forminator-label\">Date de naissance<\/label><div class=\"forminator-input-with-icon\"><label for=\"forminator-field-date-1-picker_69d22a6dd5306\"><span class=\"forminator-icon-calendar\" aria-hidden=\"true\"><\/span><\/label><input autocomplete=\"off\" type=\"text\" size=\"1\" name=\"date-1\" value=\"\" placeholder=\"\" id=\"forminator-field-date-1-picker_69d22a6dd5306\" class=\"forminator-input forminator-datepicker\" data-required=\"\" data-format=\"dd\/mm\/yy\" data-restrict-type=\"\" data-restrict=\"\" data-start-year=\"1926\" data-end-year=\"2126\" data-past-dates=\"enable\" data-start-of-week=\"0\" data-start-date=\"\" data-end-date=\"\" data-start-field=\"\" data-end-field=\"\" data-start-offset=\"\" data-end-offset=\"\" data-disable-date=\"\" data-disable-range=\"\" \/><\/div><\/div><\/div><\/div><div class=\"forminator-row\"><div id=\"phone-1\" class=\"forminator-field-phone forminator-col forminator-col-6 \"><div class=\"forminator-field\"><label for=\"forminator-field-phone-1_69d22a6dd5306\" id=\"forminator-field-phone-1_69d22a6dd5306-label\" class=\"forminator-label\">T\u00e9l\u00e9phone <span class=\"forminator-required\">*<\/span><\/label><input type=\"text\" name=\"phone-1\" value=\"\" placeholder=\"\" id=\"forminator-field-phone-1_69d22a6dd5306\" class=\"forminator-input forminator-field--phone\" data-required=\"1\" aria-required=\"true\" autocomplete=\"off\" \/><\/div><\/div><div id=\"email-1\" class=\"forminator-field-email forminator-col forminator-col-6 \"><div class=\"forminator-field\"><label for=\"forminator-field-email-1_69d22a6dd5306\" id=\"forminator-field-email-1_69d22a6dd5306-label\" class=\"forminator-label\">Adresse e-mail <span class=\"forminator-required\">*<\/span><\/label><input type=\"email\" name=\"email-1\" value=\"\" placeholder=\"\" id=\"forminator-field-email-1_69d22a6dd5306\" class=\"forminator-input forminator-email--field\" data-required=\"1\" aria-required=\"true\" \/><\/div><\/div><\/div><div class=\"forminator-row\"><div id=\"address-1\" class=\"forminator-field-address forminator-col forminator-col-12 \"><div class=\"forminator-row\"><div id=\"address-1-street_address\" class=\"forminator-col\"><div class=\"forminator-field\"><label for=\"forminator-field-address-1-street_address_69d22a6dd5306\" id=\"forminator-field-address-1-street_address_69d22a6dd5306-label\" class=\"forminator-label\">Adresse<\/label><input type=\"text\" name=\"address-1-street_address\" placeholder=\"\" id=\"forminator-field-address-1-street_address_69d22a6dd5306\" class=\"forminator-input\" data-required=\"\" aria-required=\"false\" value=\"\" \/><\/div><\/div><\/div><div class=\"forminator-row\" data-multiple=\"false\"><div id=\"address-1-city\" class=\"forminator-col forminator-col-12\"><div class=\"forminator-field\"><label for=\"forminator-field-address-1-city_69d22a6dd5306\" id=\"forminator-field-address-1-city_69d22a6dd5306-label\" class=\"forminator-label\">Ville<\/label><input type=\"text\" name=\"address-1-city\" placeholder=\"\" id=\"forminator-field-address-1-city_69d22a6dd5306\" class=\"forminator-input\" data-required=\"\" aria-required=\"false\" value=\"\" \/><\/div><\/div><\/div><\/div><\/div><div class=\"forminator-row\"><div id=\"text-1\" class=\"forminator-field-text forminator-col forminator-col-12 \"><div class=\"forminator-field\"><label for=\"forminator-field-text-1_69d22a6dd5306\" id=\"forminator-field-text-1_69d22a6dd5306-label\" class=\"forminator-label\">Occupation <span class=\"forminator-required\">*<\/span><\/label><input type=\"text\" name=\"text-1\" value=\"\" placeholder=\"\" id=\"forminator-field-text-1_69d22a6dd5306\" class=\"forminator-input forminator-name--field\" data-required=\"1\" \/><\/div><\/div><\/div><div class=\"forminator-row\"><div id=\"text-2\" class=\"forminator-field-text forminator-col forminator-col-12 \"><div class=\"forminator-field\"><label for=\"forminator-field-text-2_69d22a6dd5306\" id=\"forminator-field-text-2_69d22a6dd5306-label\" class=\"forminator-label\">Niveau d&#039;\u00e9tude <span class=\"forminator-required\">*<\/span><\/label><input type=\"text\" name=\"text-2\" value=\"\" placeholder=\"\" id=\"forminator-field-text-2_69d22a6dd5306\" class=\"forminator-input forminator-name--field\" data-required=\"1\" \/><\/div><\/div><\/div><input type=\"hidden\" name=\"referer_url\" value=\"\" \/><div class=\"forminator-row forminator-row-last\"><div class=\"forminator-col\"><div class=\"forminator-field\"><button class=\"forminator-button forminator-button-submit\">R&eacute;server<\/button><\/div><\/div><\/div><input type=\"hidden\" id=\"forminator_nonce\" name=\"forminator_nonce\" value=\"0c62dacd27\" \/><input type=\"hidden\" name=\"_wp_http_referer\" value=\"\/contenu\/wp-json\/wp\/v2\/pages\/18745\" \/><input type=\"hidden\" name=\"form_id\" value=\"18741\"><input type=\"hidden\" name=\"page_id\" value=\"18745\"><input type=\"hidden\" name=\"form_type\" value=\"default\"><input type=\"hidden\" name=\"current_url\" value=\"https:\/\/unifa-edu.info\/contenu\/seminaire\/\"><input type=\"hidden\" name=\"render_id\" value=\"0\"><input type=\"hidden\" name=\"action\" value=\"forminator_submit_form_custom-forms\"><\/form>\n","protected":false},"excerpt":{"rendered":"<p>Formulaire de r\u00e9servation<\/p>\n","protected":false},"author":3831,"featured_media":0,"parent":0,"menu_order":0,"comment_status":"closed","ping_status":"closed","template":"","meta":{"footnotes":""},"class_list":["post-18745","page","type-page","status-publish","hentry"],"yoast_head":"<!-- This site is optimized with the Yoast SEO plugin v27.3 - https:\/\/yoast.com\/product\/yoast-seo-wordpress\/ -->\n<title>S\u00e9minaire de formation sur les techniques de l&#039;informatique et les moyens de communication - Universit\u00e9 de la Fondation Dr Aristide<\/title>\n<meta name=\"robots\" content=\"index, follow, max-snippet:-1, max-image-preview:large, max-video-preview:-1\" \/>\n<link rel=\"canonical\" href=\"https:\/\/unifa-edu.info\/contenu\/seminaire\/\" \/>\n<meta property=\"og:locale\" content=\"fr_FR\" \/>\n<meta property=\"og:type\" content=\"article\" \/>\n<meta property=\"og:title\" content=\"S\u00e9minaire de formation sur les techniques de l&#039;informatique et les moyens de communication - Universit\u00e9 de la Fondation Dr Aristide\" \/>\n<meta property=\"og:description\" content=\"Formulaire de r\u00e9servation\" \/>\n<meta property=\"og:url\" content=\"https:\/\/unifa-edu.info\/contenu\/seminaire\/\" \/>\n<meta property=\"og:site_name\" content=\"Universit\u00e9 de la Fondation Dr Aristide\" \/>\n<meta property=\"article:modified_time\" content=\"2022-07-28T14:11:47+00:00\" \/>\n<meta name=\"twitter:card\" content=\"summary_large_image\" \/>\n<script type=\"application\/ld+json\" class=\"yoast-schema-graph\">{\"@context\":\"https:\\\/\\\/schema.org\",\"@graph\":[{\"@type\":\"WebPage\",\"@id\":\"https:\\\/\\\/unifa-edu.info\\\/contenu\\\/seminaire\\\/\",\"url\":\"https:\\\/\\\/unifa-edu.info\\\/contenu\\\/seminaire\\\/\",\"name\":\"S\u00e9minaire de formation sur les techniques de l'informatique et les moyens de communication - Universit\u00e9 de la Fondation Dr Aristide\",\"isPartOf\":{\"@id\":\"https:\\\/\\\/unifa-edu.info\\\/contenu\\\/#website\"},\"datePublished\":\"2022-07-28T14:10:36+00:00\",\"dateModified\":\"2022-07-28T14:11:47+00:00\",\"breadcrumb\":{\"@id\":\"https:\\\/\\\/unifa-edu.info\\\/contenu\\\/seminaire\\\/#breadcrumb\"},\"inLanguage\":\"fr-FR\",\"potentialAction\":[{\"@type\":\"ReadAction\",\"target\":[\"https:\\\/\\\/unifa-edu.info\\\/contenu\\\/seminaire\\\/\"]}]},{\"@type\":\"BreadcrumbList\",\"@id\":\"https:\\\/\\\/unifa-edu.info\\\/contenu\\\/seminaire\\\/#breadcrumb\",\"itemListElement\":[{\"@type\":\"ListItem\",\"position\":1,\"name\":\"Accueil\",\"item\":\"https:\\\/\\\/unifa-edu.info\\\/contenu\\\/\"},{\"@type\":\"ListItem\",\"position\":2,\"name\":\"S\u00e9minaire de formation sur les techniques de l&rsquo;informatique et les moyens de communication\"}]},{\"@type\":\"WebSite\",\"@id\":\"https:\\\/\\\/unifa-edu.info\\\/contenu\\\/#website\",\"url\":\"https:\\\/\\\/unifa-edu.info\\\/contenu\\\/\",\"name\":\"Universit\u00e9 de la Fondation Dr Aristide\",\"description\":\"\",\"potentialAction\":[{\"@type\":\"SearchAction\",\"target\":{\"@type\":\"EntryPoint\",\"urlTemplate\":\"https:\\\/\\\/unifa-edu.info\\\/contenu\\\/?s={search_term_string}\"},\"query-input\":{\"@type\":\"PropertyValueSpecification\",\"valueRequired\":true,\"valueName\":\"search_term_string\"}}],\"inLanguage\":\"fr-FR\"}]}<\/script>\n<!-- \/ Yoast SEO plugin. -->","yoast_head_json":{"title":"S\u00e9minaire de formation sur les techniques de l'informatique et les moyens de communication - Universit\u00e9 de la Fondation Dr Aristide","robots":{"index":"index","follow":"follow","max-snippet":"max-snippet:-1","max-image-preview":"max-image-preview:large","max-video-preview":"max-video-preview:-1"},"canonical":"https:\/\/unifa-edu.info\/contenu\/seminaire\/","og_locale":"fr_FR","og_type":"article","og_title":"S\u00e9minaire de formation sur les techniques de l'informatique et les moyens de communication - Universit\u00e9 de la Fondation Dr Aristide","og_description":"Formulaire de r\u00e9servation","og_url":"https:\/\/unifa-edu.info\/contenu\/seminaire\/","og_site_name":"Universit\u00e9 de la Fondation Dr Aristide","article_modified_time":"2022-07-28T14:11:47+00:00","twitter_card":"summary_large_image","schema":{"@context":"https:\/\/schema.org","@graph":[{"@type":"WebPage","@id":"https:\/\/unifa-edu.info\/contenu\/seminaire\/","url":"https:\/\/unifa-edu.info\/contenu\/seminaire\/","name":"S\u00e9minaire de formation sur les techniques de l'informatique et les moyens de communication - Universit\u00e9 de la Fondation Dr Aristide","isPartOf":{"@id":"https:\/\/unifa-edu.info\/contenu\/#website"},"datePublished":"2022-07-28T14:10:36+00:00","dateModified":"2022-07-28T14:11:47+00:00","breadcrumb":{"@id":"https:\/\/unifa-edu.info\/contenu\/seminaire\/#breadcrumb"},"inLanguage":"fr-FR","potentialAction":[{"@type":"ReadAction","target":["https:\/\/unifa-edu.info\/contenu\/seminaire\/"]}]},{"@type":"BreadcrumbList","@id":"https:\/\/unifa-edu.info\/contenu\/seminaire\/#breadcrumb","itemListElement":[{"@type":"ListItem","position":1,"name":"Accueil","item":"https:\/\/unifa-edu.info\/contenu\/"},{"@type":"ListItem","position":2,"name":"S\u00e9minaire de formation sur les techniques de l&rsquo;informatique et les moyens de communication"}]},{"@type":"WebSite","@id":"https:\/\/unifa-edu.info\/contenu\/#website","url":"https:\/\/unifa-edu.info\/contenu\/","name":"Universit\u00e9 de la Fondation Dr Aristide","description":"","potentialAction":[{"@type":"SearchAction","target":{"@type":"EntryPoint","urlTemplate":"https:\/\/unifa-edu.info\/contenu\/?s={search_term_string}"},"query-input":{"@type":"PropertyValueSpecification","valueRequired":true,"valueName":"search_term_string"}}],"inLanguage":"fr-FR"}]}},"_links":{"self":[{"href":"https:\/\/unifa-edu.info\/contenu\/wp-json\/wp\/v2\/pages\/18745","targetHints":{"allow":["GET"]}}],"collection":[{"href":"https:\/\/unifa-edu.info\/contenu\/wp-json\/wp\/v2\/pages"}],"about":[{"href":"https:\/\/unifa-edu.info\/contenu\/wp-json\/wp\/v2\/types\/page"}],"author":[{"embeddable":true,"href":"https:\/\/unifa-edu.info\/contenu\/wp-json\/wp\/v2\/users\/3831"}],"replies":[{"embeddable":true,"href":"https:\/\/unifa-edu.info\/contenu\/wp-json\/wp\/v2\/comments?post=18745"}],"version-history":[{"count":3,"href":"https:\/\/unifa-edu.info\/contenu\/wp-json\/wp\/v2\/pages\/18745\/revisions"}],"predecessor-version":[{"id":18749,"href":"https:\/\/unifa-edu.info\/contenu\/wp-json\/wp\/v2\/pages\/18745\/revisions\/18749"}],"wp:attachment":[{"href":"https:\/\/unifa-edu.info\/contenu\/wp-json\/wp\/v2\/media?parent=18745"}],"curies":[{"name":"wp","href":"https:\/\/api.w.org\/{rel}","templated":true}]}}