{"id":19276,"date":"2023-06-19T21:39:36","date_gmt":"2023-06-20T01:39:36","guid":{"rendered":"https:\/\/unifa-edu.info\/contenu\/?page_id=19276"},"modified":"2023-06-19T22:39:47","modified_gmt":"2023-06-20T02:39:47","slug":"connexion-refusee","status":"publish","type":"page","link":"https:\/\/unifa-edu.info\/contenu\/connexion-refusee\/","title":{"rendered":"Connexion refus\u00e9e"},"content":{"rendered":"<h4 style=\"text-align: center;\">\u00c9chec de la connexion. Veuillez r\u00e9essayer<\/h4>\n<h5 style=\"text-align: center;\"><span style=\"color: #ff0000;\">Votre identifiant ou le mot de passe utilis\u00e9 n&#8217;a pas \u00e9t\u00e9 authentifi\u00e9.<\/span><\/h5>\n<h4 style=\"text-align: center;\"><strong><a href=\"https:\/\/unifa-edu.info\/contenu\/mon-unifa\/\">Se reconnecter<\/a><\/strong><\/h4>\n<p style=\"text-align: center;\">ou<\/p>\n<p style=\"text-align: center;\"><strong><a href=\"https:\/\/unifa-edu.info\/contenu\/reinitialiser-mot-de-passe\/\">R\u00e9initialiser votre mot de passe<\/a><\/strong><\/p>\n","protected":false},"excerpt":{"rendered":"<p>\u00c9chec de la connexion. Veuillez r\u00e9essayer Votre identifiant ou le mot de passe utilis\u00e9 n&#8217;a pas \u00e9t\u00e9 authentifi\u00e9. Se reconnecter ou R\u00e9initialiser votre mot de passe<\/p>\n","protected":false},"author":4706,"featured_media":0,"parent":0,"menu_order":0,"comment_status":"closed","ping_status":"closed","template":"template-sidebar-right.php","meta":{"footnotes":""},"class_list":["post-19276","page","type-page","status-publish","hentry"],"yoast_head":"<!-- This site is optimized with the Yoast SEO plugin v27.5 - https:\/\/yoast.com\/product\/yoast-seo-wordpress\/ -->\n<title>Connexion refus\u00e9e - Universit\u00e9 de la Fondation Dr Aristide<\/title>\n<meta name=\"robots\" content=\"index, follow, max-snippet:-1, max-image-preview:large, max-video-preview:-1\" \/>\n<link rel=\"canonical\" href=\"https:\/\/unifa-edu.info\/contenu\/connexion-refusee\/\" \/>\n<meta property=\"og:locale\" content=\"fr_FR\" \/>\n<meta property=\"og:type\" content=\"article\" \/>\n<meta property=\"og:title\" content=\"Connexion refus\u00e9e - Universit\u00e9 de la Fondation Dr Aristide\" \/>\n<meta property=\"og:description\" content=\"\u00c9chec de la connexion. Veuillez r\u00e9essayer Votre identifiant ou le mot de passe utilis\u00e9 n&#8217;a pas \u00e9t\u00e9 authentifi\u00e9. Se reconnecter ou R\u00e9initialiser votre mot de passe\" \/>\n<meta property=\"og:url\" content=\"https:\/\/unifa-edu.info\/contenu\/connexion-refusee\/\" \/>\n<meta property=\"og:site_name\" content=\"Universit\u00e9 de la Fondation Dr Aristide\" \/>\n<meta property=\"article:modified_time\" content=\"2023-06-20T02:39:47+00:00\" \/>\n<meta name=\"twitter:card\" content=\"summary_large_image\" \/>\n<meta name=\"twitter:label1\" content=\"Dur\u00e9e de lecture estim\u00e9e\" \/>\n\t<meta name=\"twitter:data1\" content=\"1 minute\" \/>\n<script type=\"application\/ld+json\" class=\"yoast-schema-graph\">{\"@context\":\"https:\\\/\\\/schema.org\",\"@graph\":[{\"@type\":\"WebPage\",\"@id\":\"https:\\\/\\\/unifa-edu.info\\\/contenu\\\/connexion-refusee\\\/\",\"url\":\"https:\\\/\\\/unifa-edu.info\\\/contenu\\\/connexion-refusee\\\/\",\"name\":\"Connexion refus\u00e9e - Universit\u00e9 de la Fondation Dr Aristide\",\"isPartOf\":{\"@id\":\"https:\\\/\\\/unifa-edu.info\\\/contenu\\\/#website\"},\"datePublished\":\"2023-06-20T01:39:36+00:00\",\"dateModified\":\"2023-06-20T02:39:47+00:00\",\"breadcrumb\":{\"@id\":\"https:\\\/\\\/unifa-edu.info\\\/contenu\\\/connexion-refusee\\\/#breadcrumb\"},\"inLanguage\":\"fr-FR\",\"potentialAction\":[{\"@type\":\"ReadAction\",\"target\":[\"https:\\\/\\\/unifa-edu.info\\\/contenu\\\/connexion-refusee\\\/\"]}]},{\"@type\":\"BreadcrumbList\",\"@id\":\"https:\\\/\\\/unifa-edu.info\\\/contenu\\\/connexion-refusee\\\/#breadcrumb\",\"itemListElement\":[{\"@type\":\"ListItem\",\"position\":1,\"name\":\"Accueil\",\"item\":\"https:\\\/\\\/unifa-edu.info\\\/contenu\\\/\"},{\"@type\":\"ListItem\",\"position\":2,\"name\":\"Connexion refus\u00e9e\"}]},{\"@type\":\"WebSite\",\"@id\":\"https:\\\/\\\/unifa-edu.info\\\/contenu\\\/#website\",\"url\":\"https:\\\/\\\/unifa-edu.info\\\/contenu\\\/\",\"name\":\"Universit\u00e9 de la Fondation Dr Aristide\",\"description\":\"\",\"potentialAction\":[{\"@type\":\"SearchAction\",\"target\":{\"@type\":\"EntryPoint\",\"urlTemplate\":\"https:\\\/\\\/unifa-edu.info\\\/contenu\\\/?s={search_term_string}\"},\"query-input\":{\"@type\":\"PropertyValueSpecification\",\"valueRequired\":true,\"valueName\":\"search_term_string\"}}],\"inLanguage\":\"fr-FR\"}]}<\/script>\n<!-- \/ Yoast SEO plugin. -->","yoast_head_json":{"title":"Connexion refus\u00e9e - Universit\u00e9 de la Fondation Dr Aristide","robots":{"index":"index","follow":"follow","max-snippet":"max-snippet:-1","max-image-preview":"max-image-preview:large","max-video-preview":"max-video-preview:-1"},"canonical":"https:\/\/unifa-edu.info\/contenu\/connexion-refusee\/","og_locale":"fr_FR","og_type":"article","og_title":"Connexion refus\u00e9e - Universit\u00e9 de la Fondation Dr Aristide","og_description":"\u00c9chec de la connexion. Veuillez r\u00e9essayer Votre identifiant ou le mot de passe utilis\u00e9 n&#8217;a pas \u00e9t\u00e9 authentifi\u00e9. Se reconnecter ou R\u00e9initialiser votre mot de passe","og_url":"https:\/\/unifa-edu.info\/contenu\/connexion-refusee\/","og_site_name":"Universit\u00e9 de la Fondation Dr Aristide","article_modified_time":"2023-06-20T02:39:47+00:00","twitter_card":"summary_large_image","twitter_misc":{"Dur\u00e9e de lecture estim\u00e9e":"1 minute"},"schema":{"@context":"https:\/\/schema.org","@graph":[{"@type":"WebPage","@id":"https:\/\/unifa-edu.info\/contenu\/connexion-refusee\/","url":"https:\/\/unifa-edu.info\/contenu\/connexion-refusee\/","name":"Connexion refus\u00e9e - Universit\u00e9 de la Fondation Dr Aristide","isPartOf":{"@id":"https:\/\/unifa-edu.info\/contenu\/#website"},"datePublished":"2023-06-20T01:39:36+00:00","dateModified":"2023-06-20T02:39:47+00:00","breadcrumb":{"@id":"https:\/\/unifa-edu.info\/contenu\/connexion-refusee\/#breadcrumb"},"inLanguage":"fr-FR","potentialAction":[{"@type":"ReadAction","target":["https:\/\/unifa-edu.info\/contenu\/connexion-refusee\/"]}]},{"@type":"BreadcrumbList","@id":"https:\/\/unifa-edu.info\/contenu\/connexion-refusee\/#breadcrumb","itemListElement":[{"@type":"ListItem","position":1,"name":"Accueil","item":"https:\/\/unifa-edu.info\/contenu\/"},{"@type":"ListItem","position":2,"name":"Connexion refus\u00e9e"}]},{"@type":"WebSite","@id":"https:\/\/unifa-edu.info\/contenu\/#website","url":"https:\/\/unifa-edu.info\/contenu\/","name":"Universit\u00e9 de la Fondation Dr Aristide","description":"","potentialAction":[{"@type":"SearchAction","target":{"@type":"EntryPoint","urlTemplate":"https:\/\/unifa-edu.info\/contenu\/?s={search_term_string}"},"query-input":{"@type":"PropertyValueSpecification","valueRequired":true,"valueName":"search_term_string"}}],"inLanguage":"fr-FR"}]}},"_links":{"self":[{"href":"https:\/\/unifa-edu.info\/contenu\/wp-json\/wp\/v2\/pages\/19276","targetHints":{"allow":["GET"]}}],"collection":[{"href":"https:\/\/unifa-edu.info\/contenu\/wp-json\/wp\/v2\/pages"}],"about":[{"href":"https:\/\/unifa-edu.info\/contenu\/wp-json\/wp\/v2\/types\/page"}],"author":[{"embeddable":true,"href":"https:\/\/unifa-edu.info\/contenu\/wp-json\/wp\/v2\/users\/4706"}],"replies":[{"embeddable":true,"href":"https:\/\/unifa-edu.info\/contenu\/wp-json\/wp\/v2\/comments?post=19276"}],"version-history":[{"count":11,"href":"https:\/\/unifa-edu.info\/contenu\/wp-json\/wp\/v2\/pages\/19276\/revisions"}],"predecessor-version":[{"id":19292,"href":"https:\/\/unifa-edu.info\/contenu\/wp-json\/wp\/v2\/pages\/19276\/revisions\/19292"}],"wp:attachment":[{"href":"https:\/\/unifa-edu.info\/contenu\/wp-json\/wp\/v2\/media?parent=19276"}],"curies":[{"name":"wp","href":"https:\/\/api.w.org\/{rel}","templated":true}]}}