{"id":2,"date":"2019-01-29T18:34:25","date_gmt":"2019-01-29T18:34:25","guid":{"rendered":"http:\/\/unifa.edu.ht\/pages\/?page_id=2"},"modified":"2019-08-30T15:44:50","modified_gmt":"2019-08-30T19:44:50","slug":"unifa","status":"publish","type":"page","link":"https:\/\/unifa-edu.info\/contenu\/unifa\/","title":{"rendered":"L&#8217;UNIFA"},"content":{"rendered":"<p>L\u2019Universit\u00e9 de la Fondation Dr. Aristide (UNIFA) est le fruit de la d\u00e9termination d\u2019hommes et de femmes regroup\u00e9s au sein de cette institution vou\u00e9e \u00e0 la promotion de la d\u00e9mocratie, de la culture et de la science. Conscients de la place de l\u2019\u00e9ducation sup\u00e9rieure dans le d\u00e9veloppement int\u00e9gral de la nation, ces personnalit\u00e9s ont d\u00e9cid\u00e9 d\u2019offrir aux fils et aux filles du pays, l\u2019opportunit\u00e9 d\u2019entreprendre des \u00e9tudes sup\u00e9rieures de qualit\u00e9. Une place sp\u00e9ciale allait \u00eatre r\u00e9serv\u00e9e aux jeunes de la paysannerie et des nombreuses zones d\u00e9favoris\u00e9es du pays.<\/p>\n<p><!--more--><\/p>\n<p><strong>Le corps professoral.<\/strong><\/p>\n<p>Le corps professoral compte des m\u00e9decins ha\u00eftiens, am\u00e9ricains, cubains et espagnols. Les cours se dispensent en Fran\u00e7ais. Toutefois, en 2\u00e8me ann\u00e9e certains professeurs utilisent l\u2019Anglais et l\u2019Espagnol dans les cours y relatifs, \u00e0 la fois comme langues d\u2019enseignement et langues enseign\u00e9es.<\/p>\n","protected":false},"excerpt":{"rendered":"<p>L\u2019Universit\u00e9 de la Fondation Dr. Aristide (UNIFA) est le fruit de la d\u00e9termination d\u2019hommes et de femmes regroup\u00e9s au sein de cette institution vou\u00e9e \u00e0 la promotion de la d\u00e9mocratie, de la culture et de la science. Conscients de la place de l\u2019\u00e9ducation sup\u00e9rieure dans le d\u00e9veloppement int\u00e9gral de la nation, ces personnalit\u00e9s ont d\u00e9cid\u00e9 lire &hellip; <a href=\"https:\/\/unifa-edu.info\/contenu\/unifa\/\">Continue reading <span class=\"meta-nav\">&rarr;<\/span><\/a><\/p>\n","protected":false},"author":3831,"featured_media":0,"parent":0,"menu_order":2,"comment_status":"closed","ping_status":"open","template":"template-full-width.php","meta":{"footnotes":""},"class_list":["post-2","page","type-page","status-publish","hentry"],"yoast_head":"<!-- This site is optimized with the Yoast SEO plugin v27.3 - https:\/\/yoast.com\/product\/yoast-seo-wordpress\/ -->\n<title>L&#039;UNIFA - Universit\u00e9 de la Fondation Dr Aristide<\/title>\n<meta name=\"robots\" content=\"index, follow, max-snippet:-1, max-image-preview:large, max-video-preview:-1\" \/>\n<link rel=\"canonical\" href=\"https:\/\/unifa-edu.info\/contenu\/unifa\/\" \/>\n<meta property=\"og:locale\" content=\"fr_FR\" \/>\n<meta property=\"og:type\" content=\"article\" \/>\n<meta property=\"og:title\" content=\"L&#039;UNIFA - Universit\u00e9 de la Fondation Dr Aristide\" \/>\n<meta property=\"og:description\" content=\"L\u2019Universit\u00e9 de la Fondation Dr. Aristide (UNIFA) est le fruit de la d\u00e9termination d\u2019hommes et de femmes regroup\u00e9s au sein de cette institution vou\u00e9e \u00e0 la promotion de la d\u00e9mocratie, de la culture et de la science. Conscients de la place de l\u2019\u00e9ducation sup\u00e9rieure dans le d\u00e9veloppement int\u00e9gral de la nation, ces personnalit\u00e9s ont d\u00e9cid\u00e9 lire &hellip; Continue reading &rarr;\" \/>\n<meta property=\"og:url\" content=\"https:\/\/unifa-edu.info\/contenu\/unifa\/\" \/>\n<meta property=\"og:site_name\" content=\"Universit\u00e9 de la Fondation Dr Aristide\" \/>\n<meta property=\"article:modified_time\" content=\"2019-08-30T19:44:50+00:00\" \/>\n<meta name=\"twitter:card\" content=\"summary_large_image\" \/>\n<meta name=\"twitter:label1\" content=\"Dur\u00e9e de lecture estim\u00e9e\" \/>\n\t<meta name=\"twitter:data1\" content=\"1 minute\" \/>\n<script type=\"application\/ld+json\" class=\"yoast-schema-graph\">{\"@context\":\"https:\\\/\\\/schema.org\",\"@graph\":[{\"@type\":\"WebPage\",\"@id\":\"https:\\\/\\\/unifa-edu.info\\\/contenu\\\/unifa\\\/\",\"url\":\"https:\\\/\\\/unifa-edu.info\\\/contenu\\\/unifa\\\/\",\"name\":\"L'UNIFA - Universit\u00e9 de la Fondation Dr Aristide\",\"isPartOf\":{\"@id\":\"https:\\\/\\\/unifa-edu.info\\\/contenu\\\/#website\"},\"datePublished\":\"2019-01-29T18:34:25+00:00\",\"dateModified\":\"2019-08-30T19:44:50+00:00\",\"breadcrumb\":{\"@id\":\"https:\\\/\\\/unifa-edu.info\\\/contenu\\\/unifa\\\/#breadcrumb\"},\"inLanguage\":\"fr-FR\",\"potentialAction\":[{\"@type\":\"ReadAction\",\"target\":[\"https:\\\/\\\/unifa-edu.info\\\/contenu\\\/unifa\\\/\"]}]},{\"@type\":\"BreadcrumbList\",\"@id\":\"https:\\\/\\\/unifa-edu.info\\\/contenu\\\/unifa\\\/#breadcrumb\",\"itemListElement\":[{\"@type\":\"ListItem\",\"position\":1,\"name\":\"Accueil\",\"item\":\"https:\\\/\\\/unifa-edu.info\\\/contenu\\\/\"},{\"@type\":\"ListItem\",\"position\":2,\"name\":\"L&rsquo;UNIFA\"}]},{\"@type\":\"WebSite\",\"@id\":\"https:\\\/\\\/unifa-edu.info\\\/contenu\\\/#website\",\"url\":\"https:\\\/\\\/unifa-edu.info\\\/contenu\\\/\",\"name\":\"Universit\u00e9 de la Fondation Dr Aristide\",\"description\":\"\",\"potentialAction\":[{\"@type\":\"SearchAction\",\"target\":{\"@type\":\"EntryPoint\",\"urlTemplate\":\"https:\\\/\\\/unifa-edu.info\\\/contenu\\\/?s={search_term_string}\"},\"query-input\":{\"@type\":\"PropertyValueSpecification\",\"valueRequired\":true,\"valueName\":\"search_term_string\"}}],\"inLanguage\":\"fr-FR\"}]}<\/script>\n<!-- \/ Yoast SEO plugin. -->","yoast_head_json":{"title":"L'UNIFA - Universit\u00e9 de la Fondation Dr Aristide","robots":{"index":"index","follow":"follow","max-snippet":"max-snippet:-1","max-image-preview":"max-image-preview:large","max-video-preview":"max-video-preview:-1"},"canonical":"https:\/\/unifa-edu.info\/contenu\/unifa\/","og_locale":"fr_FR","og_type":"article","og_title":"L'UNIFA - Universit\u00e9 de la Fondation Dr Aristide","og_description":"L\u2019Universit\u00e9 de la Fondation Dr. Aristide (UNIFA) est le fruit de la d\u00e9termination d\u2019hommes et de femmes regroup\u00e9s au sein de cette institution vou\u00e9e \u00e0 la promotion de la d\u00e9mocratie, de la culture et de la science. Conscients de la place de l\u2019\u00e9ducation sup\u00e9rieure dans le d\u00e9veloppement int\u00e9gral de la nation, ces personnalit\u00e9s ont d\u00e9cid\u00e9 lire &hellip; Continue reading &rarr;","og_url":"https:\/\/unifa-edu.info\/contenu\/unifa\/","og_site_name":"Universit\u00e9 de la Fondation Dr Aristide","article_modified_time":"2019-08-30T19:44:50+00:00","twitter_card":"summary_large_image","twitter_misc":{"Dur\u00e9e de lecture estim\u00e9e":"1 minute"},"schema":{"@context":"https:\/\/schema.org","@graph":[{"@type":"WebPage","@id":"https:\/\/unifa-edu.info\/contenu\/unifa\/","url":"https:\/\/unifa-edu.info\/contenu\/unifa\/","name":"L'UNIFA - Universit\u00e9 de la Fondation Dr Aristide","isPartOf":{"@id":"https:\/\/unifa-edu.info\/contenu\/#website"},"datePublished":"2019-01-29T18:34:25+00:00","dateModified":"2019-08-30T19:44:50+00:00","breadcrumb":{"@id":"https:\/\/unifa-edu.info\/contenu\/unifa\/#breadcrumb"},"inLanguage":"fr-FR","potentialAction":[{"@type":"ReadAction","target":["https:\/\/unifa-edu.info\/contenu\/unifa\/"]}]},{"@type":"BreadcrumbList","@id":"https:\/\/unifa-edu.info\/contenu\/unifa\/#breadcrumb","itemListElement":[{"@type":"ListItem","position":1,"name":"Accueil","item":"https:\/\/unifa-edu.info\/contenu\/"},{"@type":"ListItem","position":2,"name":"L&rsquo;UNIFA"}]},{"@type":"WebSite","@id":"https:\/\/unifa-edu.info\/contenu\/#website","url":"https:\/\/unifa-edu.info\/contenu\/","name":"Universit\u00e9 de la Fondation Dr Aristide","description":"","potentialAction":[{"@type":"SearchAction","target":{"@type":"EntryPoint","urlTemplate":"https:\/\/unifa-edu.info\/contenu\/?s={search_term_string}"},"query-input":{"@type":"PropertyValueSpecification","valueRequired":true,"valueName":"search_term_string"}}],"inLanguage":"fr-FR"}]}},"_links":{"self":[{"href":"https:\/\/unifa-edu.info\/contenu\/wp-json\/wp\/v2\/pages\/2","targetHints":{"allow":["GET"]}}],"collection":[{"href":"https:\/\/unifa-edu.info\/contenu\/wp-json\/wp\/v2\/pages"}],"about":[{"href":"https:\/\/unifa-edu.info\/contenu\/wp-json\/wp\/v2\/types\/page"}],"author":[{"embeddable":true,"href":"https:\/\/unifa-edu.info\/contenu\/wp-json\/wp\/v2\/users\/3831"}],"replies":[{"embeddable":true,"href":"https:\/\/unifa-edu.info\/contenu\/wp-json\/wp\/v2\/comments?post=2"}],"version-history":[{"count":5,"href":"https:\/\/unifa-edu.info\/contenu\/wp-json\/wp\/v2\/pages\/2\/revisions"}],"predecessor-version":[{"id":4053,"href":"https:\/\/unifa-edu.info\/contenu\/wp-json\/wp\/v2\/pages\/2\/revisions\/4053"}],"wp:attachment":[{"href":"https:\/\/unifa-edu.info\/contenu\/wp-json\/wp\/v2\/media?parent=2"}],"curies":[{"name":"wp","href":"https:\/\/api.w.org\/{rel}","templated":true}]}}