{"id":20463,"date":"2024-07-23T09:56:43","date_gmt":"2024-07-23T13:56:43","guid":{"rendered":"https:\/\/unifa-edu.info\/contenu\/?page_id=20463"},"modified":"2025-07-11T13:17:32","modified_gmt":"2025-07-11T17:17:32","slug":"conditions-et-demarches-a-suivre-pour-les-inscriptions-pour-la-nouvelle-annee-academique-2024-2025","status":"publish","type":"page","link":"https:\/\/unifa-edu.info\/contenu\/conditions-et-demarches-a-suivre-pour-les-inscriptions-pour-la-nouvelle-annee-academique-2024-2025\/","title":{"rendered":"Conditions et d\u00e9marches \u00e0 suivre pour les inscriptions pour la nouvelle ann\u00e9e acad\u00e9mique 2025-2026"},"content":{"rendered":"<p>Conditions et d\u00e9marches \u00e0 suivre pour les inscriptions (ann\u00e9e<br \/>\nacad\u00e9mique 2025-2026)<\/p>\n<p>1- Le formulaire d\u2019inscription accessible \u00e0 partir du lien (<a href=\"https:\/\/unifa-edu.info\/contenu\/formulaire-dinscription-annee-academique-2025-2026\/\">Formulaire d&#8217;inscription ann\u00e9e acad\u00e9mique 2025-2026 &#8211; Universit\u00e9 de la Fondation Dr Aristide)<\/a><br \/>\ndevra \u00eatre convenablement rempli.<br \/>\n2- La date du d\u00e9but des inscriptions en pr\u00e9sentiel sera annonc\u00e9e ult\u00e9rieurement.<\/p>\n","protected":false},"excerpt":{"rendered":"<p>Conditions et d\u00e9marches \u00e0 suivre pour les inscriptions (ann\u00e9e acad\u00e9mique 2025-2026) 1- Le formulaire d\u2019inscription accessible \u00e0 partir du lien (Formulaire d&#8217;inscription ann\u00e9e acad\u00e9mique 2025-2026 &#8211; Universit\u00e9 de la Fondation Dr Aristide) devra \u00eatre convenablement rempli. 2- La date du d\u00e9but des inscriptions en pr\u00e9sentiel sera annonc\u00e9e ult\u00e9rieurement.<\/p>\n","protected":false},"author":3832,"featured_media":0,"parent":0,"menu_order":0,"comment_status":"closed","ping_status":"closed","template":"","meta":{"footnotes":""},"class_list":["post-20463","page","type-page","status-publish","hentry"],"yoast_head":"<!-- This site is optimized with the Yoast SEO plugin v27.3 - https:\/\/yoast.com\/product\/yoast-seo-wordpress\/ -->\n<title>Conditions et d\u00e9marches \u00e0 suivre pour les inscriptions pour la nouvelle ann\u00e9e acad\u00e9mique 2025-2026 - Universit\u00e9 de la Fondation Dr Aristide<\/title>\n<meta name=\"robots\" content=\"index, follow, max-snippet:-1, max-image-preview:large, max-video-preview:-1\" \/>\n<link rel=\"canonical\" href=\"https:\/\/unifa-edu.info\/contenu\/conditions-et-demarches-a-suivre-pour-les-inscriptions-pour-la-nouvelle-annee-academique-2024-2025\/\" \/>\n<meta property=\"og:locale\" content=\"fr_FR\" \/>\n<meta property=\"og:type\" content=\"article\" \/>\n<meta property=\"og:title\" content=\"Conditions et d\u00e9marches \u00e0 suivre pour les inscriptions pour la nouvelle ann\u00e9e acad\u00e9mique 2025-2026 - Universit\u00e9 de la Fondation Dr Aristide\" \/>\n<meta property=\"og:description\" content=\"Conditions et d\u00e9marches \u00e0 suivre pour les inscriptions (ann\u00e9e acad\u00e9mique 2025-2026) 1- Le formulaire d\u2019inscription accessible \u00e0 partir du lien (Formulaire d&#8217;inscription ann\u00e9e acad\u00e9mique 2025-2026 &#8211; Universit\u00e9 de la Fondation Dr Aristide) devra \u00eatre convenablement rempli. 2- La date du d\u00e9but des inscriptions en pr\u00e9sentiel sera annonc\u00e9e ult\u00e9rieurement.\" \/>\n<meta property=\"og:url\" content=\"https:\/\/unifa-edu.info\/contenu\/conditions-et-demarches-a-suivre-pour-les-inscriptions-pour-la-nouvelle-annee-academique-2024-2025\/\" \/>\n<meta property=\"og:site_name\" content=\"Universit\u00e9 de la Fondation Dr Aristide\" \/>\n<meta property=\"article:modified_time\" content=\"2025-07-11T17:17:32+00:00\" \/>\n<meta name=\"twitter:card\" content=\"summary_large_image\" \/>\n<meta name=\"twitter:label1\" content=\"Dur\u00e9e de lecture estim\u00e9e\" \/>\n\t<meta name=\"twitter:data1\" content=\"1 minute\" \/>\n<script type=\"application\/ld+json\" class=\"yoast-schema-graph\">{\"@context\":\"https:\\\/\\\/schema.org\",\"@graph\":[{\"@type\":\"WebPage\",\"@id\":\"https:\\\/\\\/unifa-edu.info\\\/contenu\\\/conditions-et-demarches-a-suivre-pour-les-inscriptions-pour-la-nouvelle-annee-academique-2024-2025\\\/\",\"url\":\"https:\\\/\\\/unifa-edu.info\\\/contenu\\\/conditions-et-demarches-a-suivre-pour-les-inscriptions-pour-la-nouvelle-annee-academique-2024-2025\\\/\",\"name\":\"Conditions et d\u00e9marches \u00e0 suivre pour les inscriptions pour la nouvelle ann\u00e9e acad\u00e9mique 2025-2026 - Universit\u00e9 de la Fondation Dr Aristide\",\"isPartOf\":{\"@id\":\"https:\\\/\\\/unifa-edu.info\\\/contenu\\\/#website\"},\"datePublished\":\"2024-07-23T13:56:43+00:00\",\"dateModified\":\"2025-07-11T17:17:32+00:00\",\"breadcrumb\":{\"@id\":\"https:\\\/\\\/unifa-edu.info\\\/contenu\\\/conditions-et-demarches-a-suivre-pour-les-inscriptions-pour-la-nouvelle-annee-academique-2024-2025\\\/#breadcrumb\"},\"inLanguage\":\"fr-FR\",\"potentialAction\":[{\"@type\":\"ReadAction\",\"target\":[\"https:\\\/\\\/unifa-edu.info\\\/contenu\\\/conditions-et-demarches-a-suivre-pour-les-inscriptions-pour-la-nouvelle-annee-academique-2024-2025\\\/\"]}]},{\"@type\":\"BreadcrumbList\",\"@id\":\"https:\\\/\\\/unifa-edu.info\\\/contenu\\\/conditions-et-demarches-a-suivre-pour-les-inscriptions-pour-la-nouvelle-annee-academique-2024-2025\\\/#breadcrumb\",\"itemListElement\":[{\"@type\":\"ListItem\",\"position\":1,\"name\":\"Accueil\",\"item\":\"https:\\\/\\\/unifa-edu.info\\\/contenu\\\/\"},{\"@type\":\"ListItem\",\"position\":2,\"name\":\"Conditions et d\u00e9marches \u00e0 suivre pour les inscriptions pour la nouvelle ann\u00e9e acad\u00e9mique 2025-2026\"}]},{\"@type\":\"WebSite\",\"@id\":\"https:\\\/\\\/unifa-edu.info\\\/contenu\\\/#website\",\"url\":\"https:\\\/\\\/unifa-edu.info\\\/contenu\\\/\",\"name\":\"Universit\u00e9 de la Fondation Dr Aristide\",\"description\":\"\",\"potentialAction\":[{\"@type\":\"SearchAction\",\"target\":{\"@type\":\"EntryPoint\",\"urlTemplate\":\"https:\\\/\\\/unifa-edu.info\\\/contenu\\\/?s={search_term_string}\"},\"query-input\":{\"@type\":\"PropertyValueSpecification\",\"valueRequired\":true,\"valueName\":\"search_term_string\"}}],\"inLanguage\":\"fr-FR\"}]}<\/script>\n<!-- \/ Yoast SEO plugin. -->","yoast_head_json":{"title":"Conditions et d\u00e9marches \u00e0 suivre pour les inscriptions pour la nouvelle ann\u00e9e acad\u00e9mique 2025-2026 - Universit\u00e9 de la Fondation Dr Aristide","robots":{"index":"index","follow":"follow","max-snippet":"max-snippet:-1","max-image-preview":"max-image-preview:large","max-video-preview":"max-video-preview:-1"},"canonical":"https:\/\/unifa-edu.info\/contenu\/conditions-et-demarches-a-suivre-pour-les-inscriptions-pour-la-nouvelle-annee-academique-2024-2025\/","og_locale":"fr_FR","og_type":"article","og_title":"Conditions et d\u00e9marches \u00e0 suivre pour les inscriptions pour la nouvelle ann\u00e9e acad\u00e9mique 2025-2026 - Universit\u00e9 de la Fondation Dr Aristide","og_description":"Conditions et d\u00e9marches \u00e0 suivre pour les inscriptions (ann\u00e9e acad\u00e9mique 2025-2026) 1- Le formulaire d\u2019inscription accessible \u00e0 partir du lien (Formulaire d&#8217;inscription ann\u00e9e acad\u00e9mique 2025-2026 &#8211; Universit\u00e9 de la Fondation Dr Aristide) devra \u00eatre convenablement rempli. 2- La date du d\u00e9but des inscriptions en pr\u00e9sentiel sera annonc\u00e9e ult\u00e9rieurement.","og_url":"https:\/\/unifa-edu.info\/contenu\/conditions-et-demarches-a-suivre-pour-les-inscriptions-pour-la-nouvelle-annee-academique-2024-2025\/","og_site_name":"Universit\u00e9 de la Fondation Dr Aristide","article_modified_time":"2025-07-11T17:17:32+00:00","twitter_card":"summary_large_image","twitter_misc":{"Dur\u00e9e de lecture estim\u00e9e":"1 minute"},"schema":{"@context":"https:\/\/schema.org","@graph":[{"@type":"WebPage","@id":"https:\/\/unifa-edu.info\/contenu\/conditions-et-demarches-a-suivre-pour-les-inscriptions-pour-la-nouvelle-annee-academique-2024-2025\/","url":"https:\/\/unifa-edu.info\/contenu\/conditions-et-demarches-a-suivre-pour-les-inscriptions-pour-la-nouvelle-annee-academique-2024-2025\/","name":"Conditions et d\u00e9marches \u00e0 suivre pour les inscriptions pour la nouvelle ann\u00e9e acad\u00e9mique 2025-2026 - Universit\u00e9 de la Fondation Dr Aristide","isPartOf":{"@id":"https:\/\/unifa-edu.info\/contenu\/#website"},"datePublished":"2024-07-23T13:56:43+00:00","dateModified":"2025-07-11T17:17:32+00:00","breadcrumb":{"@id":"https:\/\/unifa-edu.info\/contenu\/conditions-et-demarches-a-suivre-pour-les-inscriptions-pour-la-nouvelle-annee-academique-2024-2025\/#breadcrumb"},"inLanguage":"fr-FR","potentialAction":[{"@type":"ReadAction","target":["https:\/\/unifa-edu.info\/contenu\/conditions-et-demarches-a-suivre-pour-les-inscriptions-pour-la-nouvelle-annee-academique-2024-2025\/"]}]},{"@type":"BreadcrumbList","@id":"https:\/\/unifa-edu.info\/contenu\/conditions-et-demarches-a-suivre-pour-les-inscriptions-pour-la-nouvelle-annee-academique-2024-2025\/#breadcrumb","itemListElement":[{"@type":"ListItem","position":1,"name":"Accueil","item":"https:\/\/unifa-edu.info\/contenu\/"},{"@type":"ListItem","position":2,"name":"Conditions et d\u00e9marches \u00e0 suivre pour les inscriptions pour la nouvelle ann\u00e9e acad\u00e9mique 2025-2026"}]},{"@type":"WebSite","@id":"https:\/\/unifa-edu.info\/contenu\/#website","url":"https:\/\/unifa-edu.info\/contenu\/","name":"Universit\u00e9 de la Fondation Dr Aristide","description":"","potentialAction":[{"@type":"SearchAction","target":{"@type":"EntryPoint","urlTemplate":"https:\/\/unifa-edu.info\/contenu\/?s={search_term_string}"},"query-input":{"@type":"PropertyValueSpecification","valueRequired":true,"valueName":"search_term_string"}}],"inLanguage":"fr-FR"}]}},"_links":{"self":[{"href":"https:\/\/unifa-edu.info\/contenu\/wp-json\/wp\/v2\/pages\/20463","targetHints":{"allow":["GET"]}}],"collection":[{"href":"https:\/\/unifa-edu.info\/contenu\/wp-json\/wp\/v2\/pages"}],"about":[{"href":"https:\/\/unifa-edu.info\/contenu\/wp-json\/wp\/v2\/types\/page"}],"author":[{"embeddable":true,"href":"https:\/\/unifa-edu.info\/contenu\/wp-json\/wp\/v2\/users\/3832"}],"replies":[{"embeddable":true,"href":"https:\/\/unifa-edu.info\/contenu\/wp-json\/wp\/v2\/comments?post=20463"}],"version-history":[{"count":8,"href":"https:\/\/unifa-edu.info\/contenu\/wp-json\/wp\/v2\/pages\/20463\/revisions"}],"predecessor-version":[{"id":22825,"href":"https:\/\/unifa-edu.info\/contenu\/wp-json\/wp\/v2\/pages\/20463\/revisions\/22825"}],"wp:attachment":[{"href":"https:\/\/unifa-edu.info\/contenu\/wp-json\/wp\/v2\/media?parent=20463"}],"curies":[{"name":"wp","href":"https:\/\/api.w.org\/{rel}","templated":true}]}}