{"id":21905,"date":"2025-01-15T09:24:22","date_gmt":"2025-01-15T14:24:22","guid":{"rendered":"https:\/\/unifa-edu.info\/contenu\/?page_id=21905"},"modified":"2025-07-11T13:22:26","modified_gmt":"2025-07-11T17:22:26","slug":"faculte-de-medecine","status":"publish","type":"page","link":"https:\/\/unifa-edu.info\/contenu\/faculte-de-medecine\/","title":{"rendered":"Facult\u00e9 de M\u00e9decine"},"content":{"rendered":"<p><img fetchpriority=\"high\" decoding=\"async\" class=\"alignnone size-full wp-image-22204 aligncenter\" src=\"https:\/\/unifa-edu.info\/contenu\/wp-content\/uploads\/2025\/03\/53-300x200-1.jpg\" alt=\"\" width=\"300\" height=\"200\" srcset=\"https:\/\/unifa-edu.info\/contenu\/wp-content\/uploads\/2025\/03\/53-300x200-1.jpg 300w, https:\/\/unifa-edu.info\/contenu\/wp-content\/uploads\/2025\/03\/53-300x200-1-75x50.jpg 75w\" sizes=\"(max-width: 300px) 100vw, 300px\" \/><\/p>\n<p><img decoding=\"async\" class=\"size-full wp-image-22205 aligncenter\" src=\"https:\/\/unifa-edu.info\/contenu\/wp-content\/uploads\/2025\/03\/PHOTO-2024-03-06-14-06-53-4-1-300x200-1.jpg\" alt=\"\" width=\"300\" height=\"200\" srcset=\"https:\/\/unifa-edu.info\/contenu\/wp-content\/uploads\/2025\/03\/PHOTO-2024-03-06-14-06-53-4-1-300x200-1.jpg 300w, https:\/\/unifa-edu.info\/contenu\/wp-content\/uploads\/2025\/03\/PHOTO-2024-03-06-14-06-53-4-1-300x200-1-75x50.jpg 75w\" sizes=\"(max-width: 300px) 100vw, 300px\" \/><img decoding=\"async\" class=\"size-full wp-image-22206 aligncenter\" src=\"https:\/\/unifa-edu.info\/contenu\/wp-content\/uploads\/2025\/03\/PHOTO-2024-05-20-13-03-39-300x200-1.jpg\" alt=\"\" width=\"300\" height=\"200\" srcset=\"https:\/\/unifa-edu.info\/contenu\/wp-content\/uploads\/2025\/03\/PHOTO-2024-05-20-13-03-39-300x200-1.jpg 300w, https:\/\/unifa-edu.info\/contenu\/wp-content\/uploads\/2025\/03\/PHOTO-2024-05-20-13-03-39-300x200-1-75x50.jpg 75w\" sizes=\"(max-width: 300px) 100vw, 300px\" \/><\/p>\n<p>&nbsp;<\/p>\n<p style=\"text-align: center;\"><strong>De la facult\u00e9 \u00e0 l\u2019h\u00f4pital<\/strong><\/p>\n<div style=\"width: 600px;\" class=\"wp-video\"><video class=\"wp-video-shortcode\" id=\"video-21905-1\" width=\"600\" height=\"338\" autoplay preload=\"metadata\" controls=\"controls\"><source type=\"video\/mp4\" src=\"https:\/\/unifa-edu.info\/contenu\/wp-content\/uploads\/2025\/02\/MARDI-1.mp4?_=1\" \/><a href=\"https:\/\/unifa-edu.info\/contenu\/wp-content\/uploads\/2025\/02\/MARDI-1.mp4\">https:\/\/unifa-edu.info\/contenu\/wp-content\/uploads\/2025\/02\/MARDI-1.mp4<\/a><\/video><\/div>\n","protected":false},"excerpt":{"rendered":"<p>&nbsp; De la facult\u00e9 \u00e0 l\u2019h\u00f4pital<\/p>\n","protected":false},"author":3832,"featured_media":0,"parent":0,"menu_order":0,"comment_status":"closed","ping_status":"closed","template":"","meta":{"footnotes":""},"class_list":["post-21905","page","type-page","status-publish","hentry"],"yoast_head":"<!-- This site is optimized with the Yoast SEO plugin v27.3 - https:\/\/yoast.com\/product\/yoast-seo-wordpress\/ -->\n<title>Facult\u00e9 de M\u00e9decine - Universit\u00e9 de la Fondation Dr Aristide<\/title>\n<meta name=\"robots\" content=\"index, follow, max-snippet:-1, max-image-preview:large, max-video-preview:-1\" \/>\n<link rel=\"canonical\" href=\"https:\/\/unifa-edu.info\/contenu\/faculte-de-medecine\/\" \/>\n<meta property=\"og:locale\" content=\"fr_FR\" \/>\n<meta property=\"og:type\" content=\"article\" \/>\n<meta property=\"og:title\" content=\"Facult\u00e9 de M\u00e9decine - Universit\u00e9 de la Fondation Dr Aristide\" \/>\n<meta property=\"og:description\" content=\"&nbsp; De la facult\u00e9 \u00e0 l\u2019h\u00f4pital\" \/>\n<meta property=\"og:url\" content=\"https:\/\/unifa-edu.info\/contenu\/faculte-de-medecine\/\" \/>\n<meta property=\"og:site_name\" content=\"Universit\u00e9 de la Fondation Dr Aristide\" \/>\n<meta property=\"article:modified_time\" content=\"2025-07-11T17:22:26+00:00\" \/>\n<meta property=\"og:image\" content=\"https:\/\/unifa-edu.info\/contenu\/wp-content\/uploads\/2025\/03\/53-300x200-1.jpg\" \/>\n\t<meta property=\"og:image:width\" content=\"300\" \/>\n\t<meta property=\"og:image:height\" content=\"200\" \/>\n\t<meta property=\"og:image:type\" content=\"image\/jpeg\" \/>\n<meta name=\"twitter:card\" content=\"summary_large_image\" \/>\n<meta name=\"twitter:label1\" content=\"Dur\u00e9e de lecture estim\u00e9e\" \/>\n\t<meta name=\"twitter:data1\" content=\"1 minute\" \/>\n<script type=\"application\/ld+json\" class=\"yoast-schema-graph\">{\"@context\":\"https:\\\/\\\/schema.org\",\"@graph\":[{\"@type\":\"WebPage\",\"@id\":\"https:\\\/\\\/unifa-edu.info\\\/contenu\\\/faculte-de-medecine\\\/\",\"url\":\"https:\\\/\\\/unifa-edu.info\\\/contenu\\\/faculte-de-medecine\\\/\",\"name\":\"Facult\u00e9 de M\u00e9decine - Universit\u00e9 de la Fondation Dr Aristide\",\"isPartOf\":{\"@id\":\"https:\\\/\\\/unifa-edu.info\\\/contenu\\\/#website\"},\"primaryImageOfPage\":{\"@id\":\"https:\\\/\\\/unifa-edu.info\\\/contenu\\\/faculte-de-medecine\\\/#primaryimage\"},\"image\":{\"@id\":\"https:\\\/\\\/unifa-edu.info\\\/contenu\\\/faculte-de-medecine\\\/#primaryimage\"},\"thumbnailUrl\":\"https:\\\/\\\/unifa-edu.info\\\/contenu\\\/wp-content\\\/uploads\\\/2025\\\/03\\\/53-300x200-1.jpg\",\"datePublished\":\"2025-01-15T14:24:22+00:00\",\"dateModified\":\"2025-07-11T17:22:26+00:00\",\"breadcrumb\":{\"@id\":\"https:\\\/\\\/unifa-edu.info\\\/contenu\\\/faculte-de-medecine\\\/#breadcrumb\"},\"inLanguage\":\"fr-FR\",\"potentialAction\":[{\"@type\":\"ReadAction\",\"target\":[\"https:\\\/\\\/unifa-edu.info\\\/contenu\\\/faculte-de-medecine\\\/\"]}]},{\"@type\":\"ImageObject\",\"inLanguage\":\"fr-FR\",\"@id\":\"https:\\\/\\\/unifa-edu.info\\\/contenu\\\/faculte-de-medecine\\\/#primaryimage\",\"url\":\"https:\\\/\\\/unifa-edu.info\\\/contenu\\\/wp-content\\\/uploads\\\/2025\\\/03\\\/53-300x200-1.jpg\",\"contentUrl\":\"https:\\\/\\\/unifa-edu.info\\\/contenu\\\/wp-content\\\/uploads\\\/2025\\\/03\\\/53-300x200-1.jpg\",\"width\":300,\"height\":200},{\"@type\":\"BreadcrumbList\",\"@id\":\"https:\\\/\\\/unifa-edu.info\\\/contenu\\\/faculte-de-medecine\\\/#breadcrumb\",\"itemListElement\":[{\"@type\":\"ListItem\",\"position\":1,\"name\":\"Accueil\",\"item\":\"https:\\\/\\\/unifa-edu.info\\\/contenu\\\/\"},{\"@type\":\"ListItem\",\"position\":2,\"name\":\"Facult\u00e9 de M\u00e9decine\"}]},{\"@type\":\"WebSite\",\"@id\":\"https:\\\/\\\/unifa-edu.info\\\/contenu\\\/#website\",\"url\":\"https:\\\/\\\/unifa-edu.info\\\/contenu\\\/\",\"name\":\"Universit\u00e9 de la Fondation Dr Aristide\",\"description\":\"\",\"potentialAction\":[{\"@type\":\"SearchAction\",\"target\":{\"@type\":\"EntryPoint\",\"urlTemplate\":\"https:\\\/\\\/unifa-edu.info\\\/contenu\\\/?s={search_term_string}\"},\"query-input\":{\"@type\":\"PropertyValueSpecification\",\"valueRequired\":true,\"valueName\":\"search_term_string\"}}],\"inLanguage\":\"fr-FR\"}]}<\/script>\n<!-- \/ Yoast SEO plugin. -->","yoast_head_json":{"title":"Facult\u00e9 de M\u00e9decine - Universit\u00e9 de la Fondation Dr Aristide","robots":{"index":"index","follow":"follow","max-snippet":"max-snippet:-1","max-image-preview":"max-image-preview:large","max-video-preview":"max-video-preview:-1"},"canonical":"https:\/\/unifa-edu.info\/contenu\/faculte-de-medecine\/","og_locale":"fr_FR","og_type":"article","og_title":"Facult\u00e9 de M\u00e9decine - Universit\u00e9 de la Fondation Dr Aristide","og_description":"&nbsp; De la facult\u00e9 \u00e0 l\u2019h\u00f4pital","og_url":"https:\/\/unifa-edu.info\/contenu\/faculte-de-medecine\/","og_site_name":"Universit\u00e9 de la Fondation Dr Aristide","article_modified_time":"2025-07-11T17:22:26+00:00","og_image":[{"width":300,"height":200,"url":"https:\/\/unifa-edu.info\/contenu\/wp-content\/uploads\/2025\/03\/53-300x200-1.jpg","type":"image\/jpeg"}],"twitter_card":"summary_large_image","twitter_misc":{"Dur\u00e9e de lecture estim\u00e9e":"1 minute"},"schema":{"@context":"https:\/\/schema.org","@graph":[{"@type":"WebPage","@id":"https:\/\/unifa-edu.info\/contenu\/faculte-de-medecine\/","url":"https:\/\/unifa-edu.info\/contenu\/faculte-de-medecine\/","name":"Facult\u00e9 de M\u00e9decine - Universit\u00e9 de la Fondation Dr Aristide","isPartOf":{"@id":"https:\/\/unifa-edu.info\/contenu\/#website"},"primaryImageOfPage":{"@id":"https:\/\/unifa-edu.info\/contenu\/faculte-de-medecine\/#primaryimage"},"image":{"@id":"https:\/\/unifa-edu.info\/contenu\/faculte-de-medecine\/#primaryimage"},"thumbnailUrl":"https:\/\/unifa-edu.info\/contenu\/wp-content\/uploads\/2025\/03\/53-300x200-1.jpg","datePublished":"2025-01-15T14:24:22+00:00","dateModified":"2025-07-11T17:22:26+00:00","breadcrumb":{"@id":"https:\/\/unifa-edu.info\/contenu\/faculte-de-medecine\/#breadcrumb"},"inLanguage":"fr-FR","potentialAction":[{"@type":"ReadAction","target":["https:\/\/unifa-edu.info\/contenu\/faculte-de-medecine\/"]}]},{"@type":"ImageObject","inLanguage":"fr-FR","@id":"https:\/\/unifa-edu.info\/contenu\/faculte-de-medecine\/#primaryimage","url":"https:\/\/unifa-edu.info\/contenu\/wp-content\/uploads\/2025\/03\/53-300x200-1.jpg","contentUrl":"https:\/\/unifa-edu.info\/contenu\/wp-content\/uploads\/2025\/03\/53-300x200-1.jpg","width":300,"height":200},{"@type":"BreadcrumbList","@id":"https:\/\/unifa-edu.info\/contenu\/faculte-de-medecine\/#breadcrumb","itemListElement":[{"@type":"ListItem","position":1,"name":"Accueil","item":"https:\/\/unifa-edu.info\/contenu\/"},{"@type":"ListItem","position":2,"name":"Facult\u00e9 de M\u00e9decine"}]},{"@type":"WebSite","@id":"https:\/\/unifa-edu.info\/contenu\/#website","url":"https:\/\/unifa-edu.info\/contenu\/","name":"Universit\u00e9 de la Fondation Dr Aristide","description":"","potentialAction":[{"@type":"SearchAction","target":{"@type":"EntryPoint","urlTemplate":"https:\/\/unifa-edu.info\/contenu\/?s={search_term_string}"},"query-input":{"@type":"PropertyValueSpecification","valueRequired":true,"valueName":"search_term_string"}}],"inLanguage":"fr-FR"}]}},"_links":{"self":[{"href":"https:\/\/unifa-edu.info\/contenu\/wp-json\/wp\/v2\/pages\/21905","targetHints":{"allow":["GET"]}}],"collection":[{"href":"https:\/\/unifa-edu.info\/contenu\/wp-json\/wp\/v2\/pages"}],"about":[{"href":"https:\/\/unifa-edu.info\/contenu\/wp-json\/wp\/v2\/types\/page"}],"author":[{"embeddable":true,"href":"https:\/\/unifa-edu.info\/contenu\/wp-json\/wp\/v2\/users\/3832"}],"replies":[{"embeddable":true,"href":"https:\/\/unifa-edu.info\/contenu\/wp-json\/wp\/v2\/comments?post=21905"}],"version-history":[{"count":13,"href":"https:\/\/unifa-edu.info\/contenu\/wp-json\/wp\/v2\/pages\/21905\/revisions"}],"predecessor-version":[{"id":22826,"href":"https:\/\/unifa-edu.info\/contenu\/wp-json\/wp\/v2\/pages\/21905\/revisions\/22826"}],"wp:attachment":[{"href":"https:\/\/unifa-edu.info\/contenu\/wp-json\/wp\/v2\/media?parent=21905"}],"curies":[{"name":"wp","href":"https:\/\/api.w.org\/{rel}","templated":true}]}}