{"id":21932,"date":"2025-01-15T11:58:20","date_gmt":"2025-01-15T16:58:20","guid":{"rendered":"https:\/\/unifa-edu.info\/contenu\/?page_id=21932"},"modified":"2025-03-06T13:45:20","modified_gmt":"2025-03-06T18:45:20","slug":"avis","status":"publish","type":"page","link":"https:\/\/unifa-edu.info\/contenu\/avis\/","title":{"rendered":"Avis\/Annonces"},"content":{"rendered":"<h3 style=\"text-align: center; font-weight: bold;\"><\/h3>\n<h2 style=\"text-align: center;\"><strong>PREMI\u00c8RE SESSION <\/strong><\/h2>\n<p>La rentr\u00e9e universitaire est fix\u00e9e au mardi 1<sup>er<\/sup> Octobre 2024.<\/p>\n<p><strong>Premi\u00e8re session\u00a0: 1<sup>er<\/sup> octobre 2024 &#8211; 17 janvier 2025.<\/strong><\/p>\n<ul>\n<li>Cong\u00e9s\u00a0: jeudi 17 octobre 2024\u00a0; vendredi 1<sup>er<\/sup> et samedi 2 novembre 2024<\/li>\n<li>C\u00e9l\u00e9bration de la Dignit\u00e9\u00a0: vendredi 20 d\u00e9cembre 2024.<\/li>\n<li>Cong\u00e9\u00a0: lundi 23 d\u00e9cembre 2024 &#8211; 4 janvier 2025.<\/li>\n<li>La premi\u00e8re session reprend le lundi 6 janvier 2025<\/li>\n<\/ul>\n<p style=\"text-align: center;\"><strong>P\u00e9riode des examens de la premi\u00e8re session :\u00a0\u00a0<\/strong><strong>lundi 27 janvier 2025 au samedi 1<sup>er<\/sup> f\u00e9vrier 2025.<\/strong><\/p>\n<p>&nbsp;<\/p>\n<div style=\"padding-top: 20px; padding-bottom: 20px;\">\n<p>&nbsp;<\/p>\n<\/div>\n<p><!--more--><\/p>\n<h3 style=\"text-align: center;\"><strong><u>DEUXI\u00c8ME SESSION <\/u><\/strong><\/h3>\n<p>&nbsp;<\/p>\n<p><strong>Deuxi\u00e8me session\u00a0: lundi 3 f\u00e9vrier 2025 au \u00a0samedi 17 mai 2025.<\/strong><\/p>\n<ul>\n<li>Cong\u00e9s\u00a0: Lundi 3 et mardi 4 mars 2025\u00a0; vendredi 18 avril 2025\u00a0; jeudi 1<sup>er<\/sup> mai\u00a02025.<\/li>\n<li>La semaine scientifique\u00a0: lundi 12 au vendredi 16 mai 2025.<\/li>\n<li>L\u2019examen de connaissances g\u00e9n\u00e9rales\u00a0: mercredi 21 mai 2025<\/li>\n<\/ul>\n<p><strong>P\u00e9riode des examens de la deuxi\u00e8me session\u00a0: lundi 26 mai 2025 au samedi 31 mai 2025.<\/strong><\/p>\n<ul>\n<li>L\u2019\u00e9valuation de l\u2019ann\u00e9e acad\u00e9mique\u00a0: lundi 2 juin 2025<\/li>\n<\/ul>\n<p>&nbsp;<\/p>\n<h3>L\u2019ann\u00e9e acad\u00e9mique s\u2019ach\u00e8vera le 30 juin 2025<\/h3>\n<p>&nbsp;<\/p>\n<p><a href=\"https:\/\/unifa-edu.info\/contenu\/2024\/08\/resultats-des-evaluations-de-connaissances-de-lannee-academique-2023-2024-pour-la-5eme-annee-de-la-faculte-de-medecine\/\">R\u00e9sultats des \u00e9valuations de connaissances de l\u2019ann\u00e9e acad\u00e9mique 2023-2024 Pour la 5\u00e8me ann\u00e9e de la Facult\u00e9 de m\u00e9decine &#8211; Universit\u00e9 de la Fondation Dr Aristide<\/a><\/p>\n<p>&nbsp;<\/p>\n<blockquote class=\"wp-embedded-content\" data-secret=\"Js75dYRica\"><p><a href=\"https:\/\/unifa-edu.info\/contenu\/2025\/02\/une-semaine-dexamens-entre-stress-determination-et-espoir\/\">Une semaine d\u2019examens: Entre stress, d\u00e9termination et espoir<\/a><\/p><\/blockquote>\n<p><iframe class=\"wp-embedded-content\" sandbox=\"allow-scripts\" security=\"restricted\" style=\"position: absolute; visibility: hidden;\" title=\"\u00ab\u00a0Une semaine d\u2019examens: Entre stress, d\u00e9termination et espoir\u00a0\u00bb &#8212; Universit\u00e9 de la Fondation Dr Aristide\" src=\"https:\/\/unifa-edu.info\/contenu\/2025\/02\/une-semaine-dexamens-entre-stress-determination-et-espoir\/embed\/#?secret=8biB6tuJqO#?secret=Js75dYRica\" data-secret=\"Js75dYRica\" width=\"600\" height=\"338\" frameborder=\"0\" marginwidth=\"0\" marginheight=\"0\" scrolling=\"no\"><\/iframe><\/p>\n","protected":false},"excerpt":{"rendered":"<p>PREMI\u00c8RE SESSION La rentr\u00e9e universitaire est fix\u00e9e au mardi 1er Octobre 2024. Premi\u00e8re session\u00a0: 1er octobre 2024 &#8211; 17 janvier 2025. Cong\u00e9s\u00a0: jeudi 17 octobre 2024\u00a0; vendredi 1er et samedi 2 novembre 2024 C\u00e9l\u00e9bration de la Dignit\u00e9\u00a0: vendredi 20 d\u00e9cembre 2024. Cong\u00e9\u00a0: lundi 23 d\u00e9cembre 2024 &#8211; 4 janvier 2025. La premi\u00e8re session reprend le lire &hellip; <a href=\"https:\/\/unifa-edu.info\/contenu\/avis\/\">Continue reading <span class=\"meta-nav\">&rarr;<\/span><\/a><\/p>\n","protected":false},"author":3832,"featured_media":0,"parent":0,"menu_order":0,"comment_status":"closed","ping_status":"closed","template":"","meta":{"footnotes":""},"class_list":["post-21932","page","type-page","status-publish","hentry"],"yoast_head":"<!-- This site is optimized with the Yoast SEO plugin v27.5 - https:\/\/yoast.com\/product\/yoast-seo-wordpress\/ -->\n<title>Avis\/Annonces - Universit\u00e9 de la Fondation Dr Aristide<\/title>\n<meta name=\"robots\" content=\"index, follow, max-snippet:-1, max-image-preview:large, max-video-preview:-1\" \/>\n<link rel=\"canonical\" href=\"https:\/\/unifa-edu.info\/contenu\/avis\/\" \/>\n<meta property=\"og:locale\" content=\"fr_FR\" \/>\n<meta property=\"og:type\" content=\"article\" \/>\n<meta property=\"og:title\" content=\"Avis\/Annonces - Universit\u00e9 de la Fondation Dr Aristide\" \/>\n<meta property=\"og:description\" content=\"PREMI\u00c8RE SESSION La rentr\u00e9e universitaire est fix\u00e9e au mardi 1er Octobre 2024. Premi\u00e8re session\u00a0: 1er octobre 2024 &#8211; 17 janvier 2025. Cong\u00e9s\u00a0: jeudi 17 octobre 2024\u00a0; vendredi 1er et samedi 2 novembre 2024 C\u00e9l\u00e9bration de la Dignit\u00e9\u00a0: vendredi 20 d\u00e9cembre 2024. Cong\u00e9\u00a0: lundi 23 d\u00e9cembre 2024 &#8211; 4 janvier 2025. La premi\u00e8re session reprend le lire &hellip; Continue reading &rarr;\" \/>\n<meta property=\"og:url\" content=\"https:\/\/unifa-edu.info\/contenu\/avis\/\" \/>\n<meta property=\"og:site_name\" content=\"Universit\u00e9 de la Fondation Dr Aristide\" \/>\n<meta property=\"article:modified_time\" content=\"2025-03-06T18:45:20+00:00\" \/>\n<meta name=\"twitter:card\" content=\"summary_large_image\" \/>\n<meta name=\"twitter:label1\" content=\"Dur\u00e9e de lecture estim\u00e9e\" \/>\n\t<meta name=\"twitter:data1\" content=\"1 minute\" \/>\n<script type=\"application\/ld+json\" class=\"yoast-schema-graph\">{\"@context\":\"https:\\\/\\\/schema.org\",\"@graph\":[{\"@type\":\"WebPage\",\"@id\":\"https:\\\/\\\/unifa-edu.info\\\/contenu\\\/avis\\\/\",\"url\":\"https:\\\/\\\/unifa-edu.info\\\/contenu\\\/avis\\\/\",\"name\":\"Avis\\\/Annonces - Universit\u00e9 de la Fondation Dr Aristide\",\"isPartOf\":{\"@id\":\"https:\\\/\\\/unifa-edu.info\\\/contenu\\\/#website\"},\"datePublished\":\"2025-01-15T16:58:20+00:00\",\"dateModified\":\"2025-03-06T18:45:20+00:00\",\"breadcrumb\":{\"@id\":\"https:\\\/\\\/unifa-edu.info\\\/contenu\\\/avis\\\/#breadcrumb\"},\"inLanguage\":\"fr-FR\",\"potentialAction\":[{\"@type\":\"ReadAction\",\"target\":[\"https:\\\/\\\/unifa-edu.info\\\/contenu\\\/avis\\\/\"]}]},{\"@type\":\"BreadcrumbList\",\"@id\":\"https:\\\/\\\/unifa-edu.info\\\/contenu\\\/avis\\\/#breadcrumb\",\"itemListElement\":[{\"@type\":\"ListItem\",\"position\":1,\"name\":\"Accueil\",\"item\":\"https:\\\/\\\/unifa-edu.info\\\/contenu\\\/\"},{\"@type\":\"ListItem\",\"position\":2,\"name\":\"Avis\\\/Annonces\"}]},{\"@type\":\"WebSite\",\"@id\":\"https:\\\/\\\/unifa-edu.info\\\/contenu\\\/#website\",\"url\":\"https:\\\/\\\/unifa-edu.info\\\/contenu\\\/\",\"name\":\"Universit\u00e9 de la Fondation Dr Aristide\",\"description\":\"\",\"potentialAction\":[{\"@type\":\"SearchAction\",\"target\":{\"@type\":\"EntryPoint\",\"urlTemplate\":\"https:\\\/\\\/unifa-edu.info\\\/contenu\\\/?s={search_term_string}\"},\"query-input\":{\"@type\":\"PropertyValueSpecification\",\"valueRequired\":true,\"valueName\":\"search_term_string\"}}],\"inLanguage\":\"fr-FR\"}]}<\/script>\n<!-- \/ Yoast SEO plugin. -->","yoast_head_json":{"title":"Avis\/Annonces - Universit\u00e9 de la Fondation Dr Aristide","robots":{"index":"index","follow":"follow","max-snippet":"max-snippet:-1","max-image-preview":"max-image-preview:large","max-video-preview":"max-video-preview:-1"},"canonical":"https:\/\/unifa-edu.info\/contenu\/avis\/","og_locale":"fr_FR","og_type":"article","og_title":"Avis\/Annonces - Universit\u00e9 de la Fondation Dr Aristide","og_description":"PREMI\u00c8RE SESSION La rentr\u00e9e universitaire est fix\u00e9e au mardi 1er Octobre 2024. Premi\u00e8re session\u00a0: 1er octobre 2024 &#8211; 17 janvier 2025. Cong\u00e9s\u00a0: jeudi 17 octobre 2024\u00a0; vendredi 1er et samedi 2 novembre 2024 C\u00e9l\u00e9bration de la Dignit\u00e9\u00a0: vendredi 20 d\u00e9cembre 2024. Cong\u00e9\u00a0: lundi 23 d\u00e9cembre 2024 &#8211; 4 janvier 2025. La premi\u00e8re session reprend le lire &hellip; Continue reading &rarr;","og_url":"https:\/\/unifa-edu.info\/contenu\/avis\/","og_site_name":"Universit\u00e9 de la Fondation Dr Aristide","article_modified_time":"2025-03-06T18:45:20+00:00","twitter_card":"summary_large_image","twitter_misc":{"Dur\u00e9e de lecture estim\u00e9e":"1 minute"},"schema":{"@context":"https:\/\/schema.org","@graph":[{"@type":"WebPage","@id":"https:\/\/unifa-edu.info\/contenu\/avis\/","url":"https:\/\/unifa-edu.info\/contenu\/avis\/","name":"Avis\/Annonces - Universit\u00e9 de la Fondation Dr Aristide","isPartOf":{"@id":"https:\/\/unifa-edu.info\/contenu\/#website"},"datePublished":"2025-01-15T16:58:20+00:00","dateModified":"2025-03-06T18:45:20+00:00","breadcrumb":{"@id":"https:\/\/unifa-edu.info\/contenu\/avis\/#breadcrumb"},"inLanguage":"fr-FR","potentialAction":[{"@type":"ReadAction","target":["https:\/\/unifa-edu.info\/contenu\/avis\/"]}]},{"@type":"BreadcrumbList","@id":"https:\/\/unifa-edu.info\/contenu\/avis\/#breadcrumb","itemListElement":[{"@type":"ListItem","position":1,"name":"Accueil","item":"https:\/\/unifa-edu.info\/contenu\/"},{"@type":"ListItem","position":2,"name":"Avis\/Annonces"}]},{"@type":"WebSite","@id":"https:\/\/unifa-edu.info\/contenu\/#website","url":"https:\/\/unifa-edu.info\/contenu\/","name":"Universit\u00e9 de la Fondation Dr Aristide","description":"","potentialAction":[{"@type":"SearchAction","target":{"@type":"EntryPoint","urlTemplate":"https:\/\/unifa-edu.info\/contenu\/?s={search_term_string}"},"query-input":{"@type":"PropertyValueSpecification","valueRequired":true,"valueName":"search_term_string"}}],"inLanguage":"fr-FR"}]}},"_links":{"self":[{"href":"https:\/\/unifa-edu.info\/contenu\/wp-json\/wp\/v2\/pages\/21932","targetHints":{"allow":["GET"]}}],"collection":[{"href":"https:\/\/unifa-edu.info\/contenu\/wp-json\/wp\/v2\/pages"}],"about":[{"href":"https:\/\/unifa-edu.info\/contenu\/wp-json\/wp\/v2\/types\/page"}],"author":[{"embeddable":true,"href":"https:\/\/unifa-edu.info\/contenu\/wp-json\/wp\/v2\/users\/3832"}],"replies":[{"embeddable":true,"href":"https:\/\/unifa-edu.info\/contenu\/wp-json\/wp\/v2\/comments?post=21932"}],"version-history":[{"count":7,"href":"https:\/\/unifa-edu.info\/contenu\/wp-json\/wp\/v2\/pages\/21932\/revisions"}],"predecessor-version":[{"id":22210,"href":"https:\/\/unifa-edu.info\/contenu\/wp-json\/wp\/v2\/pages\/21932\/revisions\/22210"}],"wp:attachment":[{"href":"https:\/\/unifa-edu.info\/contenu\/wp-json\/wp\/v2\/media?parent=21932"}],"curies":[{"name":"wp","href":"https:\/\/api.w.org\/{rel}","templated":true}]}}