{"id":23373,"date":"2025-07-28T14:09:59","date_gmt":"2025-07-28T18:09:59","guid":{"rendered":"https:\/\/unifa-edu.info\/contenu\/?page_id=23373"},"modified":"2025-09-30T15:16:15","modified_gmt":"2025-09-30T19:16:15","slug":"bibliotheque-3","status":"publish","type":"page","link":"https:\/\/unifa-edu.info\/contenu\/bibliotheque-3\/","title":{"rendered":"Biblioth\u00e8que"},"content":{"rendered":"<p><strong>Registre Bibliographique<\/strong><\/p>\n<p><strong>\u00a0<\/strong><\/p>\n<ol>\n<li><strong> Fran\u00e7ais<\/strong><\/li>\n<\/ol>\n<p><strong>Titre : Grammaire fran\u00e7aise\u00a0 <\/strong><\/p>\n<p><strong>&#8211; Description : Un ouvrage d\u00e9taillant les r\u00e8gles de grammaire du fran\u00e7ais, abordant les bases jusqu\u2019aux sujets plus avanc\u00e9s. <\/strong><\/p>\n<p><strong>\u00a0&#8211; Lien : <\/strong><a href=\"https:\/\/ia601502.us.archive.org\/20\/items\/grammaire-francaise-pour-tous\/Grammaire%20fran%C3%A7aise%20pour%20tous_text.pdf\"><strong>https:\/\/ia601502.us.archive.org\/20\/items\/grammaire-francaise-pour-tous\/Grammaire%20fran%C3%A7aise%20pour%20tous_text.pdf<\/strong><\/a><\/p>\n<ol start=\"2\">\n<li><strong> M\u00e9thodologie<\/strong><\/li>\n<\/ol>\n<p><strong>Titre : Initiation \u00e0 la m\u00e9thodologie de la recherche scientifique<\/strong><\/p>\n<p><strong>&#8211; Description : Ce livre couvre les bases de la m\u00e9thodologie de la recherche, de la formulation des hypoth\u00e8ses \u00e0 la r\u00e9daction des conclusions.\u00a0 <\/strong><\/p>\n<p><strong>Lien :\u00a0<\/strong><\/p>\n<p>https:\/\/extradoc.univ-nantes.fr\/pluginfile.php\/497541\/mod_folder\/content\/0\/Initiation%20recherche.pdf<\/p>\n<ol start=\"3\">\n<li><strong> Gestion et Approvisionnement de Stock<\/strong><\/li>\n<\/ol>\n<p><strong>Titre : Le grand livre de la gestion des stocks et approvisionnements<\/strong><\/p>\n<p><strong>&#8211; Description : Cet ouvrage traite de la gestion des stocks, de l\u2019approvisionnement et des strat\u00e9gies pour optimiser ces processus.\u00a0 <\/strong><\/p>\n<p><strong>&#8211; Lien : <\/strong><strong>gestion-de-lapprovisionnement-et-des-stocks-4e-editionnbsped-2765045100-9782765045106_compress.pdf<\/strong><\/p>\n<p><a href=\"https:\/\/4gestionacademy.com\/wp-content\/uploads\/2014\/03\/Gestion-de-stocks.pdf\"><strong>https:\/\/4gestionacademy.com\/wp-content\/uploads\/2014\/03\/Gestion-de-stocks.pdf<\/strong><\/a><\/p>\n<p><strong>\u00a0<\/strong><\/p>\n<ol start=\"4\">\n<li><strong> Introduction \u00e0 l&#8217;\u00c9conomie<\/strong><\/li>\n<\/ol>\n<p><strong>Titre : Introduction \u00e0 l\u2019\u00e9conomie\u00a0 3e \u00e9dition<\/strong><\/p>\n<p><strong>&#8211; Description : Un livre d\u2019introduction aux concepts \u00e9conomiques de base.\u00a0 <\/strong><\/p>\n<p><strong>&#8211; Lien : <\/strong><strong>EBOOK &#8211; Jacques Genereux -Introduction a leconomie.pdf<\/strong><\/p>\n<ol start=\"5\">\n<li><strong> Macroeconomie Dynamique<\/strong><\/li>\n<\/ol>\n<p><strong>Titre : Principes de macroe\u0301conomie<\/strong><\/p>\n<p><strong>&#8211; Description : Un ouvrage qui se concentre sur la dynamique de la macro\u00e9conomie, en abordant les mod\u00e8les \u00e9conomiques et les politiques \u00e9conomiques dynamiques.<\/strong><\/p>\n<p><strong>&#8211; Lien: <\/strong><a href=\"https:\/\/archive.org\/details\/principesdemacro0000mank_c6i7\"><strong>https:\/\/archive.org\/details\/principesdemacro0000mank_c6i7<\/strong><\/a><\/p>\n<ol start=\"6\">\n<li><strong> Espagnol<\/strong><\/li>\n<\/ol>\n<p><strong>Titre : Curso de espa\u00f1ol para extranjeros\u00a0 <\/strong><\/p>\n<p><strong>&#8211; Description : Ce livre est une introduction compl\u00e8te \u00e0 la langue espagnole pour les \u00e9trangers, avec des exercices pratiques.\u00a0 <\/strong><\/p>\n<p><strong>&#8211; Lien : <\/strong><a href=\"https:\/\/archive.org\/details\/isbn_9786071712363\"><strong>Curso de Espanol para extranjeros : Free Download, Borrow, and Streaming : Internet Archive<\/strong><\/a><\/p>\n<p><strong>\u00a0<\/strong><\/p>\n<ol start=\"7\">\n<li><strong> Int\u00e9gration R\u00e9gionale et D\u00e9centralisation<\/strong><\/li>\n<\/ol>\n<p><strong>Titre:<\/strong><strong>Les processus d&#8217;int\u00e9gration r\u00e9gionale, vecteurs de recomposition du syst\u00e8me international?<\/strong><\/p>\n<p><strong>&#8211; Description: une analyse transversale des principaux processus d&#8217;int\u00e9gration r\u00e9gionale en cours dans le monde : d\u00e9marche comparative aliment\u00e9e par une s\u00e9rie de typologies permettant de confronter le sens, la configuration et la port\u00e9e int\u00e9gratrice de ces diff\u00e9rents processus.<\/strong><\/p>\n<p><strong>&#8211; Lien : <\/strong><a href=\"https:\/\/www.erudit.org\/fr\/revues\/ei\/1997-v28-n3-ei3070\/703774ar.pdf\"><strong>erudit.org\/fr\/revues\/ei\/1997-v28-n3-ei3070\/703774ar.pdf<\/strong><\/a><\/p>\n<p><strong>Titre\u00a0: Int\u00e9gration R\u00e9gionale<\/strong><\/p>\n<p><strong>Description\u00a0: ce texte essaie d\u2019expliquer simplement les objectifs de l\u2019int\u00e9gration r\u00e9gionale.<\/strong><\/p>\n<p><strong>Lien\u00a0: <\/strong><a href=\"https:\/\/library.fes.de\/pdf-files\/bueros\/madagaskar\/05857.pdf\"><strong>https:\/\/library.fes.de\/pdf-files\/bueros\/madagaskar\/05857.pdf<\/strong><\/a><\/p>\n<p><strong>\u00a0<\/strong><\/p>\n<p><strong>Titre\u00a0: R\u00c9GIONALISME ET PROBL\u00c8MES D\u2019INT\u00c9GRATION \u00c9CONOMIQUE<\/strong><\/p>\n<p><strong>Description\u00a0: Fournir les clefs d\u2019analyse (recherche des causes) et de compr\u00e9hension (recherche de sens) des enjeux et d\u00e9fis li\u00e9s aux processus et strat\u00e9gies d\u2019int\u00e9gration \u00e9conomique r\u00e9gionale dans le monde d\u2019une part ; et les probl\u00e8mes de l\u2019arrimage du r\u00e9gionalisme \u00e0 la globalisation, c\u2019est-\u00e0-dire au multilat\u00e9ralisme et au d\u00e9veloppement durable d\u2019autre part.<\/strong><\/p>\n<p><strong>Lien\u00a0: <\/strong><a href=\"https:\/\/api.pageplace.de\/preview\/DT0400.9782296485648_A24227248\/preview-9782296485648_A24227248.pdf\"><strong>https:\/\/api.pageplace.de\/preview\/DT0400.9782296485648_A24227248\/preview-9782296485648_A24227248.pdf<\/strong><\/a><\/p>\n<p><strong>Titre\u00a0: R\u00e9ussir la d\u00e9centralisation MANUEL \u00c0 L\u2019INTENTION DES D\u00c9CIDEURS<\/strong><\/p>\n<p><strong>Description\u00a0: R\u00e9ussir la d\u00e9centralisation : Manuel \u00e0 l\u2019intention des d\u00e9cideurs \u00bb brosse l\u2019un des tableaux les plus complets des tendances actuelles des politiques de d\u00e9centralisation des pays de l\u2019OCDE et au-del\u00e0 ainsi que la marche \u00e0 suivre pour r\u00e9ussir la d\u00e9centralisation.\u00a0\u00a0\u00a0\u00a0\u00a0\u00a0\u00a0\u00a0 <\/strong><\/p>\n<p><strong>Lien\u00a0: https:\/\/www.oecd.org\/content\/dam\/oecd\/fr\/publications\/reports\/2019\/03\/making-decentralisation-work_g1g9faa7\/551847c0-fr.pdf<\/strong><\/p>\n<p><strong>\u00a0<\/strong><\/p>\n<ol start=\"8\">\n<li><strong> Budget et Comptabilit\u00e9 Publique<\/strong><\/li>\n<\/ol>\n<p><strong>Titre : NOMENCLATURE DES DEPENSES BUDGETAIRES DE L&#8217;ETAT ET GUIDE D&#8217;UTILISATION<\/strong><\/p>\n<p><strong>&#8211; Description : Dans le cadre des r\u00e9formes entreprises dans le processus budg\u00e9taire ha\u00eftien, qui devraient prendre effet au cours de l&#8217;exercice fiscal 2001-2002, il s&#8217;av\u00e8re n\u00e9cessaire de moderniser la nomenclature des d\u00e9penses publiques. En effet, celle en vigueur depuis 1987, m\u00eame sans tenir compte de l&#8217;\u00e9volution des concepts et th\u00e9ories g\u00e9n\u00e9rales des finances publiques, pose des ambigu\u00eft\u00e9s qu&#8217;il convient de lever.<\/strong><\/p>\n<p><strong>&#8211; Lien:<\/strong> <a href=\"https:\/\/budget.gouv.ht\/storage\/app\/uploads\/public\/630\/d83\/3f6\/630d833f684e5985611498.pdf\"><strong>https:\/\/budget.gouv.ht\/storage\/app\/uploads\/public\/630\/d83\/3f6\/630d833f684e5985611498.pdf<\/strong><\/a><\/p>\n<p><strong>Titre\u00a0: Manuel de proc\u00e9dures d\u2019\u00e9laboration du budget<\/strong><\/p>\n<p><strong>Description\u00a0: Ces manuels de proc\u00e9dures sont un cadre de r\u00e9f\u00e9rence fournissant aux acteurs qui y sont impliqu\u00e9s, un ensemble structur\u00e9 et coh\u00e9rent d\u2019informations indispensables \u00e0 la gestion du budget, \u00e9labor\u00e9 selon des phases et \u00e9tapes d\u00e9finies conform\u00e9ment aux prescrits l\u00e9gaux. Ils pr\u00e9cisent le r\u00f4le de chaque acteur, les actions \u00e0 accomplir et quand les accomplir.<\/strong><\/p>\n<p><strong>Lien\u00a0: <\/strong><a href=\"https:\/\/budget.gouv.ht\/storage\/app\/uploads\/public\/630\/d83\/07e\/630d8307e7063489262545.pdf\"><strong>https:\/\/budget.gouv.ht\/storage\/app\/uploads\/public\/630\/d83\/07e\/630d8307e7063489262545.pdf<\/strong><\/a><\/p>\n<p><strong>\u00a0<\/strong><\/p>\n<ol start=\"9\">\n<li><strong> Introduction \u00e0 la Gestion<\/strong><\/li>\n<\/ol>\n<p><strong>Titre : Introduction \u00e0 la gestion<\/strong><\/p>\n<p><strong>&#8211; Description : Ce livre pr\u00e9sente les principes de la gestion d&#8217;entreprise et les bases n\u00e9cessaires pour comprendre le r\u00f4le des gestionnaires dans les organisations.\u00a0 <\/strong><\/p>\n<p><strong>&#8211; Lien : <\/strong><a href=\"https:\/\/www.mcours.net\/cours\/pdf\/econm\/Introduction_generale_a_la_gestion.pdf\"><strong>mcours.net\/cours\/pdf\/econm\/Introduction_generale_a_la_gestion.pdf<\/strong><\/a><\/p>\n<p><strong>\u00a0<\/strong><\/p>\n<ol start=\"10\">\n<li><strong> Principes Comptables <\/strong><\/li>\n<\/ol>\n<p><strong>Titre : Les principes comptables fondamentaux<\/strong><\/p>\n<p><strong>&#8211; Description : Un livre qui introduit les principes de base de la comptabilit\u00e9, y compris les bases des \u00e9tats financiers et des pratiques comptables.\u00a0 <\/strong><\/p>\n<p><strong>&#8211; Lien :\u00a0<\/strong><\/p>\n<p>http:\/\/hasla.free.fr\/comptaclick\/dossiers\/ImplantationdesNormesIAS.pdf<\/p>\n<p><strong>\u00a0<\/strong><\/p>\n<ol start=\"11\">\n<li><strong> Droit du Travail<\/strong><\/li>\n<\/ol>\n<p><strong>Titre: Le grand livre du droit du travail en pratique <\/strong><\/p>\n<p><strong>&#8211; Description : Ce livre explore les principes du droit du travail, en particulier dans le contexte de la mondialisation.\u00a0 <\/strong><\/p>\n<p><strong>&#8211; Lien: <\/strong><a href=\"https:\/\/www.scribd.com\/document\/745888293\/Le-grand-livre-du-droit-du-travail-en-pratique\"><strong>https:\/\/www.scribd.com\/document\/745888293\/Le-grand-livre-du-droit-du-travail-en-pratique<\/strong><\/a><\/p>\n<p><strong>\u00a0<\/strong><\/p>\n<ol start=\"12\">\n<li><strong> Monnaie, Cr\u00e9dit et Banque<\/strong><\/li>\n<\/ol>\n<p><strong>Titre: Monnaie, finance et \u00e9conomie r\u00e9elle\u00a0 <\/strong><\/p>\n<p><strong>&#8211; Description : Ce livre pr\u00e9sente les concepts essentiels du syst\u00e8me mon\u00e9taire, des cr\u00e9dits et des banques dans une \u00e9conomie moderne.\u00a0 <\/strong><\/p>\n<p><strong>&#8211; Lien:\u00a0<\/strong><\/p>\n<p>http:\/\/livre21.com\/LIVREF\/F4\/F004009.pdf<\/p>\n<p><strong>\u00a0<\/strong><\/p>\n<ol start=\"13\">\n<li><strong> Fiscalit\u00e9<\/strong><\/li>\n<\/ol>\n<p><strong>Titre: Introduction \u00e0 l&#8217;\u00e9tude de la fiscalit\u00e9<\/strong><\/p>\n<p><strong>&#8211; Description : Une introduction aux principes fondamentaux de la fiscalit\u00e9, y compris les politiques fiscales et la gestion des imp\u00f4ts.\u00a0 <\/strong><\/p>\n<p><strong>&#8211; Lien:\u00a0<\/strong><\/p>\n<p>https:\/\/www.profiscal.com\/Etudiants\/introduction_etude_de_la_fiscalite.pdf<\/p>\n<p><strong>Titre\u00a0: La fiscalit\u00e9 ha\u00eftienne de A \u00e0 Z<\/strong><\/p>\n<p><strong>Description\u00a0:<\/strong><\/p>\n<p><strong>Lien :\u00a0<\/strong><\/p>\n<p>https:\/\/archive.org\/details\/lafiscalitha01dabb\/page\/n13\/mode\/2up<\/p>\n<p><strong>\u00a0<\/strong><\/p>\n<ol start=\"14\">\n<li><strong> Math\u00e9matiques Appliqu\u00e9es \u00e0 la Gestion et l&#8217;\u00c9conomie<\/strong><\/li>\n<\/ol>\n<p><strong>Titre : <\/strong><strong>Math\u00e9matiques appliqu\u00e9es \u00e0 la gestion<\/strong><\/p>\n<p><strong>&#8211; Description : Ce livre couvre les bases des math\u00e9matiques appliqu\u00e9es pour les \u00e9conomistes et les gestionnaires.\u00a0 <\/strong><\/p>\n<p><strong>&#8211; Lien : [Applied Mathematics for Economics and Finance &#8211; <\/strong><a href=\"https:\/\/www.economie-gestion.com\/wp-content\/uploads\/2019\/12\/math%C3%A9matique-appliqu%C3%A9e-a-la-gestion-by-www.economie-gestion.com_.pdf\"><strong>math\u00e9matique-appliqu\u00e9e-a-la-gestion-by-www.economie-gestion.com_.pdf<\/strong><\/a><\/p>\n<p><strong>\u00a0<\/strong><\/p>\n<ol start=\"15\">\n<li><strong> Comportement Organisationnel<\/strong><\/li>\n<\/ol>\n<p><strong>Titre : Organizational Behavior <\/strong><\/p>\n<p><strong>&#8211; Description : Ce livre se concentre sur l&#8217;\u00e9tude et la compr\u00e9hension de l\u2019incidence des interactions humaines au sein d\u2019une entreprise sur son rendement.\u00a0 <\/strong><\/p>\n<p><strong>&#8211; Lien: <\/strong><a href=\"https:\/\/assets.openstax.org\/oscms-prodcms\/media\/documents\/OrganizationalBehavior-OP_TtwWIeQ.pdf\"><strong>https:\/\/assets.openstax.org\/oscms-prodcms\/media\/documents\/OrganizationalBehavior-OP_TtwWIeQ.pdf<\/strong><\/a><\/p>\n<p><strong>\u00a0<\/strong><\/p>\n<ol start=\"16\">\n<li><strong> Probabilit\u00e9<\/strong><\/li>\n<\/ol>\n<p><strong>Titre : Introduction to Probability<\/strong><\/p>\n<p><strong>&#8211; Description: Une introduction aux bases des probabilit\u00e9s, utile pour les \u00e9tudiants en math\u00e9matiques ou en sciences \u00e9conomiques.\u00a0 <\/strong><\/p>\n<p><strong>&#8211; Lien: [Introduction to Probability &#8211; Archive.org] (<\/strong><a href=\"https:\/\/archive.org\/details\/introduction-to-probability\"><strong>https:\/\/archive.org\/details\/introduction-to-probability<\/strong><\/a><strong>)<\/strong><\/p>\n<p><strong>\u00a0<\/strong><\/p>\n<ol start=\"17\">\n<li><strong> Micro\u00e9conomie 1<\/strong><\/li>\n<\/ol>\n<p><strong>Titre : Principles of Microeconomics<\/strong><\/p>\n<p><strong>&#8211; Description : Un livre d\u2019introduction \u00e0 la micro\u00e9conomie, abordant les concepts fondamentaux tels que l&#8217;offre, la demande, et les th\u00e9ories du march\u00e9.\u00a0 <\/strong><\/p>\n<p><strong>&#8211; Lien : <\/strong><a href=\"https:\/\/drive.google.com\/file\/d\/1QZvZzYoXvcdT1RfsUbPB-C-bMnDBinFu\/view\"><strong>Introduction-a-la-microeconomie-by-economie-gestion.com_.pdf &#8211; Google Drive<\/strong><\/a><\/p>\n<p><strong>\u00a0<\/strong><\/p>\n<ol start=\"18\">\n<li><strong> Management d\u2019entreprise<\/strong><\/li>\n<\/ol>\n<p><strong>Titre\u00a0: Th\u00e9orie du management <\/strong><\/p>\n<p><strong>Description\u00a0: L\u2019essentiel des concepts et pratiques de gestion<\/strong><\/p>\n<p><strong>Lien\u00a0: vbk:\/\/9781787643468\/page\/39<\/strong><\/p>\n<p><strong>\u00a0<\/strong><\/p>\n<ol start=\"19\">\n<li><strong> Politique g\u00e9n\u00e9rale de l\u2019entreprise<\/strong><\/li>\n<\/ol>\n<p><strong>Titre\u00a0: D\u00e9veloppement strat\u00e9gique<\/strong><\/p>\n<p><strong>Description\u00a0: Cet ouvrage est compil\u00e9 \u00e0 partir du livre \u00ab Strat\u00e9gique \u00bb qui est l\u2019adaptation fran\u00e7aise de la onzi\u00e8me \u00e9dition d\u2019Exploring Strategy, l\u2019ouvrage de management strat\u00e9gique le plus vendu en Europe. De son c\u00f4t\u00e9, Strat\u00e9gique est le manuel de strat\u00e9gie le plus utilis\u00e9 dans le monde francophone. Au total, plus d\u2019un million d\u2019exemplaires de l\u2019ouvrage ont \u00e9t\u00e9 diffus\u00e9s dans le monde depuis la premi\u00e8re \u00e9dition (1984). Pour autant, le champ de la strat\u00e9gie est en perp\u00e9tuelle \u00e9volution.<\/strong><\/p>\n<p><strong>Lien\u00a0: vbk:\/\/9781787644564\/page\/vii<\/strong><\/p>\n<p><strong>\u00a0<\/strong><\/p>\n<ol start=\"20\">\n<li><strong> Gestion financi\u00e8re <\/strong><\/li>\n<\/ol>\n<p><strong>Titre\u00a0: Finance et Management Strat\u00e9gique<\/strong><\/p>\n<p><strong>Description\u00a0: Cet ouvrage est compil\u00e9 \u00e0 partir du livre \u00ab Finance d\u2019entreprise \u00bb. Ce dernier est construit autour d\u2019un fil conducteur unique pour l\u2019ensemble des chapitres, car on apprend plus vite, et mieux, lorsque les choses sont pr\u00e9sent\u00e9es de mani\u00e8re unifi\u00e9e en insistant sur les principes fondamentaux plut\u00f4t qu\u2019en se perdant dans les d\u00e9tails et la complexit\u00e9 technique de tel ou tel produit. Ce fil conducteur, c\u2019est la Loi du prix unique (\u00e9galement appel\u00e9e \u00ab absence d\u2019opportunit\u00e9 d\u2019arbitrage \u00bb), qui signifie simplement que, \u00ab dans la vie, on n\u2019a rien sans rien \u00bb. Gr\u00e2ce \u00e0 cette approche unifi\u00e9e, il est possible de pr\u00e9senter en m\u00eame temps \u00e9l\u00e9ments th\u00e9oriques et empiriques, et de montrer en quoi la finance forme un tout coh\u00e9rent.<\/strong><\/p>\n<p><strong>\u00a0<\/strong><\/p>\n<p><strong>Lien\u00a0: vbk:\/\/9781839611506\/page\/vii<\/strong><\/p>\n<p><strong>\u00a0<\/strong><\/p>\n","protected":false},"excerpt":{"rendered":"<p>Registre Bibliographique \u00a0 Fran\u00e7ais Titre : Grammaire fran\u00e7aise\u00a0 &#8211; Description : Un ouvrage d\u00e9taillant les r\u00e8gles de grammaire du fran\u00e7ais, abordant les bases jusqu\u2019aux sujets plus avanc\u00e9s. \u00a0&#8211; Lien : https:\/\/ia601502.us.archive.org\/20\/items\/grammaire-francaise-pour-tous\/Grammaire%20fran%C3%A7aise%20pour%20tous_text.pdf M\u00e9thodologie Titre : Initiation \u00e0 la m\u00e9thodologie de la recherche scientifique &#8211; Description : Ce livre couvre les bases de la m\u00e9thodologie de la lire &hellip; <a href=\"https:\/\/unifa-edu.info\/contenu\/bibliotheque-3\/\">Continue reading <span class=\"meta-nav\">&rarr;<\/span><\/a><\/p>\n","protected":false},"author":3832,"featured_media":0,"parent":0,"menu_order":0,"comment_status":"closed","ping_status":"closed","template":"","meta":{"footnotes":""},"class_list":["post-23373","page","type-page","status-publish","hentry"],"yoast_head":"<!-- This site is optimized with the Yoast SEO plugin v27.3 - https:\/\/yoast.com\/product\/yoast-seo-wordpress\/ -->\n<title>Biblioth\u00e8que - Universit\u00e9 de la Fondation Dr Aristide<\/title>\n<meta name=\"robots\" content=\"index, follow, max-snippet:-1, max-image-preview:large, max-video-preview:-1\" \/>\n<link rel=\"canonical\" href=\"https:\/\/unifa-edu.info\/contenu\/bibliotheque-3\/\" \/>\n<meta property=\"og:locale\" content=\"fr_FR\" \/>\n<meta property=\"og:type\" content=\"article\" \/>\n<meta property=\"og:title\" content=\"Biblioth\u00e8que - Universit\u00e9 de la Fondation Dr Aristide\" \/>\n<meta property=\"og:description\" content=\"Registre Bibliographique \u00a0 Fran\u00e7ais Titre : Grammaire fran\u00e7aise\u00a0 &#8211; Description : Un ouvrage d\u00e9taillant les r\u00e8gles de grammaire du fran\u00e7ais, abordant les bases jusqu\u2019aux sujets plus avanc\u00e9s. \u00a0&#8211; Lien : https:\/\/ia601502.us.archive.org\/20\/items\/grammaire-francaise-pour-tous\/Grammaire%20fran%C3%A7aise%20pour%20tous_text.pdf M\u00e9thodologie Titre : Initiation \u00e0 la m\u00e9thodologie de la recherche scientifique &#8211; Description : Ce livre couvre les bases de la m\u00e9thodologie de la lire &hellip; Continue reading &rarr;\" \/>\n<meta property=\"og:url\" content=\"https:\/\/unifa-edu.info\/contenu\/bibliotheque-3\/\" \/>\n<meta property=\"og:site_name\" content=\"Universit\u00e9 de la Fondation Dr Aristide\" \/>\n<meta property=\"article:modified_time\" content=\"2025-09-30T19:16:15+00:00\" \/>\n<meta name=\"twitter:card\" content=\"summary_large_image\" \/>\n<meta name=\"twitter:label1\" content=\"Dur\u00e9e de lecture estim\u00e9e\" \/>\n\t<meta name=\"twitter:data1\" content=\"6 minutes\" \/>\n<script type=\"application\/ld+json\" class=\"yoast-schema-graph\">{\"@context\":\"https:\\\/\\\/schema.org\",\"@graph\":[{\"@type\":\"WebPage\",\"@id\":\"https:\\\/\\\/unifa-edu.info\\\/contenu\\\/bibliotheque-3\\\/\",\"url\":\"https:\\\/\\\/unifa-edu.info\\\/contenu\\\/bibliotheque-3\\\/\",\"name\":\"Biblioth\u00e8que - Universit\u00e9 de la Fondation Dr Aristide\",\"isPartOf\":{\"@id\":\"https:\\\/\\\/unifa-edu.info\\\/contenu\\\/#website\"},\"datePublished\":\"2025-07-28T18:09:59+00:00\",\"dateModified\":\"2025-09-30T19:16:15+00:00\",\"breadcrumb\":{\"@id\":\"https:\\\/\\\/unifa-edu.info\\\/contenu\\\/bibliotheque-3\\\/#breadcrumb\"},\"inLanguage\":\"fr-FR\",\"potentialAction\":[{\"@type\":\"ReadAction\",\"target\":[\"https:\\\/\\\/unifa-edu.info\\\/contenu\\\/bibliotheque-3\\\/\"]}]},{\"@type\":\"BreadcrumbList\",\"@id\":\"https:\\\/\\\/unifa-edu.info\\\/contenu\\\/bibliotheque-3\\\/#breadcrumb\",\"itemListElement\":[{\"@type\":\"ListItem\",\"position\":1,\"name\":\"Accueil\",\"item\":\"https:\\\/\\\/unifa-edu.info\\\/contenu\\\/\"},{\"@type\":\"ListItem\",\"position\":2,\"name\":\"Biblioth\u00e8que\"}]},{\"@type\":\"WebSite\",\"@id\":\"https:\\\/\\\/unifa-edu.info\\\/contenu\\\/#website\",\"url\":\"https:\\\/\\\/unifa-edu.info\\\/contenu\\\/\",\"name\":\"Universit\u00e9 de la Fondation Dr Aristide\",\"description\":\"\",\"potentialAction\":[{\"@type\":\"SearchAction\",\"target\":{\"@type\":\"EntryPoint\",\"urlTemplate\":\"https:\\\/\\\/unifa-edu.info\\\/contenu\\\/?s={search_term_string}\"},\"query-input\":{\"@type\":\"PropertyValueSpecification\",\"valueRequired\":true,\"valueName\":\"search_term_string\"}}],\"inLanguage\":\"fr-FR\"}]}<\/script>\n<!-- \/ Yoast SEO plugin. -->","yoast_head_json":{"title":"Biblioth\u00e8que - Universit\u00e9 de la Fondation Dr Aristide","robots":{"index":"index","follow":"follow","max-snippet":"max-snippet:-1","max-image-preview":"max-image-preview:large","max-video-preview":"max-video-preview:-1"},"canonical":"https:\/\/unifa-edu.info\/contenu\/bibliotheque-3\/","og_locale":"fr_FR","og_type":"article","og_title":"Biblioth\u00e8que - Universit\u00e9 de la Fondation Dr Aristide","og_description":"Registre Bibliographique \u00a0 Fran\u00e7ais Titre : Grammaire fran\u00e7aise\u00a0 &#8211; Description : Un ouvrage d\u00e9taillant les r\u00e8gles de grammaire du fran\u00e7ais, abordant les bases jusqu\u2019aux sujets plus avanc\u00e9s. \u00a0&#8211; Lien : https:\/\/ia601502.us.archive.org\/20\/items\/grammaire-francaise-pour-tous\/Grammaire%20fran%C3%A7aise%20pour%20tous_text.pdf M\u00e9thodologie Titre : Initiation \u00e0 la m\u00e9thodologie de la recherche scientifique &#8211; Description : Ce livre couvre les bases de la m\u00e9thodologie de la lire &hellip; Continue reading &rarr;","og_url":"https:\/\/unifa-edu.info\/contenu\/bibliotheque-3\/","og_site_name":"Universit\u00e9 de la Fondation Dr Aristide","article_modified_time":"2025-09-30T19:16:15+00:00","twitter_card":"summary_large_image","twitter_misc":{"Dur\u00e9e de lecture estim\u00e9e":"6 minutes"},"schema":{"@context":"https:\/\/schema.org","@graph":[{"@type":"WebPage","@id":"https:\/\/unifa-edu.info\/contenu\/bibliotheque-3\/","url":"https:\/\/unifa-edu.info\/contenu\/bibliotheque-3\/","name":"Biblioth\u00e8que - Universit\u00e9 de la Fondation Dr Aristide","isPartOf":{"@id":"https:\/\/unifa-edu.info\/contenu\/#website"},"datePublished":"2025-07-28T18:09:59+00:00","dateModified":"2025-09-30T19:16:15+00:00","breadcrumb":{"@id":"https:\/\/unifa-edu.info\/contenu\/bibliotheque-3\/#breadcrumb"},"inLanguage":"fr-FR","potentialAction":[{"@type":"ReadAction","target":["https:\/\/unifa-edu.info\/contenu\/bibliotheque-3\/"]}]},{"@type":"BreadcrumbList","@id":"https:\/\/unifa-edu.info\/contenu\/bibliotheque-3\/#breadcrumb","itemListElement":[{"@type":"ListItem","position":1,"name":"Accueil","item":"https:\/\/unifa-edu.info\/contenu\/"},{"@type":"ListItem","position":2,"name":"Biblioth\u00e8que"}]},{"@type":"WebSite","@id":"https:\/\/unifa-edu.info\/contenu\/#website","url":"https:\/\/unifa-edu.info\/contenu\/","name":"Universit\u00e9 de la Fondation Dr Aristide","description":"","potentialAction":[{"@type":"SearchAction","target":{"@type":"EntryPoint","urlTemplate":"https:\/\/unifa-edu.info\/contenu\/?s={search_term_string}"},"query-input":{"@type":"PropertyValueSpecification","valueRequired":true,"valueName":"search_term_string"}}],"inLanguage":"fr-FR"}]}},"_links":{"self":[{"href":"https:\/\/unifa-edu.info\/contenu\/wp-json\/wp\/v2\/pages\/23373","targetHints":{"allow":["GET"]}}],"collection":[{"href":"https:\/\/unifa-edu.info\/contenu\/wp-json\/wp\/v2\/pages"}],"about":[{"href":"https:\/\/unifa-edu.info\/contenu\/wp-json\/wp\/v2\/types\/page"}],"author":[{"embeddable":true,"href":"https:\/\/unifa-edu.info\/contenu\/wp-json\/wp\/v2\/users\/3832"}],"replies":[{"embeddable":true,"href":"https:\/\/unifa-edu.info\/contenu\/wp-json\/wp\/v2\/comments?post=23373"}],"version-history":[{"count":6,"href":"https:\/\/unifa-edu.info\/contenu\/wp-json\/wp\/v2\/pages\/23373\/revisions"}],"predecessor-version":[{"id":25197,"href":"https:\/\/unifa-edu.info\/contenu\/wp-json\/wp\/v2\/pages\/23373\/revisions\/25197"}],"wp:attachment":[{"href":"https:\/\/unifa-edu.info\/contenu\/wp-json\/wp\/v2\/media?parent=23373"}],"curies":[{"name":"wp","href":"https:\/\/api.w.org\/{rel}","templated":true}]}}