{"id":27,"date":"2019-07-30T20:05:32","date_gmt":"2019-07-31T00:05:32","guid":{"rendered":"http:\/\/unifa.edu.ht\/pages\/?page_id=27"},"modified":"2025-02-09T21:28:17","modified_gmt":"2025-02-10T02:28:17","slug":"facultes-et-ecoles","status":"publish","type":"page","link":"https:\/\/unifa-edu.info\/contenu\/facultes-et-ecoles\/","title":{"rendered":"Facult\u00e9s"},"content":{"rendered":"<div style=\"text-align: justify;\">\n<ul>\n<li><strong>Facult\u00e9 de M\u00e9decine<\/strong><br \/>\nLa Facult\u00e9 de M\u00e9decine (FM) de l\u2019Universit\u00e9 de la Fondation Dr Aristide (UNIFA) vise \u00e0 former des M\u00e9decins pouvant contribuer \u00e0 l\u2019offre de soins de qualit\u00e9 \u00e0 la population ha\u00eftienne.<\/li>\n<li><strong>Facult\u00e9 d&#8217;Odontologie<\/strong><br \/>\nL\u2019UNIFA, dans le cadre de sa Facult\u00e9 de M\u00e9decine et des Sciences de la Sant\u00e9, offre l\u2019acc\u00e8s \u00e0 un Doctorat en M\u00e9decine Dentaire par le biais d\u2019un curriculum s\u2019\u00e9talant sur une p\u00e9riode de six (6) ann\u00e9es.<\/li>\n<li><strong>Facult\u00e9 des Sciences Juridiques et Politiques<\/strong><br \/>\nLa Facult\u00e9 des Sciences\u00a0 Juridiques et Politiques offre un programme de quatre ann\u00e9es divis\u00e9es en huit sessions, comportant au moins 48 cours, \u00e0 raison d\u2019un minimum de six cours par session; chaque cours de 45 heures comporte trois cr\u00e9dits. Les 48 cours r\u00e9ussis et la soutenance d\u2019un m\u00e9moire de fin d\u2019\u00e9tudes donnent acc\u00e8s au grade de licenci\u00e9 en droit.<!--more--><\/li>\n<li><strong>Facult\u00e9 de G\u00e9nie et d&#8217;Architecture<\/strong><br \/>\nLa Facult\u00e9 de G\u00e9nie et d\u2019Architecture a \u00e9t\u00e9 cr\u00e9\u00e9e en vue d&#8217;aider au d\u00e9veloppement harmonieux du territoire agr\u00e9ment\u00e9 d\u2019une architecture durable et valorisant le patrimoine.<\/li>\n<li><strong>Facult\u00e9 des Sciences Infirmi\u00e8res<\/strong><br \/>\nLa Facult\u00e9 des Sciences Infirmi\u00e8res (FSI) a pour mission de fournir aux jeunes une \u00e9ducation sans exclusion pour leur permettre de devenir des Infirmi\u00e8res et Infirmiers capable de fournir des soins de qualit\u00e9 \u00e0 la population.<\/li>\n<li><strong>Facult\u00e9 des Sciences \u00c9conomiques et Administratives<\/strong><br \/>\nLa Facult\u00e9 des Sciences \u00c9conomiques et Administratives (FSEA) a pour mission de former le capital humain \u00e0 diff\u00e9rents niveaux en offrant une formation solide et de qualit\u00e9 aux \u00e9tudiants ou aux professionnels souhaitant avoir un dipl\u00f4me de premier, deuxi\u00e8me, troisi\u00e8me cycle ou un certificat dans les domaines de la Gestion, des Sciences Comptables, de l\u2019Economie, de la Finance et de l\u2019Administration Publique.<\/li>\n<li><strong>Facult\u00e9 de Pharmacie et des Sciences\u00a0 Biom\u00e9dicales<\/strong><\/li>\n<li><strong>Facult\u00e9 d&#8217;\u00c9ducation Permanente<\/strong><\/li>\n<li><strong>Facult\u00e9 des Sciences de R\u00e9habilitation <\/strong><br \/>\nApr\u00e8s le tremblement de terre d\u00e9vastateur de 2010, l\u2019UNIFA, voulant apporter une r\u00e9ponse au criant besoin des milliers de victimes, et particuli\u00e8rement des handicap\u00e9s, d\u00e9cide d\u2019ouvrir une \u00c9cole de Physioth\u00e9rapie (EPHY). En Octobre 2014, l\u2019UNIFA accueille les premiers \u00e9tudiants.<\/li>\n<li><strong>Facult\u00e9 des Sciences de la Nature et de l&#8217;Agriculture\u00a0<\/strong><\/li>\n<\/ul>\n<\/div>\n","protected":false},"excerpt":{"rendered":"<p>Facult\u00e9 de M\u00e9decine La Facult\u00e9 de M\u00e9decine (FM) de l\u2019Universit\u00e9 de la Fondation Dr Aristide (UNIFA) vise \u00e0 former des M\u00e9decins pouvant contribuer \u00e0 l\u2019offre de soins de qualit\u00e9 \u00e0 la population ha\u00eftienne. Facult\u00e9 d&#8217;Odontologie L\u2019UNIFA, dans le cadre de sa Facult\u00e9 de M\u00e9decine et des Sciences de la Sant\u00e9, offre l\u2019acc\u00e8s \u00e0 un Doctorat lire &hellip; <a href=\"https:\/\/unifa-edu.info\/contenu\/facultes-et-ecoles\/\">Continue reading <span class=\"meta-nav\">&rarr;<\/span><\/a><\/p>\n","protected":false},"author":3831,"featured_media":0,"parent":0,"menu_order":3,"comment_status":"closed","ping_status":"closed","template":"template-sidebar-right.php","meta":{"footnotes":""},"class_list":["post-27","page","type-page","status-publish","hentry"],"yoast_head":"<!-- This site is optimized with the Yoast SEO plugin v27.5 - https:\/\/yoast.com\/product\/yoast-seo-wordpress\/ -->\n<title>Facult\u00e9s - Universit\u00e9 de la Fondation Dr Aristide<\/title>\n<meta name=\"robots\" content=\"index, follow, max-snippet:-1, max-image-preview:large, max-video-preview:-1\" \/>\n<link rel=\"canonical\" href=\"https:\/\/unifa-edu.info\/contenu\/facultes-et-ecoles\/\" \/>\n<meta property=\"og:locale\" content=\"fr_FR\" \/>\n<meta property=\"og:type\" content=\"article\" \/>\n<meta property=\"og:title\" content=\"Facult\u00e9s - Universit\u00e9 de la Fondation Dr Aristide\" \/>\n<meta property=\"og:description\" content=\"Facult\u00e9 de M\u00e9decine La Facult\u00e9 de M\u00e9decine (FM) de l\u2019Universit\u00e9 de la Fondation Dr Aristide (UNIFA) vise \u00e0 former des M\u00e9decins pouvant contribuer \u00e0 l\u2019offre de soins de qualit\u00e9 \u00e0 la population ha\u00eftienne. Facult\u00e9 d&#8217;Odontologie L\u2019UNIFA, dans le cadre de sa Facult\u00e9 de M\u00e9decine et des Sciences de la Sant\u00e9, offre l\u2019acc\u00e8s \u00e0 un Doctorat lire &hellip; Continue reading &rarr;\" \/>\n<meta property=\"og:url\" content=\"https:\/\/unifa-edu.info\/contenu\/facultes-et-ecoles\/\" \/>\n<meta property=\"og:site_name\" content=\"Universit\u00e9 de la Fondation Dr Aristide\" \/>\n<meta property=\"article:modified_time\" content=\"2025-02-10T02:28:17+00:00\" \/>\n<meta name=\"twitter:card\" content=\"summary_large_image\" \/>\n<meta name=\"twitter:label1\" content=\"Dur\u00e9e de lecture estim\u00e9e\" \/>\n\t<meta name=\"twitter:data1\" content=\"2 minutes\" \/>\n<script type=\"application\/ld+json\" class=\"yoast-schema-graph\">{\"@context\":\"https:\\\/\\\/schema.org\",\"@graph\":[{\"@type\":\"WebPage\",\"@id\":\"https:\\\/\\\/unifa-edu.info\\\/contenu\\\/facultes-et-ecoles\\\/\",\"url\":\"https:\\\/\\\/unifa-edu.info\\\/contenu\\\/facultes-et-ecoles\\\/\",\"name\":\"Facult\u00e9s - Universit\u00e9 de la Fondation Dr Aristide\",\"isPartOf\":{\"@id\":\"https:\\\/\\\/unifa-edu.info\\\/contenu\\\/#website\"},\"datePublished\":\"2019-07-31T00:05:32+00:00\",\"dateModified\":\"2025-02-10T02:28:17+00:00\",\"breadcrumb\":{\"@id\":\"https:\\\/\\\/unifa-edu.info\\\/contenu\\\/facultes-et-ecoles\\\/#breadcrumb\"},\"inLanguage\":\"fr-FR\",\"potentialAction\":[{\"@type\":\"ReadAction\",\"target\":[\"https:\\\/\\\/unifa-edu.info\\\/contenu\\\/facultes-et-ecoles\\\/\"]}]},{\"@type\":\"BreadcrumbList\",\"@id\":\"https:\\\/\\\/unifa-edu.info\\\/contenu\\\/facultes-et-ecoles\\\/#breadcrumb\",\"itemListElement\":[{\"@type\":\"ListItem\",\"position\":1,\"name\":\"Accueil\",\"item\":\"https:\\\/\\\/unifa-edu.info\\\/contenu\\\/\"},{\"@type\":\"ListItem\",\"position\":2,\"name\":\"Facult\u00e9s\"}]},{\"@type\":\"WebSite\",\"@id\":\"https:\\\/\\\/unifa-edu.info\\\/contenu\\\/#website\",\"url\":\"https:\\\/\\\/unifa-edu.info\\\/contenu\\\/\",\"name\":\"Universit\u00e9 de la Fondation Dr Aristide\",\"description\":\"\",\"potentialAction\":[{\"@type\":\"SearchAction\",\"target\":{\"@type\":\"EntryPoint\",\"urlTemplate\":\"https:\\\/\\\/unifa-edu.info\\\/contenu\\\/?s={search_term_string}\"},\"query-input\":{\"@type\":\"PropertyValueSpecification\",\"valueRequired\":true,\"valueName\":\"search_term_string\"}}],\"inLanguage\":\"fr-FR\"}]}<\/script>\n<!-- \/ Yoast SEO plugin. -->","yoast_head_json":{"title":"Facult\u00e9s - Universit\u00e9 de la Fondation Dr Aristide","robots":{"index":"index","follow":"follow","max-snippet":"max-snippet:-1","max-image-preview":"max-image-preview:large","max-video-preview":"max-video-preview:-1"},"canonical":"https:\/\/unifa-edu.info\/contenu\/facultes-et-ecoles\/","og_locale":"fr_FR","og_type":"article","og_title":"Facult\u00e9s - Universit\u00e9 de la Fondation Dr Aristide","og_description":"Facult\u00e9 de M\u00e9decine La Facult\u00e9 de M\u00e9decine (FM) de l\u2019Universit\u00e9 de la Fondation Dr Aristide (UNIFA) vise \u00e0 former des M\u00e9decins pouvant contribuer \u00e0 l\u2019offre de soins de qualit\u00e9 \u00e0 la population ha\u00eftienne. Facult\u00e9 d&#8217;Odontologie L\u2019UNIFA, dans le cadre de sa Facult\u00e9 de M\u00e9decine et des Sciences de la Sant\u00e9, offre l\u2019acc\u00e8s \u00e0 un Doctorat lire &hellip; Continue reading &rarr;","og_url":"https:\/\/unifa-edu.info\/contenu\/facultes-et-ecoles\/","og_site_name":"Universit\u00e9 de la Fondation Dr Aristide","article_modified_time":"2025-02-10T02:28:17+00:00","twitter_card":"summary_large_image","twitter_misc":{"Dur\u00e9e de lecture estim\u00e9e":"2 minutes"},"schema":{"@context":"https:\/\/schema.org","@graph":[{"@type":"WebPage","@id":"https:\/\/unifa-edu.info\/contenu\/facultes-et-ecoles\/","url":"https:\/\/unifa-edu.info\/contenu\/facultes-et-ecoles\/","name":"Facult\u00e9s - Universit\u00e9 de la Fondation Dr Aristide","isPartOf":{"@id":"https:\/\/unifa-edu.info\/contenu\/#website"},"datePublished":"2019-07-31T00:05:32+00:00","dateModified":"2025-02-10T02:28:17+00:00","breadcrumb":{"@id":"https:\/\/unifa-edu.info\/contenu\/facultes-et-ecoles\/#breadcrumb"},"inLanguage":"fr-FR","potentialAction":[{"@type":"ReadAction","target":["https:\/\/unifa-edu.info\/contenu\/facultes-et-ecoles\/"]}]},{"@type":"BreadcrumbList","@id":"https:\/\/unifa-edu.info\/contenu\/facultes-et-ecoles\/#breadcrumb","itemListElement":[{"@type":"ListItem","position":1,"name":"Accueil","item":"https:\/\/unifa-edu.info\/contenu\/"},{"@type":"ListItem","position":2,"name":"Facult\u00e9s"}]},{"@type":"WebSite","@id":"https:\/\/unifa-edu.info\/contenu\/#website","url":"https:\/\/unifa-edu.info\/contenu\/","name":"Universit\u00e9 de la Fondation Dr Aristide","description":"","potentialAction":[{"@type":"SearchAction","target":{"@type":"EntryPoint","urlTemplate":"https:\/\/unifa-edu.info\/contenu\/?s={search_term_string}"},"query-input":{"@type":"PropertyValueSpecification","valueRequired":true,"valueName":"search_term_string"}}],"inLanguage":"fr-FR"}]}},"_links":{"self":[{"href":"https:\/\/unifa-edu.info\/contenu\/wp-json\/wp\/v2\/pages\/27","targetHints":{"allow":["GET"]}}],"collection":[{"href":"https:\/\/unifa-edu.info\/contenu\/wp-json\/wp\/v2\/pages"}],"about":[{"href":"https:\/\/unifa-edu.info\/contenu\/wp-json\/wp\/v2\/types\/page"}],"author":[{"embeddable":true,"href":"https:\/\/unifa-edu.info\/contenu\/wp-json\/wp\/v2\/users\/3831"}],"replies":[{"embeddable":true,"href":"https:\/\/unifa-edu.info\/contenu\/wp-json\/wp\/v2\/comments?post=27"}],"version-history":[{"count":16,"href":"https:\/\/unifa-edu.info\/contenu\/wp-json\/wp\/v2\/pages\/27\/revisions"}],"predecessor-version":[{"id":22171,"href":"https:\/\/unifa-edu.info\/contenu\/wp-json\/wp\/v2\/pages\/27\/revisions\/22171"}],"wp:attachment":[{"href":"https:\/\/unifa-edu.info\/contenu\/wp-json\/wp\/v2\/media?parent=27"}],"curies":[{"name":"wp","href":"https:\/\/api.w.org\/{rel}","templated":true}]}}