{"id":4075,"date":"2022-04-28T10:36:48","date_gmt":"2022-04-28T14:36:48","guid":{"rendered":"https:\/\/unifa-edu.info\/contenu\/?page_id=4075"},"modified":"2023-06-18T19:50:09","modified_gmt":"2023-06-18T23:50:09","slug":"logo","status":"publish","type":"page","link":"https:\/\/unifa-edu.info\/contenu\/logo\/","title":{"rendered":"Le Logo de l&#8217;UNIFA"},"content":{"rendered":"<p><img fetchpriority=\"high\" decoding=\"async\" class=\"aligncenter \" src=\"https:\/\/unifa-edu.info\/contenu\/wp-content\/uploads\/2021\/07\/logo-circle.png\" width=\"430\" height=\"430\" \/><\/p>\n<p style=\"text-align: center;\">L\u2019Universit\u00e9 de la Fondation Dr Aristide (UNIFA) dans sa qu\u00eate de l\u2019excellence,<br \/>\nexplore les horizons d\u2019un lendemain meilleur pour la jeunesse ha\u00eftienne sans aucune exclusion.<\/p>\n<h2 style=\"text-align: center;\">Hymne \u00e0 l&#8217;\u00c9ducation<\/h2>\n<hr \/>\n<p style=\"text-align: center; font-size: 15px;\"><strong>Parole et Musique:<\/strong><br \/>\nDr. Jean-Bertrand Aristide<\/p>\n<p><strong>Refrain<\/strong><\/p>\n<p><span style=\"color: #800000;\">UNIFA, notre Alma Mater, notre Amour,<\/span><br \/>\n<span style=\"color: #800000;\">Que la joie du savoir p\u00e9tille dans tes yeux!<\/span><br \/>\n<span style=\"color: #800000;\">Que l&#8217;amour innerve le coeur de tes Jeunes!<\/span><br \/>\n<span style=\"color: #800000;\">UNIFA, toi qui aimes le parfum de nos r\u00eaves,<br \/>\nIllumine nos pas sur la route du Bonheur.<\/span><\/p>\n<p style=\"padding-left: 40px;\"><span class=\"drop-cap\">Q<\/span>uand flottent le drapeau de nos anc\u00eatres<br \/>\nEt le bicolore bleu-blanc de notre Universit\u00e9,<br \/>\nOh! Marchos unis vers la nouvelle Ha\u00efti.<br \/>\nL&#8217;Ha\u00efti o\u00f9 r\u00e8gne l&#8217;\u00e9ducation sans exclusion.<\/p>\n<p>[Refrain]<\/p>\n<p style=\"padding-left: 40px;\"><span class=\"drop-cap\">Q<\/span>uand le feu du savoir scientifique s&#8217;allume<br \/>\nDans l&#8217;\u00e2tre de notre communaut\u00e8 universitaire,<br \/>\nOh! Proclamons \u00e0 l&#8217;unisson: Oui \u00e0 la science,<br \/>\nNon! Non! au virus de la colonisation mentale!<\/p>\n<p>[Refrain]<\/p>\n<p style=\"padding-left: 40px;\"><span class=\"drop-cap\">Q<\/span>uand s&#8217;embrassent \u00e9ducation et libert\u00e9,<br \/>\nL\u00e0 o\u00f9 s&#8217;entrelacent justice et fraternit\u00e9,<br \/>\nOh! soyons tous amoureux de la Dignit\u00e9:<br \/>\nSi n pa sove diyite n, Diyite n ap sove kite n.<\/p>\n<p>[Refrain]<\/p>\n<p><iframe src=\"https:\/\/www.youtube.com\/embed\/g32MhMaXQhg?rel=0\" width=\"100%\" height=\"250\" frameborder=\"0\" allowfullscreen=\"allowfullscreen\"><\/iframe><\/p>\n","protected":false},"excerpt":{"rendered":"<p>L\u2019Universit\u00e9 de la Fondation Dr Aristide (UNIFA) dans sa qu\u00eate de l\u2019excellence, explore les horizons d\u2019un lendemain meilleur pour la jeunesse ha\u00eftienne sans aucune exclusion. Hymne \u00e0 l&#8217;\u00c9ducation Parole et Musique: Dr. Jean-Bertrand Aristide Refrain UNIFA, notre Alma Mater, notre Amour, Que la joie du savoir p\u00e9tille dans tes yeux! Que l&#8217;amour innerve le coeur lire &hellip; <a href=\"https:\/\/unifa-edu.info\/contenu\/logo\/\">Continue reading <span class=\"meta-nav\">&rarr;<\/span><\/a><\/p>\n","protected":false},"author":3831,"featured_media":0,"parent":0,"menu_order":0,"comment_status":"closed","ping_status":"closed","template":"template-sidebar-right.php","meta":{"footnotes":""},"class_list":["post-4075","page","type-page","status-publish","hentry"],"yoast_head":"<!-- This site is optimized with the Yoast SEO plugin v27.4 - https:\/\/yoast.com\/product\/yoast-seo-wordpress\/ -->\n<title>Le Logo de l&#039;UNIFA - Universit\u00e9 de la Fondation Dr Aristide<\/title>\n<meta name=\"robots\" content=\"index, follow, max-snippet:-1, max-image-preview:large, max-video-preview:-1\" \/>\n<link rel=\"canonical\" href=\"https:\/\/unifa-edu.info\/contenu\/logo\/\" \/>\n<meta property=\"og:locale\" content=\"fr_FR\" \/>\n<meta property=\"og:type\" content=\"article\" \/>\n<meta property=\"og:title\" content=\"Le Logo de l&#039;UNIFA - Universit\u00e9 de la Fondation Dr Aristide\" \/>\n<meta property=\"og:description\" content=\"L\u2019Universit\u00e9 de la Fondation Dr Aristide (UNIFA) dans sa qu\u00eate de l\u2019excellence, explore les horizons d\u2019un lendemain meilleur pour la jeunesse ha\u00eftienne sans aucune exclusion. Hymne \u00e0 l&#8217;\u00c9ducation Parole et Musique: Dr. Jean-Bertrand Aristide Refrain UNIFA, notre Alma Mater, notre Amour, Que la joie du savoir p\u00e9tille dans tes yeux! Que l&#8217;amour innerve le coeur lire &hellip; Continue reading &rarr;\" \/>\n<meta property=\"og:url\" content=\"https:\/\/unifa-edu.info\/contenu\/logo\/\" \/>\n<meta property=\"og:site_name\" content=\"Universit\u00e9 de la Fondation Dr Aristide\" \/>\n<meta property=\"article:modified_time\" content=\"2023-06-18T23:50:09+00:00\" \/>\n<meta property=\"og:image\" content=\"https:\/\/unifa-edu.info\/contenu\/wp-content\/uploads\/2021\/07\/logo-circle.png\" \/>\n<meta name=\"twitter:card\" content=\"summary_large_image\" \/>\n<meta name=\"twitter:label1\" content=\"Dur\u00e9e de lecture estim\u00e9e\" \/>\n\t<meta name=\"twitter:data1\" content=\"2 minutes\" \/>\n<script type=\"application\/ld+json\" class=\"yoast-schema-graph\">{\"@context\":\"https:\\\/\\\/schema.org\",\"@graph\":[{\"@type\":\"WebPage\",\"@id\":\"https:\\\/\\\/unifa-edu.info\\\/contenu\\\/logo\\\/\",\"url\":\"https:\\\/\\\/unifa-edu.info\\\/contenu\\\/logo\\\/\",\"name\":\"Le Logo de l'UNIFA - Universit\u00e9 de la Fondation Dr Aristide\",\"isPartOf\":{\"@id\":\"https:\\\/\\\/unifa-edu.info\\\/contenu\\\/#website\"},\"primaryImageOfPage\":{\"@id\":\"https:\\\/\\\/unifa-edu.info\\\/contenu\\\/logo\\\/#primaryimage\"},\"image\":{\"@id\":\"https:\\\/\\\/unifa-edu.info\\\/contenu\\\/logo\\\/#primaryimage\"},\"thumbnailUrl\":\"https:\\\/\\\/unifa-edu.info\\\/contenu\\\/wp-content\\\/uploads\\\/2021\\\/07\\\/logo-circle.png\",\"datePublished\":\"2022-04-28T14:36:48+00:00\",\"dateModified\":\"2023-06-18T23:50:09+00:00\",\"breadcrumb\":{\"@id\":\"https:\\\/\\\/unifa-edu.info\\\/contenu\\\/logo\\\/#breadcrumb\"},\"inLanguage\":\"fr-FR\",\"potentialAction\":[{\"@type\":\"ReadAction\",\"target\":[\"https:\\\/\\\/unifa-edu.info\\\/contenu\\\/logo\\\/\"]}]},{\"@type\":\"ImageObject\",\"inLanguage\":\"fr-FR\",\"@id\":\"https:\\\/\\\/unifa-edu.info\\\/contenu\\\/logo\\\/#primaryimage\",\"url\":\"https:\\\/\\\/unifa-edu.info\\\/contenu\\\/wp-content\\\/uploads\\\/2021\\\/07\\\/logo-circle.png\",\"contentUrl\":\"https:\\\/\\\/unifa-edu.info\\\/contenu\\\/wp-content\\\/uploads\\\/2021\\\/07\\\/logo-circle.png\",\"width\":546,\"height\":546},{\"@type\":\"BreadcrumbList\",\"@id\":\"https:\\\/\\\/unifa-edu.info\\\/contenu\\\/logo\\\/#breadcrumb\",\"itemListElement\":[{\"@type\":\"ListItem\",\"position\":1,\"name\":\"Accueil\",\"item\":\"https:\\\/\\\/unifa-edu.info\\\/contenu\\\/\"},{\"@type\":\"ListItem\",\"position\":2,\"name\":\"Le Logo de l&#8217;UNIFA\"}]},{\"@type\":\"WebSite\",\"@id\":\"https:\\\/\\\/unifa-edu.info\\\/contenu\\\/#website\",\"url\":\"https:\\\/\\\/unifa-edu.info\\\/contenu\\\/\",\"name\":\"Universit\u00e9 de la Fondation Dr Aristide\",\"description\":\"\",\"potentialAction\":[{\"@type\":\"SearchAction\",\"target\":{\"@type\":\"EntryPoint\",\"urlTemplate\":\"https:\\\/\\\/unifa-edu.info\\\/contenu\\\/?s={search_term_string}\"},\"query-input\":{\"@type\":\"PropertyValueSpecification\",\"valueRequired\":true,\"valueName\":\"search_term_string\"}}],\"inLanguage\":\"fr-FR\"}]}<\/script>\n<!-- \/ Yoast SEO plugin. -->","yoast_head_json":{"title":"Le Logo de l'UNIFA - Universit\u00e9 de la Fondation Dr Aristide","robots":{"index":"index","follow":"follow","max-snippet":"max-snippet:-1","max-image-preview":"max-image-preview:large","max-video-preview":"max-video-preview:-1"},"canonical":"https:\/\/unifa-edu.info\/contenu\/logo\/","og_locale":"fr_FR","og_type":"article","og_title":"Le Logo de l'UNIFA - Universit\u00e9 de la Fondation Dr Aristide","og_description":"L\u2019Universit\u00e9 de la Fondation Dr Aristide (UNIFA) dans sa qu\u00eate de l\u2019excellence, explore les horizons d\u2019un lendemain meilleur pour la jeunesse ha\u00eftienne sans aucune exclusion. Hymne \u00e0 l&#8217;\u00c9ducation Parole et Musique: Dr. Jean-Bertrand Aristide Refrain UNIFA, notre Alma Mater, notre Amour, Que la joie du savoir p\u00e9tille dans tes yeux! Que l&#8217;amour innerve le coeur lire &hellip; Continue reading &rarr;","og_url":"https:\/\/unifa-edu.info\/contenu\/logo\/","og_site_name":"Universit\u00e9 de la Fondation Dr Aristide","article_modified_time":"2023-06-18T23:50:09+00:00","og_image":[{"url":"https:\/\/unifa-edu.info\/contenu\/wp-content\/uploads\/2021\/07\/logo-circle.png","type":"","width":"","height":""}],"twitter_card":"summary_large_image","twitter_misc":{"Dur\u00e9e de lecture estim\u00e9e":"2 minutes"},"schema":{"@context":"https:\/\/schema.org","@graph":[{"@type":"WebPage","@id":"https:\/\/unifa-edu.info\/contenu\/logo\/","url":"https:\/\/unifa-edu.info\/contenu\/logo\/","name":"Le Logo de l'UNIFA - Universit\u00e9 de la Fondation Dr Aristide","isPartOf":{"@id":"https:\/\/unifa-edu.info\/contenu\/#website"},"primaryImageOfPage":{"@id":"https:\/\/unifa-edu.info\/contenu\/logo\/#primaryimage"},"image":{"@id":"https:\/\/unifa-edu.info\/contenu\/logo\/#primaryimage"},"thumbnailUrl":"https:\/\/unifa-edu.info\/contenu\/wp-content\/uploads\/2021\/07\/logo-circle.png","datePublished":"2022-04-28T14:36:48+00:00","dateModified":"2023-06-18T23:50:09+00:00","breadcrumb":{"@id":"https:\/\/unifa-edu.info\/contenu\/logo\/#breadcrumb"},"inLanguage":"fr-FR","potentialAction":[{"@type":"ReadAction","target":["https:\/\/unifa-edu.info\/contenu\/logo\/"]}]},{"@type":"ImageObject","inLanguage":"fr-FR","@id":"https:\/\/unifa-edu.info\/contenu\/logo\/#primaryimage","url":"https:\/\/unifa-edu.info\/contenu\/wp-content\/uploads\/2021\/07\/logo-circle.png","contentUrl":"https:\/\/unifa-edu.info\/contenu\/wp-content\/uploads\/2021\/07\/logo-circle.png","width":546,"height":546},{"@type":"BreadcrumbList","@id":"https:\/\/unifa-edu.info\/contenu\/logo\/#breadcrumb","itemListElement":[{"@type":"ListItem","position":1,"name":"Accueil","item":"https:\/\/unifa-edu.info\/contenu\/"},{"@type":"ListItem","position":2,"name":"Le Logo de l&#8217;UNIFA"}]},{"@type":"WebSite","@id":"https:\/\/unifa-edu.info\/contenu\/#website","url":"https:\/\/unifa-edu.info\/contenu\/","name":"Universit\u00e9 de la Fondation Dr Aristide","description":"","potentialAction":[{"@type":"SearchAction","target":{"@type":"EntryPoint","urlTemplate":"https:\/\/unifa-edu.info\/contenu\/?s={search_term_string}"},"query-input":{"@type":"PropertyValueSpecification","valueRequired":true,"valueName":"search_term_string"}}],"inLanguage":"fr-FR"}]}},"_links":{"self":[{"href":"https:\/\/unifa-edu.info\/contenu\/wp-json\/wp\/v2\/pages\/4075","targetHints":{"allow":["GET"]}}],"collection":[{"href":"https:\/\/unifa-edu.info\/contenu\/wp-json\/wp\/v2\/pages"}],"about":[{"href":"https:\/\/unifa-edu.info\/contenu\/wp-json\/wp\/v2\/types\/page"}],"author":[{"embeddable":true,"href":"https:\/\/unifa-edu.info\/contenu\/wp-json\/wp\/v2\/users\/3831"}],"replies":[{"embeddable":true,"href":"https:\/\/unifa-edu.info\/contenu\/wp-json\/wp\/v2\/comments?post=4075"}],"version-history":[{"count":23,"href":"https:\/\/unifa-edu.info\/contenu\/wp-json\/wp\/v2\/pages\/4075\/revisions"}],"predecessor-version":[{"id":19257,"href":"https:\/\/unifa-edu.info\/contenu\/wp-json\/wp\/v2\/pages\/4075\/revisions\/19257"}],"wp:attachment":[{"href":"https:\/\/unifa-edu.info\/contenu\/wp-json\/wp\/v2\/media?parent=4075"}],"curies":[{"name":"wp","href":"https:\/\/api.w.org\/{rel}","templated":true}]}}